{"id":731591,"date":"2025-08-27T21:34:34","date_gmt":"2025-08-27T18:34:34","guid":{"rendered":"https:\/\/roveyayinevi.com.tr\/index.php\/urun\/levelup-7-matematik-sudoku\/"},"modified":"2025-12-30T10:40:45","modified_gmt":"2025-12-30T07:40:45","slug":"levelup-7-matematik-sudoku","status":"publish","type":"product","link":"https:\/\/roveyayinevi.com.tr\/index.php\/urun\/levelup-7-matematik-sudoku\/","title":{"rendered":"LevelUp! 7 &#8211; Matematik Sudoku"},"content":{"rendered":"<p>Dikkat At\u00f6lyesi Yay\u0131nlar\u0131 Level Up! 7 &#8211; Matematik Sudoku Sudokuya benzeyen Kendoku sudokudan sonra d\u00fcnya \u00e7ap\u0131nda en \u00e7ok yay\u0131lan ve her g\u00fcn oynayabilece\u011fimiz en pop\u00fcler bellek, mant\u0131k ve matematik oyunlar\u0131ndan biridir. \u00c7ocuklarda ve yeti\u015fkinlerde t\u0131pk\u0131 fiziksel egzersiz gibi beyin egzersizi sa\u011flar. Kendoku, sudoku gibi bulmaca \u00e7\u00f6zme s\u00fcreci boyunca beyni harekete ge\u00e7iren bir oyun oldu\u011fundan \u00e7ocuklarda ve yeti\u015fkinlerde temel matematik becerilerini (toplama, \u00e7\u0131karma, \u00e7arpma ve b\u00f6lme) geli\u015ftirerek beyne daha h\u0131zl\u0131 d\u00fc\u015f\u00fcnmeyi \u00f6\u011fretmeye yard\u0131mc\u0131 olur. Ne kadar \u00e7ok oynarsan\u0131z d\u00fc\u015f\u00fcnme ve problem \u00e7\u00f6zme becerileriniz o kadar h\u0131zl\u0131 olur. 4&#215;4 manyetik kendoku d\u00f6rt i\u015flem oyunu kolay, orta ve zor seviyelerden olu\u015fur. Kutu \u0130\u00e7eri\u011fi: 1 adet manyetik oyun tablas\u0131, 20 adet \u00e7ift tarafl\u0131 4&#215;4 oyun kart\u0131, 16 adet manyetik oyun pulu, 1 adet oyun kitap\u00e7\u0131\u011f\u0131. Ya\u015f Grubu:7+ Ya\u015f<\/p>\n","protected":false},"excerpt":{"rendered":"<p>Dikkat At\u00f6lyesi Yay\u0131nlar\u0131 Level Up! 7 &#8211; Matematik Sudoku Sudokuya benzeyen Kendoku sudokudan sonra d\u00fcnya \u00e7ap\u0131nda en \u00e7ok yay\u0131lan ve her g\u00fcn oynayabilece\u011fimiz en pop\u00fcler bellek,<span class=\"excerpt-hellip\"> [\u2026]<\/span><\/p>\n","protected":false},"featured_media":0,"template":"","meta":{"_monsterinsights_skip_tracking":false,"_monsterinsights_sitenote_active":false,"_monsterinsights_sitenote_note":"","_monsterinsights_sitenote_category":0},"product_brand":[],"product_cat":[12492,12274],"product_tag":[],"class_list":{"0":"post-731591","1":"product","2":"type-product","3":"status-publish","5":"product_cat-bilmece-bulmaca","6":"product_cat-cocuk-ve-genclik-kitaplari","7":"pa_cilt-ciltsiz","8":"pa_tur-kitap20","9":"pa_yayinevi-dikkat-atolyesi-yayinlari","10":"pa_yazar-dikkat-atolyesi-kolektif","12":"first","13":"instock","14":"sale","15":"shipping-taxable","16":"purchasable","17":"product-type-simple"},"_links":{"self":[{"href":"https:\/\/roveyayinevi.com.tr\/index.php\/wp-json\/wp\/v2\/product\/731591","targetHints":{"allow":["GET"]}}],"collection":[{"href":"https:\/\/roveyayinevi.com.tr\/index.php\/wp-json\/wp\/v2\/product"}],"about":[{"href":"https:\/\/roveyayinevi.com.tr\/index.php\/wp-json\/wp\/v2\/types\/product"}],"wp:attachment":[{"href":"https:\/\/roveyayinevi.com.tr\/index.php\/wp-json\/wp\/v2\/media?parent=731591"}],"wp:term":[{"taxonomy":"product_brand","embeddable":true,"href":"https:\/\/roveyayinevi.com.tr\/index.php\/wp-json\/wp\/v2\/product_brand?post=731591"},{"taxonomy":"product_cat","embeddable":true,"href":"https:\/\/roveyayinevi.com.tr\/index.php\/wp-json\/wp\/v2\/product_cat?post=731591"},{"taxonomy":"product_tag","embeddable":true,"href":"https:\/\/roveyayinevi.com.tr\/index.php\/wp-json\/wp\/v2\/product_tag?post=731591"}],"curies":[{"name":"wp","href":"https:\/\/api.w.org\/{rel}","templated":true}]}}