{"id":731588,"date":"2025-08-27T21:34:31","date_gmt":"2025-08-27T18:34:31","guid":{"rendered":"https:\/\/roveyayinevi.com.tr\/index.php\/urun\/iq-zeka-gelisimi-icin-200-heyecan-verici-5li-etkinlik-seti\/"},"modified":"2026-04-16T02:39:42","modified_gmt":"2026-04-15T23:39:42","slug":"iq-zeka-gelisimi-icin-200-heyecan-verici-5li-etkinlik-seti","status":"publish","type":"product","link":"https:\/\/roveyayinevi.com.tr\/index.php\/urun\/iq-zeka-gelisimi-icin-200-heyecan-verici-5li-etkinlik-seti\/","title":{"rendered":"IQ Zeka Geli\u015fimi \u0130\u00e7in 200 Heyecan Verici 5&#8217;li Etkinlik Seti"},"content":{"rendered":"<p>Dil Geli\u015fimi Konu\u015fma Becerisi Dikkat ve Odaklanma Mant\u0131k ve Muhakeme Yarat\u0131c\u0131 D\u00fc\u015f\u00fcnme ve Hayal G\u00fcc\u00fc D\u00fc\u015f\u00fcnme Becerisi Kelimleri C\u00fcmlelerle Ba\u011flama Resimlerle Hikaye Olu\u015fturma Sorulara Ayr\u0131nt\u0131l\u0131 Cevap Verme<\/p>\n","protected":false},"excerpt":{"rendered":"<p>Dil Geli\u015fimi Konu\u015fma Becerisi Dikkat ve Odaklanma Mant\u0131k ve Muhakeme Yarat\u0131c\u0131 D\u00fc\u015f\u00fcnme ve Hayal G\u00fcc\u00fc D\u00fc\u015f\u00fcnme Becerisi Kelimleri C\u00fcmlelerle Ba\u011flama Resimlerle Hikaye Olu\u015fturma Sorulara Ayr\u0131nt\u0131l\u0131 Cevap<span class=\"excerpt-hellip\"> [\u2026]<\/span><\/p>\n","protected":false},"featured_media":0,"template":"","meta":{"_monsterinsights_skip_tracking":false,"_monsterinsights_sitenote_active":false,"_monsterinsights_sitenote_note":"","_monsterinsights_sitenote_category":0},"product_brand":[],"product_cat":[12274,24599],"product_tag":[],"class_list":{"0":"post-731588","1":"product","2":"type-product","3":"status-publish","5":"product_cat-cocuk-ve-genclik-kitaplari","6":"product_cat-zeka-gelisimi","7":"pa_cilt-set","8":"pa_tur-kitap","9":"pa_yayinevi-dikkat-atolyesi-yayinlari","10":"pa_yazar-dikkat-atolyesi-kolektif","12":"first","13":"instock","14":"sale","15":"shipping-taxable","16":"purchasable","17":"product-type-simple"},"_links":{"self":[{"href":"https:\/\/roveyayinevi.com.tr\/index.php\/wp-json\/wp\/v2\/product\/731588","targetHints":{"allow":["GET"]}}],"collection":[{"href":"https:\/\/roveyayinevi.com.tr\/index.php\/wp-json\/wp\/v2\/product"}],"about":[{"href":"https:\/\/roveyayinevi.com.tr\/index.php\/wp-json\/wp\/v2\/types\/product"}],"wp:attachment":[{"href":"https:\/\/roveyayinevi.com.tr\/index.php\/wp-json\/wp\/v2\/media?parent=731588"}],"wp:term":[{"taxonomy":"product_brand","embeddable":true,"href":"https:\/\/roveyayinevi.com.tr\/index.php\/wp-json\/wp\/v2\/product_brand?post=731588"},{"taxonomy":"product_cat","embeddable":true,"href":"https:\/\/roveyayinevi.com.tr\/index.php\/wp-json\/wp\/v2\/product_cat?post=731588"},{"taxonomy":"product_tag","embeddable":true,"href":"https:\/\/roveyayinevi.com.tr\/index.php\/wp-json\/wp\/v2\/product_tag?post=731588"}],"curies":[{"name":"wp","href":"https:\/\/api.w.org\/{rel}","templated":true}]}}