{"id":731587,"date":"2025-08-27T21:34:30","date_gmt":"2025-08-27T18:34:30","guid":{"rendered":"https:\/\/roveyayinevi.com.tr\/index.php\/urun\/dusun-hayal-et-ve-tasarla-5li-etkinlik-seti\/"},"modified":"2026-04-16T02:39:42","modified_gmt":"2026-04-15T23:39:42","slug":"dusun-hayal-et-ve-tasarla-5li-etkinlik-seti","status":"publish","type":"product","link":"https:\/\/roveyayinevi.com.tr\/index.php\/urun\/dusun-hayal-et-ve-tasarla-5li-etkinlik-seti\/","title":{"rendered":"D\u00fc\u015f\u00fcn, Hayal Et ve Tasarla 5&#8217;li Etkinlik Seti"},"content":{"rendered":"<p>D\u00fc\u015f\u00fcn, Hayal Et ve Tasarla 5,&#8217;li Etkinlik Seti (Dikkat, G\u00f6rsel Alg\u0131 ve Yarat\u0131c\u0131 D\u00fc\u015f\u00fcnme<\/p>\n","protected":false},"excerpt":{"rendered":"<p>D\u00fc\u015f\u00fcn, Hayal Et ve Tasarla 5,&#8217;li Etkinlik Seti (Dikkat, G\u00f6rsel Alg\u0131 ve Yarat\u0131c\u0131 D\u00fc\u015f\u00fcnme<\/p>\n","protected":false},"featured_media":0,"template":"","meta":{"_monsterinsights_skip_tracking":false,"_monsterinsights_sitenote_active":false,"_monsterinsights_sitenote_note":"","_monsterinsights_sitenote_category":0},"product_brand":[],"product_cat":[12274,24599],"product_tag":[],"class_list":{"0":"post-731587","1":"product","2":"type-product","3":"status-publish","5":"product_cat-cocuk-ve-genclik-kitaplari","6":"product_cat-zeka-gelisimi","7":"pa_cilt-set","8":"pa_tur-kitap","9":"pa_yayinevi-dikkat-atolyesi-yayinlari","10":"pa_yazar-dikkat-atolyesi-kolektif","12":"first","13":"instock","14":"sale","15":"shipping-taxable","16":"purchasable","17":"product-type-simple"},"_links":{"self":[{"href":"https:\/\/roveyayinevi.com.tr\/index.php\/wp-json\/wp\/v2\/product\/731587","targetHints":{"allow":["GET"]}}],"collection":[{"href":"https:\/\/roveyayinevi.com.tr\/index.php\/wp-json\/wp\/v2\/product"}],"about":[{"href":"https:\/\/roveyayinevi.com.tr\/index.php\/wp-json\/wp\/v2\/types\/product"}],"wp:attachment":[{"href":"https:\/\/roveyayinevi.com.tr\/index.php\/wp-json\/wp\/v2\/media?parent=731587"}],"wp:term":[{"taxonomy":"product_brand","embeddable":true,"href":"https:\/\/roveyayinevi.com.tr\/index.php\/wp-json\/wp\/v2\/product_brand?post=731587"},{"taxonomy":"product_cat","embeddable":true,"href":"https:\/\/roveyayinevi.com.tr\/index.php\/wp-json\/wp\/v2\/product_cat?post=731587"},{"taxonomy":"product_tag","embeddable":true,"href":"https:\/\/roveyayinevi.com.tr\/index.php\/wp-json\/wp\/v2\/product_tag?post=731587"}],"curies":[{"name":"wp","href":"https:\/\/api.w.org\/{rel}","templated":true}]}}