{"id":731586,"date":"2025-08-27T21:34:29","date_gmt":"2025-08-27T18:34:29","guid":{"rendered":"https:\/\/roveyayinevi.com.tr\/index.php\/urun\/akil-yurutme-ve-mantiksal-dusunme-becerisi-etkinlikleri\/"},"modified":"2026-04-16T02:39:42","modified_gmt":"2026-04-15T23:39:42","slug":"akil-yurutme-ve-mantiksal-dusunme-becerisi-etkinlikleri","status":"publish","type":"product","link":"https:\/\/roveyayinevi.com.tr\/index.php\/urun\/akil-yurutme-ve-mantiksal-dusunme-becerisi-etkinlikleri\/","title":{"rendered":"Ak\u0131l Y\u00fcr\u00fctme ve Mant\u0131ksal D\u00fc\u015f\u00fcnme Becerisi Etkinlikleri"},"content":{"rendered":"<p>\u00c7ocuklar\u0131n \u00e7\u0131kar\u0131mlar elde ederek okudu\u011funu anlama becerilerini geli\u015ftirir.Bu kitaptaki etkinlikler, iki grup bilgiyi \u00e7\u0131kar\u0131mlar yaparak e\u015fle\u015ftirmeyi, \u00e7ocuklara dinleme ve y\u00f6nergeleri takip etme prati\u011fi kazand\u0131r\u0131r. Ayr\u0131ca sorular\u0131 do\u011fru analiz etmeyi, dikkatli okumay\u0131 ve okudu\u011funu anlama becerisini geli\u015ftirerek olaylara farkl\u0131 bak\u0131\u015f a\u00e7\u0131s\u0131 getirmeyi sa\u011flar. Dikkat ve odaklanma Mant\u0131k ve muhakeme Mant\u0131ksal D\u00fc\u015f\u00fcnme Ele\u015ftirel ve Yarat\u0131c\u0131 D\u00fc\u015f\u00fcnme D\u00fc\u015f\u00fcnme becerisi Dil geli\u015fimi ve konu\u015fma becerisi Resimlerle hikayeler olu\u015fturma Sorulara ayr\u0131nt\u0131l\u0131 cevaplar vermeBuna ek olarak, \u00e7ocuk nesneleri adland\u0131rmay\u0131, kendisi hakk\u0131nda bir hikaye olu\u015fturmay\u0131, kelimeleri-sembolleri ve kelimeleri-eylemleri hat\u0131rlamay\u0131, g\u00fcnl\u00fck rutini tekrarlamay\u0131, ak\u0131l y\u00fcr\u00fctmeyi ve sonu\u00e7 \u00e7\u0131karmay\u0131, haf\u0131za ve hayal g\u00fcc\u00fcn\u00fc geli\u015ftirmeyi \u00f6\u011frenecektir.<\/p>\n","protected":false},"excerpt":{"rendered":"<p>\u00c7ocuklar\u0131n \u00e7\u0131kar\u0131mlar elde ederek okudu\u011funu anlama becerilerini geli\u015ftirir.Bu kitaptaki etkinlikler, iki grup bilgiyi \u00e7\u0131kar\u0131mlar yaparak e\u015fle\u015ftirmeyi, \u00e7ocuklara dinleme ve y\u00f6nergeleri takip etme prati\u011fi kazand\u0131r\u0131r. Ayr\u0131ca sorular\u0131<span class=\"excerpt-hellip\"> [\u2026]<\/span><\/p>\n","protected":false},"featured_media":0,"template":"","meta":{"_monsterinsights_skip_tracking":false,"_monsterinsights_sitenote_active":false,"_monsterinsights_sitenote_note":"","_monsterinsights_sitenote_category":0},"product_brand":[],"product_cat":[12913,12274],"product_tag":[],"class_list":{"0":"post-731586","1":"product","2":"type-product","3":"status-publish","5":"product_cat-3-6-yas-kitaplari","6":"product_cat-cocuk-ve-genclik-kitaplari","7":"pa_cilt-ciltsiz","8":"pa_tur-kitap","9":"pa_yayinevi-dikkat-atolyesi-yayinlari","10":"pa_yazar-dikkat-atolyesi-kolektif","12":"first","13":"instock","14":"sale","15":"shipping-taxable","16":"purchasable","17":"product-type-simple"},"_links":{"self":[{"href":"https:\/\/roveyayinevi.com.tr\/index.php\/wp-json\/wp\/v2\/product\/731586","targetHints":{"allow":["GET"]}}],"collection":[{"href":"https:\/\/roveyayinevi.com.tr\/index.php\/wp-json\/wp\/v2\/product"}],"about":[{"href":"https:\/\/roveyayinevi.com.tr\/index.php\/wp-json\/wp\/v2\/types\/product"}],"wp:attachment":[{"href":"https:\/\/roveyayinevi.com.tr\/index.php\/wp-json\/wp\/v2\/media?parent=731586"}],"wp:term":[{"taxonomy":"product_brand","embeddable":true,"href":"https:\/\/roveyayinevi.com.tr\/index.php\/wp-json\/wp\/v2\/product_brand?post=731586"},{"taxonomy":"product_cat","embeddable":true,"href":"https:\/\/roveyayinevi.com.tr\/index.php\/wp-json\/wp\/v2\/product_cat?post=731586"},{"taxonomy":"product_tag","embeddable":true,"href":"https:\/\/roveyayinevi.com.tr\/index.php\/wp-json\/wp\/v2\/product_tag?post=731586"}],"curies":[{"name":"wp","href":"https:\/\/api.w.org\/{rel}","templated":true}]}}