{"id":731584,"date":"2025-08-27T21:34:28","date_gmt":"2025-08-27T18:34:28","guid":{"rendered":"https:\/\/roveyayinevi.com.tr\/index.php\/urun\/2-sinif-ipuclu-eglenceli-ogretici-hayat-bilgisi-yeni-nesil-soru-bankasi\/"},"modified":"2026-04-16T02:39:42","modified_gmt":"2026-04-15T23:39:42","slug":"2-sinif-ipuclu-eglenceli-ogretici-hayat-bilgisi-yeni-nesil-soru-bankasi","status":"publish","type":"product","link":"https:\/\/roveyayinevi.com.tr\/index.php\/urun\/2-sinif-ipuclu-eglenceli-ogretici-hayat-bilgisi-yeni-nesil-soru-bankasi\/","title":{"rendered":"2. S\u0131n\u0131f \u0130pu\u00e7lu E\u011flenceli &#8211; \u00d6\u011fretici Hayat Bilgisi Yeni Nesil Soru Bankas\u0131"},"content":{"rendered":"<p>&#8211; 2. S\u0131n\u0131f \u0130pu\u00e7lu Hayat Bilgisi Yeni Nesil Soru Bankas\u0131 Yar\u0131n\u0131n gelece\u011fi \u00f6\u011frencilerimiz i\u00e7in haz\u0131rlanm\u0131\u015f olan &#8220;\u0130pu\u00e7lu Yeni Nesil Soru Bankas\u0131\u201d kitab\u0131nda dikkat ve odaklanmay\u0131 \u00fcst d\u00fczeye ula\u015ft\u0131rarak bilgiyi edinme, analiz etme ve sentezleme a\u015famalar\u0131ndan ge\u00e7erek, yeniden yorumlama ve de\u011ferlendirme basamaklar\u0131yla \u00f6\u011frenilen bilginin kal\u0131c\u0131l\u0131\u011f\u0131n\u0131n sa\u011flanmas\u0131 hedeflenmi\u015ftir. Bilgiyi e\u011flenceli hale getiren bu kitap; kendine g\u00fcvenen, bilgiye merakl\u0131, ak\u0131l y\u00fcr\u00fctebilen \u00f6\u011frencilerin yeti\u015fmesini sa\u011flayacakt\u0131r. Her bir soruyla \u00f6\u011frencinin, bilgiyi ke\u015ffederken dikkatini kullanarak bilgiye odaklanmas\u0131n\u0131, \u00f6nceden \u00f6\u011frenilen bilgilerle yeni bilgilerin \u00e7\u0131kar\u0131m\u0131n\u0131 yaparak analiz etmesi sa\u011flanm\u0131\u015ft\u0131r. Bu kitapta yer alan sorular; \u00f6\u011frencinin kar\u015f\u0131la\u015ft\u0131\u011f\u0131 zorluklarla m\u00fccadele edebilmesi ve kar\u015f\u0131la\u015ft\u0131\u011f\u0131 zorlu\u011fu t\u00fcm boyutlar\u0131yla inceleyebilmesi, \u00f6\u011frendiklerini sosyal ya\u015fama aktarabilmesi i\u00e7in tasarlanm\u0131\u015ft\u0131r. Yeni nesil sorularla; \u00f6\u011frencilerin ele\u015ftirel d\u00fc\u015f\u00fcnme becerisini geli\u015ftirerek duydu\u011fu, okudu\u011fu ve g\u00f6rd\u00fc\u011f\u00fc kavramlar\u0131, olaylar\u0131 farkl\u0131 a\u00e7\u0131lardan ele alarak de\u011ferlendirebilmesi ama\u00e7lanm\u0131\u015ft\u0131r. Uzmanlar taraf\u0131ndan haz\u0131rlanan \u0130pu\u00e7lu Yeni Nesil Soru Bankas\u0131 kitab\u0131 Milli E\u011fitim Bakanl\u0131\u011f\u0131 kazan\u0131mlar\u0131na g\u00f6re haz\u0131rlanm\u0131\u015ft\u0131r. Bu kitap evde ve okulda \u00f6\u011frenmeyi peki\u015ftirir. Unutmay\u0131n! Ba\u015far\u0131y\u0131 kal\u0131c\u0131 hale getirmek i\u00e7in tekrar \u00e7ok \u00f6nemlidir. Bu kitap her bir \u00fcnitede bol bol tekrar yapman\u0131z\u0131 sa\u011flayarak bilgiyi kal\u0131c\u0131 hale getirecektir.<\/p>\n","protected":false},"excerpt":{"rendered":"<p>&#8211; 2. S\u0131n\u0131f \u0130pu\u00e7lu Hayat Bilgisi Yeni Nesil Soru Bankas\u0131 Yar\u0131n\u0131n gelece\u011fi \u00f6\u011frencilerimiz i\u00e7in haz\u0131rlanm\u0131\u015f olan &#8220;\u0130pu\u00e7lu Yeni Nesil Soru Bankas\u0131\u201d kitab\u0131nda dikkat ve odaklanmay\u0131 \u00fcst<span class=\"excerpt-hellip\"> [\u2026]<\/span><\/p>\n","protected":false},"featured_media":0,"template":"","meta":{"_monsterinsights_skip_tracking":false,"_monsterinsights_sitenote_active":false,"_monsterinsights_sitenote_note":"","_monsterinsights_sitenote_category":0},"product_brand":[],"product_cat":[83405,12566,45572,42911,13473],"product_tag":[],"class_list":{"0":"post-731584","1":"product","2":"type-product","3":"status-publish","5":"product_cat-2-sinif-hayat-bilgisi","6":"product_cat-egitim","7":"product_cat-ilkogretim-2-sinif","8":"product_cat-ilkogretim-yardimci-kitaplar","9":"product_cat-sinavlara-hazirlik-okula-yardimci-kaynaklar","10":"pa_cilt-ciltsiz","11":"pa_tur-kitap","12":"pa_yayinevi-dikkat-atolyesi-yayinlari","13":"pa_yazar-dikkat-atolyesi-kolektif","15":"first","16":"instock","17":"sale","18":"shipping-taxable","19":"purchasable","20":"product-type-simple"},"_links":{"self":[{"href":"https:\/\/roveyayinevi.com.tr\/index.php\/wp-json\/wp\/v2\/product\/731584","targetHints":{"allow":["GET"]}}],"collection":[{"href":"https:\/\/roveyayinevi.com.tr\/index.php\/wp-json\/wp\/v2\/product"}],"about":[{"href":"https:\/\/roveyayinevi.com.tr\/index.php\/wp-json\/wp\/v2\/types\/product"}],"wp:attachment":[{"href":"https:\/\/roveyayinevi.com.tr\/index.php\/wp-json\/wp\/v2\/media?parent=731584"}],"wp:term":[{"taxonomy":"product_brand","embeddable":true,"href":"https:\/\/roveyayinevi.com.tr\/index.php\/wp-json\/wp\/v2\/product_brand?post=731584"},{"taxonomy":"product_cat","embeddable":true,"href":"https:\/\/roveyayinevi.com.tr\/index.php\/wp-json\/wp\/v2\/product_cat?post=731584"},{"taxonomy":"product_tag","embeddable":true,"href":"https:\/\/roveyayinevi.com.tr\/index.php\/wp-json\/wp\/v2\/product_tag?post=731584"}],"curies":[{"name":"wp","href":"https:\/\/api.w.org\/{rel}","templated":true}]}}