{"id":731573,"date":"2025-08-27T21:34:19","date_gmt":"2025-08-27T18:34:19","guid":{"rendered":"https:\/\/roveyayinevi.com.tr\/index.php\/urun\/guncel-degerlendirmelerle-bankacilik-dunyasindan-secmeler\/"},"modified":"2026-04-16T02:39:42","modified_gmt":"2026-04-15T23:39:42","slug":"guncel-degerlendirmelerle-bankacilik-dunyasindan-secmeler","status":"publish","type":"product","link":"https:\/\/roveyayinevi.com.tr\/index.php\/urun\/guncel-degerlendirmelerle-bankacilik-dunyasindan-secmeler\/","title":{"rendered":"G\u00fcncel De\u011ferlendirmelerle Bankac\u0131l\u0131k D\u00fcnyas\u0131ndan Se\u00e7meler"},"content":{"rendered":"<p>\u0130\u00e7indekiler Ye\u015fil Bankac\u0131l\u0131\u011f\u0131n Teorik \u00c7er\u00e7evesi Perspektifinde T\u00fcrk Bankac\u0131l\u0131k Sisteminde Yenilik\u00e7i ve S\u00fcrd\u00fcr\u00fclebilir Bir Finansal Ara\u00e7 Ye\u015fil Krediler COVID-19 D\u00f6neminde T\u00fcrkiye\u2019de Dijital Bankac\u0131l\u0131k \u0130\u015flemlerine Dair Bulgular G\u00f6lge Bankac\u0131l\u0131k ve 2008 K\u00fcresel Krizi \u00dczerine Etkisi Blockchain Teknolojilerinin Bankac\u0131l\u0131k Sekt\u00f6r\u00fcnde Kullan\u0131m\u0131 Bankac\u0131l\u0131kta G\u00fcncel Pazarlama Yakla\u015f\u0131mlar\u0131 Bankalar\u0131n Finansal Rasyo Etkinliklerinin Finansal Performanslar\u0131 \u00dczerine Etkisi: BIST Bankac\u0131l\u0131k Endeksi (XBank) \u00dczerine Bir Ara\u015ft\u0131rma Damga Vergisinin T\u00fcrk Vergi Sistemindeki Yeri ve Bankalar\u0131n Damga Vergisi Y\u00fck\u00fcml\u00fcl\u00fckleri Risk Alg\u0131s\u0131n\u0131n AB ve T\u00fcrkiye Bankac\u0131l\u0131k Sekt\u00f6r\u00fcne Etkisi Bankac\u0131l\u0131\u011f\u0131n G\u00f6r\u00fcnmeyen Y\u00fcz\u00fc: Davran\u0131\u015fsal Finans Ticari Bankalarda Kald\u0131ra\u00e7 Mekanizmas\u0131 ve D\u00f6ng\u00fcselli\u011fi: T\u00fcrkiye Analizi T\u00fcrkiye Bankalar\u0131nda 2008 K\u00fcresel Krizi Sonras\u0131 Temett\u00fc G\u00f6r\u00fcn\u00fcm\u00fc <\/p>\n","protected":false},"excerpt":{"rendered":"<p>\u0130\u00e7indekiler Ye\u015fil Bankac\u0131l\u0131\u011f\u0131n Teorik \u00c7er\u00e7evesi Perspektifinde T\u00fcrk Bankac\u0131l\u0131k Sisteminde Yenilik\u00e7i ve S\u00fcrd\u00fcr\u00fclebilir Bir Finansal Ara\u00e7 Ye\u015fil Krediler COVID-19 D\u00f6neminde T\u00fcrkiye\u2019de Dijital Bankac\u0131l\u0131k \u0130\u015flemlerine Dair Bulgular G\u00f6lge<span class=\"excerpt-hellip\"> [\u2026]<\/span><\/p>\n","protected":false},"featured_media":0,"template":"","meta":{"_monsterinsights_skip_tracking":false,"_monsterinsights_sitenote_active":false,"_monsterinsights_sitenote_note":"","_monsterinsights_sitenote_category":0},"product_brand":[],"product_cat":[20333,13043],"product_tag":[],"class_list":{"0":"post-731573","1":"product","2":"type-product","3":"status-publish","5":"product_cat-diger-ekonomi","6":"product_cat-ekonomi","7":"pa_cilt-ciltsiz","8":"pa_tur-kitap","9":"pa_yayinevi-gazi-kitabevi","10":"pa_yazar-filiz-yetiz","12":"first","13":"instock","14":"sale","15":"shipping-taxable","16":"purchasable","17":"product-type-simple"},"_links":{"self":[{"href":"https:\/\/roveyayinevi.com.tr\/index.php\/wp-json\/wp\/v2\/product\/731573","targetHints":{"allow":["GET"]}}],"collection":[{"href":"https:\/\/roveyayinevi.com.tr\/index.php\/wp-json\/wp\/v2\/product"}],"about":[{"href":"https:\/\/roveyayinevi.com.tr\/index.php\/wp-json\/wp\/v2\/types\/product"}],"wp:attachment":[{"href":"https:\/\/roveyayinevi.com.tr\/index.php\/wp-json\/wp\/v2\/media?parent=731573"}],"wp:term":[{"taxonomy":"product_brand","embeddable":true,"href":"https:\/\/roveyayinevi.com.tr\/index.php\/wp-json\/wp\/v2\/product_brand?post=731573"},{"taxonomy":"product_cat","embeddable":true,"href":"https:\/\/roveyayinevi.com.tr\/index.php\/wp-json\/wp\/v2\/product_cat?post=731573"},{"taxonomy":"product_tag","embeddable":true,"href":"https:\/\/roveyayinevi.com.tr\/index.php\/wp-json\/wp\/v2\/product_tag?post=731573"}],"curies":[{"name":"wp","href":"https:\/\/api.w.org\/{rel}","templated":true}]}}