{"id":731567,"date":"2025-08-27T21:34:14","date_gmt":"2025-08-27T18:34:14","guid":{"rendered":"https:\/\/roveyayinevi.com.tr\/index.php\/urun\/ak-yargi-2\/"},"modified":"2026-04-16T02:39:42","modified_gmt":"2026-04-15T23:39:42","slug":"ak-yargi-2","status":"publish","type":"product","link":"https:\/\/roveyayinevi.com.tr\/index.php\/urun\/ak-yargi-2\/","title":{"rendered":"Ak-Yarg\u0131"},"content":{"rendered":"<p>Kitapta, Ru\u015fen G\u00fcltekin\u2019in savc\u0131l\u0131k ve yarg\u0131\u00e7l\u0131k deneyimlerini, hukuk\u00e7u birikimini, emperyalizm destekli ter\u00f6r ve casusluk \u00f6rg\u00fct\u00fc, ihanet \u015febekesi olan FET\u00d6\u2019yle m\u00fccadelesini ve m\u00fccadeleye ili\u015fkin \u00f6nerilerini, adalet i\u00e7in verdi\u011fi sava\u015f\u0131 bulacaks\u0131n\u0131z. Ru\u015fen G\u00fcltekin\u2019in azmini ve iyimserli\u011fini g\u00f6receksiniz. Ama en \u00f6nemlisi, kitab\u0131n sayfalar\u0131nda ilerledik\u00e7e \u00fclkemiz ad\u0131na d\u00fc\u015f\u00fcnecek, \u00fcz\u00fclecek ve \u015fa\u015f\u0131racaks\u0131n\u0131z<\/p>\n","protected":false},"excerpt":{"rendered":"<p>Kitapta, Ru\u015fen G\u00fcltekin\u2019in savc\u0131l\u0131k ve yarg\u0131\u00e7l\u0131k deneyimlerini, hukuk\u00e7u birikimini, emperyalizm destekli ter\u00f6r ve casusluk \u00f6rg\u00fct\u00fc, ihanet \u015febekesi olan FET\u00d6\u2019yle m\u00fccadelesini ve m\u00fccadeleye ili\u015fkin \u00f6nerilerini, adalet i\u00e7in<span class=\"excerpt-hellip\"> [\u2026]<\/span><\/p>\n","protected":false},"featured_media":0,"template":"","meta":{"_monsterinsights_skip_tracking":false,"_monsterinsights_sitenote_active":false,"_monsterinsights_sitenote_note":"","_monsterinsights_sitenote_category":0},"product_brand":[],"product_cat":[13590,12337],"product_tag":[],"class_list":{"0":"post-731567","1":"product","2":"type-product","3":"status-publish","5":"product_cat-arastirma-inceleme-politika-siyaset","6":"product_cat-politika-siyaset","7":"pa_cilt-ciltsiz","8":"pa_tur-kitap","9":"pa_yayinevi-kirmizi-kedi-yayinevi","10":"pa_yazar-mehmet-rusen-gultekin","12":"first","13":"instock","14":"sale","15":"shipping-taxable","16":"purchasable","17":"product-type-simple"},"_links":{"self":[{"href":"https:\/\/roveyayinevi.com.tr\/index.php\/wp-json\/wp\/v2\/product\/731567","targetHints":{"allow":["GET"]}}],"collection":[{"href":"https:\/\/roveyayinevi.com.tr\/index.php\/wp-json\/wp\/v2\/product"}],"about":[{"href":"https:\/\/roveyayinevi.com.tr\/index.php\/wp-json\/wp\/v2\/types\/product"}],"wp:attachment":[{"href":"https:\/\/roveyayinevi.com.tr\/index.php\/wp-json\/wp\/v2\/media?parent=731567"}],"wp:term":[{"taxonomy":"product_brand","embeddable":true,"href":"https:\/\/roveyayinevi.com.tr\/index.php\/wp-json\/wp\/v2\/product_brand?post=731567"},{"taxonomy":"product_cat","embeddable":true,"href":"https:\/\/roveyayinevi.com.tr\/index.php\/wp-json\/wp\/v2\/product_cat?post=731567"},{"taxonomy":"product_tag","embeddable":true,"href":"https:\/\/roveyayinevi.com.tr\/index.php\/wp-json\/wp\/v2\/product_tag?post=731567"}],"curies":[{"name":"wp","href":"https:\/\/api.w.org\/{rel}","templated":true}]}}