{"id":731565,"date":"2025-08-27T21:34:12","date_gmt":"2025-08-27T18:34:12","guid":{"rendered":"https:\/\/roveyayinevi.com.tr\/index.php\/urun\/1984-15\/"},"modified":"2026-04-16T02:39:42","modified_gmt":"2026-04-15T23:39:42","slug":"1984-15","status":"publish","type":"product","link":"https:\/\/roveyayinevi.com.tr\/index.php\/urun\/1984-15\/","title":{"rendered":"1984"},"content":{"rendered":"<p>&#8220;Karanl\u0131\u011f\u0131n olmad\u0131\u011f\u0131 yerde tekrar bulu\u015faca\u011f\u0131z.\u201dOrada karanl\u0131k yok \u00e7\u00fcnk\u00fc orada batacak olan bir g\u00fcne\u015f yok.Ge\u00e7mi\u015fin, ger\u00e7e\u011fin ve sevginin olmad\u0131\u011f\u0131; sava\u015fla bar\u0131\u015f\u0131n, \u00f6zg\u00fcrl\u00fckle esaretin, cehaletle g\u00fcc\u00fcn birbirine kar\u0131\u015ft\u0131\u011f\u0131 bir d\u00fcnya. Evliliklerin Parti iktidar\u0131n\u0131 g\u00fc\u00e7lendirmek i\u00e7in yap\u0131ld\u0131\u011f\u0131, \u00e7ocuklar\u0131n bu iktidar\u0131 s\u00fcrekli k\u0131lmak ad\u0131na casus olarak yeti\u015ftirildi\u011fi bir d\u00fcnya. Winston Smith, i\u015fte b\u00f6yle bir d\u00fcnyada, B\u00fcy\u00fck Birader\u2019in onu izleyen g\u00f6zleri ard\u0131nda g\u00f6rd\u00fckleriyle dayat\u0131lanlar aras\u0131nda hakikati ararken kendini totaliter rejimin pen\u00e7elerinde, \u201ckaranl\u0131\u011f\u0131n olmad\u0131\u011f\u0131 yerde\u201d buluveriyor. \u201cE\u011fer umut varsa i\u015f\u00e7idedir\u201d diyen Smith bedenine yap\u0131lan t\u00fcm i\u015fkencelere ra\u011fmen dayanabildi\u011fi son ana kadar ikiyle ikinin d\u00f6rt etti\u011fini engizit\u00f6rlere hayk\u0131rmaktan geri durmuyor.Ba\u011flam\u0131ndan kopar\u0131l\u0131p s\u0131\u011f bir d\u00fc\u015f\u00fcnceyle sosyalizm ele\u015ftirisi olarak sunulmaya \u00e7al\u0131\u015f\u0131lsa da 1984 \u201creel sosyalizm\u201d den Nazi Almanyas\u0131\u2019na kadar her t\u00fcrl\u00fc totaliter rejime kar\u015f\u0131 bir ba\u015fkald\u0131r\u0131 niteli\u011findedir.Ve politik dehas\u0131yla 1948 y\u0131l\u0131ndan gelece\u011fe seslenen \u0130ngiliz edebiyat\u0131n\u0131n g\u00fc\u00e7l\u00fc kalemi George Orwell, yaratt\u0131\u011f\u0131 bu distopik romanla 21. y\u00fczy\u0131lda h\u00e2l\u00e2 halklar\u0131 uyarmaktad\u0131r: \u201cKar\u015f\u0131 konulmad\u0131\u011f\u0131 takdirde totalitarizm kazan\u0131r. \u201d<\/p>\n","protected":false},"excerpt":{"rendered":"<p>&#8220;Karanl\u0131\u011f\u0131n olmad\u0131\u011f\u0131 yerde tekrar bulu\u015faca\u011f\u0131z.\u201dOrada karanl\u0131k yok \u00e7\u00fcnk\u00fc orada batacak olan bir g\u00fcne\u015f yok.Ge\u00e7mi\u015fin, ger\u00e7e\u011fin ve sevginin olmad\u0131\u011f\u0131; sava\u015fla bar\u0131\u015f\u0131n, \u00f6zg\u00fcrl\u00fckle esaretin, cehaletle g\u00fcc\u00fcn birbirine kar\u0131\u015ft\u0131\u011f\u0131<span class=\"excerpt-hellip\"> [\u2026]<\/span><\/p>\n","protected":false},"featured_media":0,"template":"","meta":{"_monsterinsights_skip_tracking":false,"_monsterinsights_sitenote_active":false,"_monsterinsights_sitenote_note":"","_monsterinsights_sitenote_category":0},"product_brand":[],"product_cat":[12291,13872],"product_tag":[],"class_list":{"0":"post-731565","1":"product","2":"type-product","3":"status-publish","5":"product_cat-edebiyat","6":"product_cat-klasikler","7":"pa_cilt-ciltsiz","8":"pa_tur-kitap","9":"pa_yayinevi-inkilap-kitabevi","10":"pa_yazar-george-orwell","12":"first","13":"instock","14":"sale","15":"shipping-taxable","16":"purchasable","17":"product-type-simple"},"_links":{"self":[{"href":"https:\/\/roveyayinevi.com.tr\/index.php\/wp-json\/wp\/v2\/product\/731565","targetHints":{"allow":["GET"]}}],"collection":[{"href":"https:\/\/roveyayinevi.com.tr\/index.php\/wp-json\/wp\/v2\/product"}],"about":[{"href":"https:\/\/roveyayinevi.com.tr\/index.php\/wp-json\/wp\/v2\/types\/product"}],"wp:attachment":[{"href":"https:\/\/roveyayinevi.com.tr\/index.php\/wp-json\/wp\/v2\/media?parent=731565"}],"wp:term":[{"taxonomy":"product_brand","embeddable":true,"href":"https:\/\/roveyayinevi.com.tr\/index.php\/wp-json\/wp\/v2\/product_brand?post=731565"},{"taxonomy":"product_cat","embeddable":true,"href":"https:\/\/roveyayinevi.com.tr\/index.php\/wp-json\/wp\/v2\/product_cat?post=731565"},{"taxonomy":"product_tag","embeddable":true,"href":"https:\/\/roveyayinevi.com.tr\/index.php\/wp-json\/wp\/v2\/product_tag?post=731565"}],"curies":[{"name":"wp","href":"https:\/\/api.w.org\/{rel}","templated":true}]}}