{"id":731564,"date":"2025-08-27T21:34:11","date_gmt":"2025-08-27T18:34:11","guid":{"rendered":"https:\/\/roveyayinevi.com.tr\/index.php\/urun\/muhsin\/"},"modified":"2026-04-16T02:39:42","modified_gmt":"2026-04-15T23:39:42","slug":"muhsin","status":"publish","type":"product","link":"https:\/\/roveyayinevi.com.tr\/index.php\/urun\/muhsin\/","title":{"rendered":"Muhsin"},"content":{"rendered":"<p>Muhsin\u2026 16 ya\u015f\u0131nda tiyatro sevdas\u0131na mani olmaya \u00e7al\u0131\u015fan ailesine ba\u015fkald\u0131r\u0131p kendi yolunu \u00e7izen ve sahnede devle\u015ferek sonsuzlu\u011fa ula\u015fan bir sanat devrimcisi. A\u00e7l\u0131k, paras\u0131zl\u0131k, bask\u0131 ya da sava\u015f. O, hi\u00e7birini engel olarak g\u00f6rmedi; onun i\u00e7in imk\u00e2ns\u0131z yaln\u0131zca i\u00e7i bo\u015f, kof bir kavramd\u0131. Ve ald\u0131\u011f\u0131 her nefesi tiyatro i\u00e7in harcad\u0131. \u0130stanbul\u2019dan Paris\u2019e, Paris\u2019ten Berlin\u2019e, Berlin\u2019den Stockholm\u2019e uzanan bir tiyatro a\u015fk\u0131n\u0131n ayakta alk\u0131\u015flanas\u0131 g\u00f6rkemli roman\u0131. Muhsin Ertu\u011frul, Orhan Bahtiyar\u2019\u0131n usta kaleminde al\u0131\u015f\u0131k oldu\u011fu tiyatro sahnesinden inip, s\u00fcr\u00fckleyici bir roman\u0131n ba\u015fkahraman\u0131 oluveriyor. O mesle\u011fi u\u011fruna s\u0131n\u0131r tan\u0131madan diyar diyar dola\u015f\u0131rken Bahtiyar\u2019\u0131n ba\u015f d\u00f6nd\u00fcren kurgusuyla sadece ak\u0131llara de\u011fil kalplere de kaz\u0131n\u0131yor. D\u00fcnya sahnesinden bir Muhsin Ertu\u011frul ge\u00e7ti ard\u0131nda \u0131\u015f\u0131lt\u0131l\u0131 bir iz b\u0131rakarak\u2026\u201cMuhsin Bey i\u00e7in yeni bir kitap yaz\u0131lm\u0131\u015f olmas\u0131na ne kadar sevindi\u011fimi anlatamam. Zira son y\u0131llarda hi\u00e7 laf\u0131 edilmez oldu ve neredeyse unutulup gitti. Bug\u00fcn T\u00fcrk Tiyatrosunun b\u00f6yle g\u00fc\u00e7l\u00fc olmas\u0131na, bizlerin sa\u011flam bir \u015fekilde ayakta durmam\u0131za olanak veren Muhsin Ertu\u011frul\u2019un unutulup gitmesine bir tiyatrocu olarak \u00fcz\u00fclmemek m\u00fcmk\u00fcn de\u011fil. Muhsin Ertu\u011frul\u2019un T\u00fcrk Tiyatrosunun ger\u00e7ek kurucusu oldu\u011funu bilmemiz ve daha da \u00f6nemlisi gelecek nesillere bildirmemiz gerek.\u201dHaldun Dormen\u201cCumhuriyetimizin kurucusu nas\u0131l ki, ba\u015f\u00f6\u011fretmenimiz ulu \u00f6nder Mustafa Kemal Atat\u00fcrk ise; T\u00fcrkTiyatrosunun kurucusu, koruyucusu ve bug\u00fcnlere gelmesini sa\u011flayan tiyatromuzun ba\u015f\u00f6\u011fretmeni de Muhsin Ertu\u011frul\u2019dur. Ne mutlu bana onun imzas\u0131 ile \u2018Dar\u00fclbedayi\u2019 yani \u2018G\u00fczellikler Evi\u2019 olan \u015eehir Tiyatrolar\u0131 ailesine kat\u0131ld\u0131m. Bu kitapla ba\u015f\u00f6\u011fretmenimin uzun zaman sonra tekrar an\u0131lmas\u0131 mutluluk verici. Perdeler, hi\u00e7 kapanmas\u0131n!\u201dZihni G\u00f6ktay<\/p>\n","protected":false},"excerpt":{"rendered":"<p>Muhsin\u2026 16 ya\u015f\u0131nda tiyatro sevdas\u0131na mani olmaya \u00e7al\u0131\u015fan ailesine ba\u015fkald\u0131r\u0131p kendi yolunu \u00e7izen ve sahnede devle\u015ferek sonsuzlu\u011fa ula\u015fan bir sanat devrimcisi. A\u00e7l\u0131k, paras\u0131zl\u0131k, bask\u0131 ya da<span class=\"excerpt-hellip\"> [\u2026]<\/span><\/p>\n","protected":false},"featured_media":0,"template":"","meta":{"_monsterinsights_skip_tracking":false,"_monsterinsights_sitenote_active":false,"_monsterinsights_sitenote_note":"","_monsterinsights_sitenote_category":0},"product_brand":[],"product_cat":[12291,12711],"product_tag":[],"class_list":{"0":"post-731564","1":"product","2":"type-product","3":"status-publish","5":"product_cat-edebiyat","6":"product_cat-roman-oyku","7":"pa_cilt-ciltsiz","8":"pa_tur-kitap","9":"pa_yayinevi-inkilap-kitabevi","10":"pa_yazar-orhan-bahtiyar","12":"first","13":"instock","14":"sale","15":"shipping-taxable","16":"purchasable","17":"product-type-simple"},"_links":{"self":[{"href":"https:\/\/roveyayinevi.com.tr\/index.php\/wp-json\/wp\/v2\/product\/731564","targetHints":{"allow":["GET"]}}],"collection":[{"href":"https:\/\/roveyayinevi.com.tr\/index.php\/wp-json\/wp\/v2\/product"}],"about":[{"href":"https:\/\/roveyayinevi.com.tr\/index.php\/wp-json\/wp\/v2\/types\/product"}],"wp:attachment":[{"href":"https:\/\/roveyayinevi.com.tr\/index.php\/wp-json\/wp\/v2\/media?parent=731564"}],"wp:term":[{"taxonomy":"product_brand","embeddable":true,"href":"https:\/\/roveyayinevi.com.tr\/index.php\/wp-json\/wp\/v2\/product_brand?post=731564"},{"taxonomy":"product_cat","embeddable":true,"href":"https:\/\/roveyayinevi.com.tr\/index.php\/wp-json\/wp\/v2\/product_cat?post=731564"},{"taxonomy":"product_tag","embeddable":true,"href":"https:\/\/roveyayinevi.com.tr\/index.php\/wp-json\/wp\/v2\/product_tag?post=731564"}],"curies":[{"name":"wp","href":"https:\/\/api.w.org\/{rel}","templated":true}]}}