{"id":731563,"date":"2025-08-27T21:34:10","date_gmt":"2025-08-27T18:34:10","guid":{"rendered":"https:\/\/roveyayinevi.com.tr\/index.php\/urun\/kapitalizmin-yayilisi-1848den-gunumuze-kapitalizm-2\/"},"modified":"2026-04-16T02:39:42","modified_gmt":"2026-04-15T23:39:42","slug":"kapitalizmin-yayilisi-1848den-gunumuze-kapitalizm-2","status":"publish","type":"product","link":"https:\/\/roveyayinevi.com.tr\/index.php\/urun\/kapitalizmin-yayilisi-1848den-gunumuze-kapitalizm-2\/","title":{"rendered":"Kapitalizmin Yay\u0131l\u0131\u015f\u0131: 1848&#8217;den G\u00fcn\u00fcm\u00fcze &#8211; Kapitalizm 2"},"content":{"rendered":"<p>Kapitalizm Tarihi, Sanayi Devrimi\u2019yle ve son iki y\u00fczy\u0131l\u0131 ge\u00e7kin s\u00fcredir d\u00fcnya ekonomisinin k\u00fcreselle\u015fmesine ba\u011fl\u0131 olarak, eski d\u00fcnyadaki kapitalizmin ilk k\u00f6kenlerinden evrimini ve Orta\u00e7a\u011f\u2019\u0131n sonlar\u0131ndaki Avrupa\u2019da pazarlar\u0131n geli\u015fimini kapsayan en iyi at\u0131ft\u0131r.Uluslararas\u0131 d\u00fczeyde g\u00f6zde bilim insanlar\u0131ndan olu\u015fan bir ekip taraf\u0131ndan yaz\u0131lan iki ciltlik derleme,kapitalizmin y\u00fckseli\u015finin ve yay\u0131lmas\u0131n\u0131n uzman ve eksiksiz bir anlat\u0131m\u0131n\u0131 sunar. Cilt 2 kapitalizme cevaplar ararken, Cilt 1 eski zamanlardaki uzak k\u00f6kenlerini ortaya \u00e7\u0131kar\u0131yor. Kapitalizmin ba\u015far\u0131lar\u0131 \u00e7ok dikkat \u00e7ekse de, kapitalizmin geli\u015fimini kesmeye devam eden krizlerin yan\u0131 s\u0131ra dini, felsefi ve siyasi ele\u015ftiriler de dikkat \u00e7ekiyor. Kapitalizmin tarihi, Bat\u0131\u2019n\u0131n tarihiyle geleneksel olarak ba\u011flant\u0131l\u0131 olmas\u0131na ra\u011fmen, bu ciltler kapitalizmdeki b\u00f6lgesel de\u011fi\u015fiklikleri dikkate alarak ve rakiplerine k\u0131yasla e\u015fsiz bir inceleme sunarak k\u00fcresel bir bak\u0131\u015f a\u00e7\u0131s\u0131 kazan\u0131yor.Ciltlerin ListesiCilt 1Kapitalizmin Do\u011fu\u015fu:\u0130lk K\u00f6kenlerinden 1848\u2019eCilt 2Kapitalizmin Yay\u0131l\u0131\u015f\u0131:1848\u2019den G\u00fcn\u00fcm\u00fcze<\/p>\n","protected":false},"excerpt":{"rendered":"<p>Kapitalizm Tarihi, Sanayi Devrimi\u2019yle ve son iki y\u00fczy\u0131l\u0131 ge\u00e7kin s\u00fcredir d\u00fcnya ekonomisinin k\u00fcreselle\u015fmesine ba\u011fl\u0131 olarak, eski d\u00fcnyadaki kapitalizmin ilk k\u00f6kenlerinden evrimini ve Orta\u00e7a\u011f\u2019\u0131n sonlar\u0131ndaki Avrupa\u2019da pazarlar\u0131n<span class=\"excerpt-hellip\"> [\u2026]<\/span><\/p>\n","protected":false},"featured_media":0,"template":"","meta":{"_monsterinsights_skip_tracking":false,"_monsterinsights_sitenote_active":false,"_monsterinsights_sitenote_note":"","_monsterinsights_sitenote_category":0},"product_brand":[],"product_cat":[12370,12304],"product_tag":[],"class_list":{"0":"post-731563","1":"product","2":"type-product","3":"status-publish","5":"product_cat-arastirma-inceleme","6":"product_cat-tarih","7":"pa_cilt-ciltsiz","8":"pa_tur-kitap","9":"pa_yayinevi-inkilap-kitabevi","10":"pa_yazar-larry-neal-jeffrey-g-williamson","12":"first","13":"instock","14":"sale","15":"shipping-taxable","16":"purchasable","17":"product-type-simple"},"_links":{"self":[{"href":"https:\/\/roveyayinevi.com.tr\/index.php\/wp-json\/wp\/v2\/product\/731563","targetHints":{"allow":["GET"]}}],"collection":[{"href":"https:\/\/roveyayinevi.com.tr\/index.php\/wp-json\/wp\/v2\/product"}],"about":[{"href":"https:\/\/roveyayinevi.com.tr\/index.php\/wp-json\/wp\/v2\/types\/product"}],"wp:attachment":[{"href":"https:\/\/roveyayinevi.com.tr\/index.php\/wp-json\/wp\/v2\/media?parent=731563"}],"wp:term":[{"taxonomy":"product_brand","embeddable":true,"href":"https:\/\/roveyayinevi.com.tr\/index.php\/wp-json\/wp\/v2\/product_brand?post=731563"},{"taxonomy":"product_cat","embeddable":true,"href":"https:\/\/roveyayinevi.com.tr\/index.php\/wp-json\/wp\/v2\/product_cat?post=731563"},{"taxonomy":"product_tag","embeddable":true,"href":"https:\/\/roveyayinevi.com.tr\/index.php\/wp-json\/wp\/v2\/product_tag?post=731563"}],"curies":[{"name":"wp","href":"https:\/\/api.w.org\/{rel}","templated":true}]}}