{"id":731561,"date":"2025-08-27T21:34:08","date_gmt":"2025-08-27T18:34:08","guid":{"rendered":"https:\/\/roveyayinevi.com.tr\/index.php\/urun\/yazi-civilemek-kagidin-oykusu\/"},"modified":"2026-04-16T02:39:42","modified_gmt":"2026-04-15T23:39:42","slug":"yazi-civilemek-kagidin-oykusu","status":"publish","type":"product","link":"https:\/\/roveyayinevi.com.tr\/index.php\/urun\/yazi-civilemek-kagidin-oykusu\/","title":{"rendered":"Yaz\u0131 \u00c7ivilemek &#8211; Ka\u011f\u0131d\u0131n \u00d6yk\u00fcs\u00fc"},"content":{"rendered":"<p>\u0130lk yaz\u0131 ne zaman bulundu? \u0130lk kitap ne zaman yaz\u0131ld\u0131? Papir\u00fcs k\u00e2\u011f\u0131d\u0131n\u0131 bulan kimdi? Bergama k\u00e2\u011f\u0131d\u0131na neden Par\u015f\u00f6men demi\u015fiz? \u0130lk k\u00e2\u011f\u0131t nas\u0131l \u00fcretildi? K\u00e2\u011f\u0131t olmasa uygarl\u0131k yay\u0131l\u0131r m\u0131yd\u0131? K\u00e2\u011f\u0131d\u0131 d\u00fcnyaya yayan kimdi? Y\u00fccel Feyzio\u011flu, masallar\u0131 ara\u015ft\u0131r\u0131rken yanl\u0131\u015f bilinen do\u011frular\u0131n hik\u00e2yesini de buldu ve bu kitapta yazd\u0131. <\/p>\n","protected":false},"excerpt":{"rendered":"<p>\u0130lk yaz\u0131 ne zaman bulundu? \u0130lk kitap ne zaman yaz\u0131ld\u0131? Papir\u00fcs k\u00e2\u011f\u0131d\u0131n\u0131 bulan kimdi? Bergama k\u00e2\u011f\u0131d\u0131na neden Par\u015f\u00f6men demi\u015fiz? \u0130lk k\u00e2\u011f\u0131t nas\u0131l \u00fcretildi? K\u00e2\u011f\u0131t olmasa uygarl\u0131k<span class=\"excerpt-hellip\"> [\u2026]<\/span><\/p>\n","protected":false},"featured_media":0,"template":"","meta":{"_monsterinsights_skip_tracking":false,"_monsterinsights_sitenote_active":false,"_monsterinsights_sitenote_note":"","_monsterinsights_sitenote_category":0},"product_brand":[],"product_cat":[12275,12274],"product_tag":[],"class_list":{"0":"post-731561","1":"product","2":"type-product","3":"status-publish","5":"product_cat-6-12-yas-kitaplari","6":"product_cat-cocuk-ve-genclik-kitaplari","7":"pa_cilt-ciltsiz","8":"pa_tur-kitap","9":"pa_yayinevi-dogu-bati-cocuk","10":"pa_yazar-yucel-feyzioglu","12":"first","13":"instock","14":"sale","15":"shipping-taxable","16":"purchasable","17":"product-type-simple"},"_links":{"self":[{"href":"https:\/\/roveyayinevi.com.tr\/index.php\/wp-json\/wp\/v2\/product\/731561","targetHints":{"allow":["GET"]}}],"collection":[{"href":"https:\/\/roveyayinevi.com.tr\/index.php\/wp-json\/wp\/v2\/product"}],"about":[{"href":"https:\/\/roveyayinevi.com.tr\/index.php\/wp-json\/wp\/v2\/types\/product"}],"wp:attachment":[{"href":"https:\/\/roveyayinevi.com.tr\/index.php\/wp-json\/wp\/v2\/media?parent=731561"}],"wp:term":[{"taxonomy":"product_brand","embeddable":true,"href":"https:\/\/roveyayinevi.com.tr\/index.php\/wp-json\/wp\/v2\/product_brand?post=731561"},{"taxonomy":"product_cat","embeddable":true,"href":"https:\/\/roveyayinevi.com.tr\/index.php\/wp-json\/wp\/v2\/product_cat?post=731561"},{"taxonomy":"product_tag","embeddable":true,"href":"https:\/\/roveyayinevi.com.tr\/index.php\/wp-json\/wp\/v2\/product_tag?post=731561"}],"curies":[{"name":"wp","href":"https:\/\/api.w.org\/{rel}","templated":true}]}}