{"id":731560,"date":"2025-08-27T21:34:07","date_gmt":"2025-08-27T18:34:07","guid":{"rendered":"https:\/\/roveyayinevi.com.tr\/index.php\/urun\/eylul-1-dilhun\/"},"modified":"2026-04-16T02:39:42","modified_gmt":"2026-04-15T23:39:42","slug":"eylul-1-dilhun","status":"publish","type":"product","link":"https:\/\/roveyayinevi.com.tr\/index.php\/urun\/eylul-1-dilhun\/","title":{"rendered":"Eyl\u00fcl 1-Dilhun"},"content":{"rendered":"<p>Ben bir adam sevdim. Sevdi\u011fi insanlara \u00f6l\u00fcm getirece\u011fini d\u00fc\u015f\u00fcnd\u00fc\u011f\u00fc i\u00e7in sevmeyi kendine yasak edinen bir adam\u0131. Ben koskoca evde yapayaln\u0131z kalan k\u00fc\u00e7\u00fcc\u00fck bir k\u0131z sevdim. Annesiz b\u00fcy\u00fcm\u00fc\u015f bir k\u0131z\u0131. Ben, asl\u0131nda en \u00e7ok o k\u0131z\u0131n annesi olmay\u0131, o adam\u0131n zemherisini \u0131s\u0131tan g\u00fcne\u015f olmay\u0131 sevdim.   Ruhumdaki k\u0131p\u0131rt\u0131lar, dudaklar\u0131mdan minik bir tebess\u00fcm kopartt\u0131\u011f\u0131nda g\u00f6zlerimi kapatt\u0131m ve g\u00f6zlerimin \u00f6n\u00fcnde beliren sevdi\u011fim adam\u0131n sil\u00fcetine derin bir i\u00e7 \u00e7ektim. Derler ki a\u015fk, u\u00e7suz bucaks\u0131z diyarlardaki masallarda g\u00fczel, o masal kahramanlar\u0131nda \u00f6zel. Derler ki mutlu son yaln\u0131zca masallarda biter. Sonunu bilmedi\u011fim masal\u0131m\u0131n i\u00e7inde kahraman\u0131m Poyraz oldu\u011fu s\u00fcrece onun sesini duydu\u011fum, onun maviliklerine bakt\u0131\u011f\u0131m ve i\u00e7ime \u00e7ekti\u011fim her koku, onun kokusu oldu\u011fu s\u00fcrece ben hep ayn\u0131 masal\u0131 ya\u015famak isteyecek, hi\u00e7 bitmemesini dileyecektim.<\/p>\n","protected":false},"excerpt":{"rendered":"<p>Ben bir adam sevdim. Sevdi\u011fi insanlara \u00f6l\u00fcm getirece\u011fini d\u00fc\u015f\u00fcnd\u00fc\u011f\u00fc i\u00e7in sevmeyi kendine yasak edinen bir adam\u0131. Ben koskoca evde yapayaln\u0131z kalan k\u00fc\u00e7\u00fcc\u00fck bir k\u0131z sevdim. Annesiz<span class=\"excerpt-hellip\"> [\u2026]<\/span><\/p>\n","protected":false},"featured_media":0,"template":"","meta":{"_monsterinsights_skip_tracking":false,"_monsterinsights_sitenote_active":false,"_monsterinsights_sitenote_note":"","_monsterinsights_sitenote_category":0},"product_brand":[],"product_cat":[12291,12711],"product_tag":[],"class_list":{"0":"post-731560","1":"product","2":"type-product","3":"status-publish","5":"product_cat-edebiyat","6":"product_cat-roman-oyku","7":"pa_cilt-ciltsiz","8":"pa_tur-kitap","9":"pa_yayinevi-dokuz-yayinlari","10":"pa_yazar-gonca-cakir","12":"first","13":"instock","14":"sale","15":"shipping-taxable","16":"purchasable","17":"product-type-simple"},"_links":{"self":[{"href":"https:\/\/roveyayinevi.com.tr\/index.php\/wp-json\/wp\/v2\/product\/731560","targetHints":{"allow":["GET"]}}],"collection":[{"href":"https:\/\/roveyayinevi.com.tr\/index.php\/wp-json\/wp\/v2\/product"}],"about":[{"href":"https:\/\/roveyayinevi.com.tr\/index.php\/wp-json\/wp\/v2\/types\/product"}],"wp:attachment":[{"href":"https:\/\/roveyayinevi.com.tr\/index.php\/wp-json\/wp\/v2\/media?parent=731560"}],"wp:term":[{"taxonomy":"product_brand","embeddable":true,"href":"https:\/\/roveyayinevi.com.tr\/index.php\/wp-json\/wp\/v2\/product_brand?post=731560"},{"taxonomy":"product_cat","embeddable":true,"href":"https:\/\/roveyayinevi.com.tr\/index.php\/wp-json\/wp\/v2\/product_cat?post=731560"},{"taxonomy":"product_tag","embeddable":true,"href":"https:\/\/roveyayinevi.com.tr\/index.php\/wp-json\/wp\/v2\/product_tag?post=731560"}],"curies":[{"name":"wp","href":"https:\/\/api.w.org\/{rel}","templated":true}]}}