{"id":731559,"date":"2025-08-27T21:34:06","date_gmt":"2025-08-27T18:34:06","guid":{"rendered":"https:\/\/roveyayinevi.com.tr\/index.php\/urun\/mera-dalgalarin-hakimi\/"},"modified":"2026-04-16T02:39:13","modified_gmt":"2026-04-15T23:39:13","slug":"mera-dalgalarin-hakimi","status":"publish","type":"product","link":"https:\/\/roveyayinevi.com.tr\/index.php\/urun\/mera-dalgalarin-hakimi\/","title":{"rendered":"Mera \u2013 Dalgalar\u0131n Hakimi"},"content":{"rendered":"<p>\u201cMera: Dalgalar\u0131n H\u00e2kimi\u2019\u2019ni okurken dalgalar\u0131n i\u00e7ine s\u00fcr\u00fcklenip gerilim, kahramanl\u0131k ve a\u015fkla dolu bir d\u00fcnyaya dalacaks\u0131n\u0131z\u201dSasha Alsberg, Zenith\u2019in New York Times \u00e7oksatan yazar\u0131 New York Times \u00e7oksatan yazar\u0131 Danielle Paige\u2019in ve \u00e7izer Stephen Byrne\u2019\u0131n kaleminden Mera ve Aquaman\u2019\u0131n k\u00f6ken \u00f6yk\u00fcs\u00fc. Mera karaya ilk ad\u0131mlar\u0131n\u0131 atarken kahraman ya da d\u00fc\u015fman olma yolunda da ilk ad\u0131mlar\u0131n\u0131 at\u0131yor. Kalbini mi dinleyecek yoksa ucunda \u00f6l\u00fcm\u00fcn yatt\u0131\u011f\u0131 g\u00f6revine mi devam edecek? Sualt\u0131ndaki d\u00fcnyan\u0131n kraliyet \u00fcyesi ve okurlar\u0131n sevgilisinin g\u00f6z\u00fcnden g\u00f6rev bilinci, a\u015fk, kahramanl\u0131k ve \u00f6zg\u00fcrl\u00fc\u011f\u00fcn anlat\u0131m\u0131n\u0131 yeniden ke\u015ffedece\u011finiz \u015fa\u015f\u0131rt\u0131c\u0131 bir \u00f6yk\u00fc\u2026<\/p>\n","protected":false},"excerpt":{"rendered":"<p>\u201cMera: Dalgalar\u0131n H\u00e2kimi\u2019\u2019ni okurken dalgalar\u0131n i\u00e7ine s\u00fcr\u00fcklenip gerilim, kahramanl\u0131k ve a\u015fkla dolu bir d\u00fcnyaya dalacaks\u0131n\u0131z\u201dSasha Alsberg, Zenith\u2019in New York Times \u00e7oksatan yazar\u0131 New York Times \u00e7oksatan<span class=\"excerpt-hellip\"> [\u2026]<\/span><\/p>\n","protected":false},"featured_media":0,"template":"","meta":{"_monsterinsights_skip_tracking":false,"_monsterinsights_sitenote_active":false,"_monsterinsights_sitenote_note":"","_monsterinsights_sitenote_category":0},"product_brand":[],"product_cat":[12689,12274],"product_tag":[],"class_list":{"0":"post-731559","1":"product","2":"type-product","3":"status-publish","5":"product_cat-cizgi-roman-cocuk-ve-genclik-kitaplari","6":"product_cat-cocuk-ve-genclik-kitaplari","7":"pa_cilt-ciltsiz","8":"pa_tur-kitap","9":"pa_yayinevi-epsilon-yayinlari","10":"pa_yazar-danielle-paige","12":"first","13":"instock","14":"sale","15":"shipping-taxable","16":"purchasable","17":"product-type-simple"},"_links":{"self":[{"href":"https:\/\/roveyayinevi.com.tr\/index.php\/wp-json\/wp\/v2\/product\/731559","targetHints":{"allow":["GET"]}}],"collection":[{"href":"https:\/\/roveyayinevi.com.tr\/index.php\/wp-json\/wp\/v2\/product"}],"about":[{"href":"https:\/\/roveyayinevi.com.tr\/index.php\/wp-json\/wp\/v2\/types\/product"}],"wp:attachment":[{"href":"https:\/\/roveyayinevi.com.tr\/index.php\/wp-json\/wp\/v2\/media?parent=731559"}],"wp:term":[{"taxonomy":"product_brand","embeddable":true,"href":"https:\/\/roveyayinevi.com.tr\/index.php\/wp-json\/wp\/v2\/product_brand?post=731559"},{"taxonomy":"product_cat","embeddable":true,"href":"https:\/\/roveyayinevi.com.tr\/index.php\/wp-json\/wp\/v2\/product_cat?post=731559"},{"taxonomy":"product_tag","embeddable":true,"href":"https:\/\/roveyayinevi.com.tr\/index.php\/wp-json\/wp\/v2\/product_tag?post=731559"}],"curies":[{"name":"wp","href":"https:\/\/api.w.org\/{rel}","templated":true}]}}