{"id":731558,"date":"2025-08-27T21:34:05","date_gmt":"2025-08-27T18:34:05","guid":{"rendered":"https:\/\/roveyayinevi.com.tr\/index.php\/urun\/batgirlun-golgesi\/"},"modified":"2026-04-16T02:39:13","modified_gmt":"2026-04-15T23:39:13","slug":"batgirlun-golgesi","status":"publish","type":"product","link":"https:\/\/roveyayinevi.com.tr\/index.php\/urun\/batgirlun-golgesi\/","title":{"rendered":"Batgirl\u2019\u00fcn G\u00f6lgesi"},"content":{"rendered":"<p>Bazen ne\u015feli, bazen korkutucu ve deh\u015fet verici ama hep etkileyici\u2026 Bu kitap Gotham\u2019\u0131n en haval\u0131 ve en tehlikeli kahramanlar\u0131ndan biri olan Cassandra Cain\u2019in k\u00f6kenini taze bir bak\u0131\u015fla sunuyor. Kuhn, Goux ve Peter sunduklar\u0131 zengin tecr\u00fcbeyle bir an bile nefes alman\u0131za izin vermeyecek. Batgirl\u2019in G\u00f6lgesi \u00e7ok ho\u015funuza gidecek.\u201dGail Simone, Birds of Prey ve Batgirl\u2018\u00fcn yazar\u0131    Cassandra Cain gen\u00e7 bir suikast\u00e7i, pek de Batgirl malzemesi var denemez\u2026 Hen\u00fcz. G\u00f6lgelerden s\u0131yr\u0131l\u0131p en b\u00fcy\u00fck engelleri a\u015fabilecek mi? Kafas\u0131nda s\u00fcrekli kahraman olamayaca\u011f\u0131n\u0131 s\u00f6yleyen sesi yenebilecek mi?   Ne \u015fans ki kaderine meydan okurken tek ba\u015f\u0131na de\u011fil. Restoran sahibi Jackie Fujikawa Yoneyama ve k\u00fct\u00fcphaneci Barbara Gordon gibi yeni ak\u0131l hocalar\u0131n\u0131n yard\u0131m\u0131yla bu sorusunun cevab\u0131n\u0131 bildi\u011fi tek yolla arayacak: en sevdi\u011fi kahraman hakk\u0131nda \u00f6\u011frenebilece\u011fi her \u015feyi \u00f6\u011frenerek. Tek problem Batgirl\u2019\u00fcn senelerdir Gotham\u2019da g\u00f6r\u00fclmemi\u015f olmas\u0131\u2026 Cass sevdi\u011fi d\u00fcnyay\u0131 babas\u0131n\u0131n \u015ferrinden yava\u015f yava\u015f kurtarabilmek i\u00e7in Batgirl\u2019\u00fc zaman\u0131nda bulabilecek mi? Ya da tamamen kendine ait kahramanl\u0131k pelerinini omuzlar\u0131na ge\u00e7irmek zorunda m\u0131 kalacak?   Nicole Goux\u2019un al\u0131\u015f\u0131lm\u0131\u015fa meydan okuyan \u00e7izim tarz\u0131n\u0131n e\u015flik etti\u011fi, Heroine Complex ve I Love So Mochi kitaplar\u0131n\u0131n yazar\u0131 Sarah Kuhn\u2019un kaleminden, benzersiz kimli\u011fini bulmaya \u00e7al\u0131\u015f\u0131rken t\u00fcm zorluklar\u0131 a\u015fan bir k\u0131z\u0131n y\u00fcrek burkan \u00f6yk\u00fcs\u00fc.<\/p>\n","protected":false},"excerpt":{"rendered":"<p>Bazen ne\u015feli, bazen korkutucu ve deh\u015fet verici ama hep etkileyici\u2026 Bu kitap Gotham\u2019\u0131n en haval\u0131 ve en tehlikeli kahramanlar\u0131ndan biri olan Cassandra Cain\u2019in k\u00f6kenini taze bir<span class=\"excerpt-hellip\"> [\u2026]<\/span><\/p>\n","protected":false},"featured_media":0,"template":"","meta":{"_monsterinsights_skip_tracking":false,"_monsterinsights_sitenote_active":false,"_monsterinsights_sitenote_note":"","_monsterinsights_sitenote_category":0},"product_brand":[],"product_cat":[12689,12274],"product_tag":[],"class_list":{"0":"post-731558","1":"product","2":"type-product","3":"status-publish","5":"product_cat-cizgi-roman-cocuk-ve-genclik-kitaplari","6":"product_cat-cocuk-ve-genclik-kitaplari","7":"pa_cilt-ciltsiz","8":"pa_tur-kitap","9":"pa_yayinevi-epsilon-yayinlari","10":"pa_yazar-sarah-kuhn-nicole-goux","12":"first","13":"instock","14":"sale","15":"shipping-taxable","16":"purchasable","17":"product-type-simple"},"_links":{"self":[{"href":"https:\/\/roveyayinevi.com.tr\/index.php\/wp-json\/wp\/v2\/product\/731558","targetHints":{"allow":["GET"]}}],"collection":[{"href":"https:\/\/roveyayinevi.com.tr\/index.php\/wp-json\/wp\/v2\/product"}],"about":[{"href":"https:\/\/roveyayinevi.com.tr\/index.php\/wp-json\/wp\/v2\/types\/product"}],"wp:attachment":[{"href":"https:\/\/roveyayinevi.com.tr\/index.php\/wp-json\/wp\/v2\/media?parent=731558"}],"wp:term":[{"taxonomy":"product_brand","embeddable":true,"href":"https:\/\/roveyayinevi.com.tr\/index.php\/wp-json\/wp\/v2\/product_brand?post=731558"},{"taxonomy":"product_cat","embeddable":true,"href":"https:\/\/roveyayinevi.com.tr\/index.php\/wp-json\/wp\/v2\/product_cat?post=731558"},{"taxonomy":"product_tag","embeddable":true,"href":"https:\/\/roveyayinevi.com.tr\/index.php\/wp-json\/wp\/v2\/product_tag?post=731558"}],"curies":[{"name":"wp","href":"https:\/\/api.w.org\/{rel}","templated":true}]}}