{"id":731557,"date":"2025-08-27T21:34:05","date_gmt":"2025-08-27T18:34:05","guid":{"rendered":"https:\/\/roveyayinevi.com.tr\/index.php\/urun\/self-healing-ilacsiz-sifa-sanati\/"},"modified":"2026-04-16T02:39:13","modified_gmt":"2026-04-15T23:39:13","slug":"self-healing-ilacsiz-sifa-sanati","status":"publish","type":"product","link":"https:\/\/roveyayinevi.com.tr\/index.php\/urun\/self-healing-ilacsiz-sifa-sanati\/","title":{"rendered":"Self Healing &#8211; \u0130la\u00e7s\u0131z \u015eifa Sanat\u0131"},"content":{"rendered":"<p>V\u00fccuduna G\u00fcven, O Kendini \u0130yile\u015ftirir \u0130nsan sahip oldu\u011fu \u00f6zellikleriyle e\u015fsiz bir varl\u0131kt\u0131r. Ama bir\u00e7o\u011fumuz \u015fifan\u0131n, iyilik halinin, a\u015fk\u0131n, yani d\u0131\u015far\u0131da arad\u0131\u011f\u0131m\u0131z her \u015feyin kendimizde oldu\u011funu unutup, hazinenin \u00fcst\u00fcne oturup hazine arar. Her \u015fey arad\u0131klar\u0131n\u0131z\u0131n kendinizde oldu\u011funu fark etmenizle ba\u015flayacak. Siz yeter ki kendinize ve i\u00e7selli\u011finize do\u011fru bir ad\u0131m at\u0131n ve sonucu g\u00f6r\u00fcn. Self Healing, beslenme, ya\u015fam tarz\u0131 de\u011fi\u015fiklikleri, zihinsel d\u00f6n\u00fc\u015f\u00fcm ve frekansal tedavilerini kapsayan ve iyile\u015fmenin \u00f6n\u00fcndeki engelleri kald\u0131rmay\u0131 ama\u00e7layan bir \u00f6\u011fretidir. B\u00fct\u00fcnsel bir bak\u0131\u015f a\u00e7\u0131s\u0131yla hem modern t\u0131bb\u0131n avantajlar\u0131n\u0131 kullan\u0131r hem de buna ek olarak di\u011fer iyile\u015ftirme tekniklerinden faydalan\u0131r ve hepsinin \u00f6tesinde v\u00fccudun kendi iyile\u015fme kapasitesinin aktive olmas\u0131n\u0131 hedefler. Self Healing &#8211; \u0130la\u00e7s\u0131z \u015eifa Sanat\u0131 hastal\u0131klardan kurtulmak ve korunmak i\u00e7in, iyile\u015fmeyi farkl\u0131 bir perspektiften ele al\u0131yor. V\u00fccudunuzu, metabolizman\u0131z\u0131, hormonlar\u0131n\u0131z\u0131 ve bunlar\u0131n mekanizmalar\u0131n\u0131 inceleyip sorgulayarak fark\u0131ndal\u0131k kazanman\u0131za yard\u0131mc\u0131 oluyor. Bug\u00fcne kadar pek ele al\u0131nmayan, te\u015fhis ve tedavi s\u00fcrecinde genellikle g\u00f6z ard\u0131 edilen, neredeyse herkesin maruz kald\u0131\u011f\u0131 \u2018stres\u2019 ve en yak\u0131n dostu \u2018kortizol\u2019 hormonunun sizi ve v\u00fccudunuzu nas\u0131l \u2018esir\u2019 ald\u0131\u011f\u0131n\u0131 ortaya koyuyor. Bu kitab\u0131 \u015fu an okumakta oldu\u011funuza g\u00f6re yenilenmenin vakti gelmi\u015f demektir. Yenilenmek \u015fifay\u0131 getirecek ve siz yeni bir ben ile yepyeni bir ger\u00e7ekli\u011fe ad\u0131m atacaks\u0131n\u0131z\u2026 \u00d6yleyse, kendisini dinleyip anlayarak ona g\u00fcvendi\u011finizde v\u00fccudunuzun neler yapabilece\u011fini \u00f6\u011frenmeye, \u015fifaya a\u00e7\u0131lan kap\u0131dan girip hep birlikte iyile\u015fmeye ne dersiniz? <\/p>\n","protected":false},"excerpt":{"rendered":"<p>V\u00fccuduna G\u00fcven, O Kendini \u0130yile\u015ftirir \u0130nsan sahip oldu\u011fu \u00f6zellikleriyle e\u015fsiz bir varl\u0131kt\u0131r. Ama bir\u00e7o\u011fumuz \u015fifan\u0131n, iyilik halinin, a\u015fk\u0131n, yani d\u0131\u015far\u0131da arad\u0131\u011f\u0131m\u0131z her \u015feyin kendimizde oldu\u011funu unutup,<span class=\"excerpt-hellip\"> [\u2026]<\/span><\/p>\n","protected":false},"featured_media":0,"template":"","meta":{"_monsterinsights_skip_tracking":false,"_monsterinsights_sitenote_active":false,"_monsterinsights_sitenote_note":"","_monsterinsights_sitenote_category":0},"product_brand":[],"product_cat":[13402,13365],"product_tag":[],"class_list":{"0":"post-731557","1":"product","2":"type-product","3":"status-publish","5":"product_cat-beslenme-ve-diyet","6":"product_cat-saglik","7":"pa_cilt-ciltsiz","8":"pa_tur-kitap","9":"pa_yayinevi-hayykitap","10":"pa_yazar-isil-uzun-cilingir","12":"first","13":"instock","14":"sale","15":"shipping-taxable","16":"purchasable","17":"product-type-simple"},"_links":{"self":[{"href":"https:\/\/roveyayinevi.com.tr\/index.php\/wp-json\/wp\/v2\/product\/731557","targetHints":{"allow":["GET"]}}],"collection":[{"href":"https:\/\/roveyayinevi.com.tr\/index.php\/wp-json\/wp\/v2\/product"}],"about":[{"href":"https:\/\/roveyayinevi.com.tr\/index.php\/wp-json\/wp\/v2\/types\/product"}],"wp:attachment":[{"href":"https:\/\/roveyayinevi.com.tr\/index.php\/wp-json\/wp\/v2\/media?parent=731557"}],"wp:term":[{"taxonomy":"product_brand","embeddable":true,"href":"https:\/\/roveyayinevi.com.tr\/index.php\/wp-json\/wp\/v2\/product_brand?post=731557"},{"taxonomy":"product_cat","embeddable":true,"href":"https:\/\/roveyayinevi.com.tr\/index.php\/wp-json\/wp\/v2\/product_cat?post=731557"},{"taxonomy":"product_tag","embeddable":true,"href":"https:\/\/roveyayinevi.com.tr\/index.php\/wp-json\/wp\/v2\/product_tag?post=731557"}],"curies":[{"name":"wp","href":"https:\/\/api.w.org\/{rel}","templated":true}]}}