{"id":731556,"date":"2025-08-27T21:34:03","date_gmt":"2025-08-27T18:34:03","guid":{"rendered":"https:\/\/roveyayinevi.com.tr\/index.php\/urun\/daginik-duzen\/"},"modified":"2026-04-16T02:39:13","modified_gmt":"2026-04-15T23:39:13","slug":"daginik-duzen","status":"publish","type":"product","link":"https:\/\/roveyayinevi.com.tr\/index.php\/urun\/daginik-duzen\/","title":{"rendered":"Da\u011f\u0131n\u0131k D\u00fczen"},"content":{"rendered":"<p>\u00d6yle bakma bana \u0130\u00e7imde konfetiler patl\u0131yor Akl\u0131m kar\u0131\u015f\u0131yor \u015eantiyeler \u015f\u00f6valyeler Altm\u0131\u015f ikiden tav\u015fan oluyorum her yer da\u011f \u00c7ok \u015fey var da s\u00f6ylenecek Bir m\u00fcmk\u00fcn\u00fc olsun tek Bu hevesin bu d\u00fc\u015f\u00fcn Ne kadar \u00e7i\u00e7ek varsa k\u0131rlarda Hepsinin bir fazlas\u0131 g\u00fcl\u00fc\u015f\u00fcn \u00d6yle bakma bana \u0130\u00e7imde konfetiler patl\u0131yor Akl\u0131m kar\u0131\u015f\u0131yor \u015eantiyeler \u015f\u00f6valyeler Altm\u0131\u015f ikiden tav\u015fan oluyorum her yer da\u011f \u00c7ok \u015fey var da s\u00f6ylenecek Bir m\u00fcmk\u00fcn\u00fc olsun tek Bu hevesin bu d\u00fc\u015f\u00fcn Ne kadar \u00e7i\u00e7ek varsa k\u0131rlarda Hepsinin bir fazlas\u0131 g\u00fcl\u00fc\u015f\u00fcn <\/p>\n","protected":false},"excerpt":{"rendered":"<p>\u00d6yle bakma bana \u0130\u00e7imde konfetiler patl\u0131yor Akl\u0131m kar\u0131\u015f\u0131yor \u015eantiyeler \u015f\u00f6valyeler Altm\u0131\u015f ikiden tav\u015fan oluyorum her yer da\u011f \u00c7ok \u015fey var da s\u00f6ylenecek Bir m\u00fcmk\u00fcn\u00fc olsun tek<span class=\"excerpt-hellip\"> [\u2026]<\/span><\/p>\n","protected":false},"featured_media":0,"template":"","meta":{"_monsterinsights_skip_tracking":false,"_monsterinsights_sitenote_active":false,"_monsterinsights_sitenote_note":"","_monsterinsights_sitenote_category":0},"product_brand":[],"product_cat":[12291,12509],"product_tag":[],"class_list":{"0":"post-731556","1":"product","2":"type-product","3":"status-publish","5":"product_cat-edebiyat","6":"product_cat-siir","7":"pa_cilt-ciltsiz","8":"pa_tur-kitap","9":"pa_yayinevi-gulnar-yayinlari","10":"pa_yazar-sayit-karakas","12":"first","13":"instock","14":"sale","15":"shipping-taxable","16":"purchasable","17":"product-type-simple"},"_links":{"self":[{"href":"https:\/\/roveyayinevi.com.tr\/index.php\/wp-json\/wp\/v2\/product\/731556","targetHints":{"allow":["GET"]}}],"collection":[{"href":"https:\/\/roveyayinevi.com.tr\/index.php\/wp-json\/wp\/v2\/product"}],"about":[{"href":"https:\/\/roveyayinevi.com.tr\/index.php\/wp-json\/wp\/v2\/types\/product"}],"wp:attachment":[{"href":"https:\/\/roveyayinevi.com.tr\/index.php\/wp-json\/wp\/v2\/media?parent=731556"}],"wp:term":[{"taxonomy":"product_brand","embeddable":true,"href":"https:\/\/roveyayinevi.com.tr\/index.php\/wp-json\/wp\/v2\/product_brand?post=731556"},{"taxonomy":"product_cat","embeddable":true,"href":"https:\/\/roveyayinevi.com.tr\/index.php\/wp-json\/wp\/v2\/product_cat?post=731556"},{"taxonomy":"product_tag","embeddable":true,"href":"https:\/\/roveyayinevi.com.tr\/index.php\/wp-json\/wp\/v2\/product_tag?post=731556"}],"curies":[{"name":"wp","href":"https:\/\/api.w.org\/{rel}","templated":true}]}}