{"id":731555,"date":"2025-08-27T21:34:02","date_gmt":"2025-08-27T18:34:02","guid":{"rendered":"https:\/\/roveyayinevi.com.tr\/index.php\/urun\/kim-korkar-matematikten-1-20ye-kadar-toplama-ve-cikarma\/"},"modified":"2025-11-21T06:54:47","modified_gmt":"2025-11-21T03:54:47","slug":"kim-korkar-matematikten-1-20ye-kadar-toplama-ve-cikarma","status":"publish","type":"product","link":"https:\/\/roveyayinevi.com.tr\/index.php\/urun\/kim-korkar-matematikten-1-20ye-kadar-toplama-ve-cikarma\/","title":{"rendered":"Kim Korkar Matematikten 1 &#8211; 20\u2019ye Kadar Toplama ve \u00c7\u0131karma"},"content":{"rendered":"<p>Eg\u0306lenceli ve renkli oyunlarla dolu etkinlikleriyle matematik \u00f6\u011frenmeyi kolay ve zevkli ha\u0302le getiren, sihirli bir seri! Merhaba, ben Kont Azat! \u015eatoma girin, ben ve tuhaf arkada\u015flar\u0131mla birlikte 20\u2019ye kadar say\u0131lar\u0131 i\u00e7eren e\u011flenceli oyunlarla matematik al\u0131\u015ft\u0131rmalar\u0131 yapma \u015fans\u0131 yakalay\u0131n! E\u011flenceli karakterleri boyay\u0131n, birbirinden renkli \u00e7\u0131kartmalar\u0131 toplay\u0131n ve Bukalemun Orkun ile saklamba\u00e7 oynay\u0131n! Etkinlikleri tamamlad\u0131\u011f\u0131nda sihirli \u015fatomdan da matematikten de korkmayacaks\u0131n!<\/p>\n","protected":false},"excerpt":{"rendered":"<p>Eg\u0306lenceli ve renkli oyunlarla dolu etkinlikleriyle matematik \u00f6\u011frenmeyi kolay ve zevkli ha\u0302le getiren, sihirli bir seri! Merhaba, ben Kont Azat! \u015eatoma girin, ben ve tuhaf arkada\u015flar\u0131mla<span class=\"excerpt-hellip\"> [\u2026]<\/span><\/p>\n","protected":false},"featured_media":0,"template":"","meta":{"_monsterinsights_skip_tracking":false,"_monsterinsights_sitenote_active":false,"_monsterinsights_sitenote_note":"","_monsterinsights_sitenote_category":0},"product_brand":[],"product_cat":[12274,15842],"product_tag":[],"class_list":{"0":"post-731555","1":"product","2":"type-product","3":"status-publish","5":"product_cat-cocuk-ve-genclik-kitaplari","6":"product_cat-egitici-kitaplar","7":"pa_cilt-ciltsiz","8":"pa_tur-kitap10","9":"pa_yayinevi-ucan-fil-yayinlari","10":"pa_yazar-ucan-fil-yayinlari-kolektif","12":"first","13":"instock","14":"sale","15":"shipping-taxable","16":"purchasable","17":"product-type-simple"},"_links":{"self":[{"href":"https:\/\/roveyayinevi.com.tr\/index.php\/wp-json\/wp\/v2\/product\/731555","targetHints":{"allow":["GET"]}}],"collection":[{"href":"https:\/\/roveyayinevi.com.tr\/index.php\/wp-json\/wp\/v2\/product"}],"about":[{"href":"https:\/\/roveyayinevi.com.tr\/index.php\/wp-json\/wp\/v2\/types\/product"}],"wp:attachment":[{"href":"https:\/\/roveyayinevi.com.tr\/index.php\/wp-json\/wp\/v2\/media?parent=731555"}],"wp:term":[{"taxonomy":"product_brand","embeddable":true,"href":"https:\/\/roveyayinevi.com.tr\/index.php\/wp-json\/wp\/v2\/product_brand?post=731555"},{"taxonomy":"product_cat","embeddable":true,"href":"https:\/\/roveyayinevi.com.tr\/index.php\/wp-json\/wp\/v2\/product_cat?post=731555"},{"taxonomy":"product_tag","embeddable":true,"href":"https:\/\/roveyayinevi.com.tr\/index.php\/wp-json\/wp\/v2\/product_tag?post=731555"}],"curies":[{"name":"wp","href":"https:\/\/api.w.org\/{rel}","templated":true}]}}