{"id":731551,"date":"2025-08-27T21:33:58","date_gmt":"2025-08-27T18:33:58","guid":{"rendered":"https:\/\/roveyayinevi.com.tr\/index.php\/urun\/akilli-cocuk-4-ciz-ve-boya\/"},"modified":"2026-04-16T02:39:13","modified_gmt":"2026-04-15T23:39:13","slug":"akilli-cocuk-4-ciz-ve-boya","status":"publish","type":"product","link":"https:\/\/roveyayinevi.com.tr\/index.php\/urun\/akilli-cocuk-4-ciz-ve-boya\/","title":{"rendered":"Ak\u0131ll\u0131 \u00c7ocuk 4 \u2013 \u00c7iz ve Boya"},"content":{"rendered":"<p>Okul \u00f6ncesi d\u00f6nemdeki \u00e7ocuklar\u0131n ince motor ve bili\u015fsel geli\u015fimlerini desteklemek amac\u0131yla haz\u0131rlanm\u0131\u015f\u0327 bu kitapta; &#8211; g\u00f6rsel dikkat &#8211; k\u0131sa s\u00fcreli haf\u0131za &#8211; say\u0131 tan\u0131ma &#8211; boyama ve \u00e7izgi tamamlama egzersizleri bulunmaktad\u0131r. \u00c7ocuklar kitaptaki etkinlikleri yaparken hem e\u011flenecek hem de \u00f6\u011frenecekler. <\/p>\n","protected":false},"excerpt":{"rendered":"<p>Okul \u00f6ncesi d\u00f6nemdeki \u00e7ocuklar\u0131n ince motor ve bili\u015fsel geli\u015fimlerini desteklemek amac\u0131yla haz\u0131rlanm\u0131\u015f\u0327 bu kitapta; &#8211; g\u00f6rsel dikkat &#8211; k\u0131sa s\u00fcreli haf\u0131za &#8211; say\u0131 tan\u0131ma &#8211; boyama<span class=\"excerpt-hellip\"> [\u2026]<\/span><\/p>\n","protected":false},"featured_media":0,"template":"","meta":{"_monsterinsights_skip_tracking":false,"_monsterinsights_sitenote_active":false,"_monsterinsights_sitenote_note":"","_monsterinsights_sitenote_category":0},"product_brand":[],"product_cat":[12644,12274],"product_tag":[],"class_list":{"0":"post-731551","1":"product","2":"type-product","3":"status-publish","5":"product_cat-boyama-kitaplari","6":"product_cat-cocuk-ve-genclik-kitaplari","7":"pa_cilt-ciltsiz","8":"pa_tur-kitap","9":"pa_yayinevi-cinar-yayinlari","10":"pa_yazar-cinar-yayinlari-kolektif","12":"first","13":"instock","14":"sale","15":"shipping-taxable","16":"purchasable","17":"product-type-simple"},"_links":{"self":[{"href":"https:\/\/roveyayinevi.com.tr\/index.php\/wp-json\/wp\/v2\/product\/731551","targetHints":{"allow":["GET"]}}],"collection":[{"href":"https:\/\/roveyayinevi.com.tr\/index.php\/wp-json\/wp\/v2\/product"}],"about":[{"href":"https:\/\/roveyayinevi.com.tr\/index.php\/wp-json\/wp\/v2\/types\/product"}],"wp:attachment":[{"href":"https:\/\/roveyayinevi.com.tr\/index.php\/wp-json\/wp\/v2\/media?parent=731551"}],"wp:term":[{"taxonomy":"product_brand","embeddable":true,"href":"https:\/\/roveyayinevi.com.tr\/index.php\/wp-json\/wp\/v2\/product_brand?post=731551"},{"taxonomy":"product_cat","embeddable":true,"href":"https:\/\/roveyayinevi.com.tr\/index.php\/wp-json\/wp\/v2\/product_cat?post=731551"},{"taxonomy":"product_tag","embeddable":true,"href":"https:\/\/roveyayinevi.com.tr\/index.php\/wp-json\/wp\/v2\/product_tag?post=731551"}],"curies":[{"name":"wp","href":"https:\/\/api.w.org\/{rel}","templated":true}]}}