{"id":731549,"date":"2025-08-27T21:33:56","date_gmt":"2025-08-27T18:33:56","guid":{"rendered":"https:\/\/roveyayinevi.com.tr\/index.php\/urun\/daireler-ve-cemberler\/"},"modified":"2026-04-16T02:39:13","modified_gmt":"2026-04-15T23:39:13","slug":"daireler-ve-cemberler","status":"publish","type":"product","link":"https:\/\/roveyayinevi.com.tr\/index.php\/urun\/daireler-ve-cemberler\/","title":{"rendered":"Daireler ve \u00c7emberler"},"content":{"rendered":"<p>Tekerlekler, madeni paralar, toplar, y\u00fcz\u00fckler, d\u00fc\u011fmeler. Temel geometrik \u015fekillerden olan daireler ve \u00e7emberler her yerdedir! Reng\u00e2renk \u00e7izimlerle dolu bu e\u011flenceli kitapta, yuvarlak \u015fekillerin temel \u00f6zelliklerini \u00f6\u011frenirken kiri\u015f, yay, daire dilimi gibi terimlerle ve \u00e7ok \u00f6nemli bir de\u011fer olan pi\u2019yle tan\u0131\u015facaks\u0131n\u0131z. \u0130\u00e7indeki uygulamal\u0131 aktiviteler sayesinde bir dairenin yar\u0131\u00e7ap\u0131n\u0131, \u00e7ap\u0131n\u0131 ve alan\u0131n\u0131 nas\u0131l bulaca\u011f\u0131n\u0131z\u0131 kolayca \u00f6\u011freneceksiniz!   Matematik d\u00fcnyas\u0131ndaki en temel konular\u0131 sade ve anla\u015f\u0131l\u0131r bir \u015fekilde ele alan matematik \u00f6\u011fretmeni David A. Adler\u2019\u0131n yazd\u0131\u011f\u0131 ve canl\u0131, ak\u0131lda kal\u0131c\u0131 \u00e7izimlere imza atan Edward Miller\u2019\u0131n resimledi\u011fi Daireler ve \u00c7emberler, sizi birer geometri uzman\u0131na d\u00f6n\u00fc\u015ft\u00fcrecek! <\/p>\n","protected":false},"excerpt":{"rendered":"<p>Tekerlekler, madeni paralar, toplar, y\u00fcz\u00fckler, d\u00fc\u011fmeler. Temel geometrik \u015fekillerden olan daireler ve \u00e7emberler her yerdedir! Reng\u00e2renk \u00e7izimlerle dolu bu e\u011flenceli kitapta, yuvarlak \u015fekillerin temel \u00f6zelliklerini \u00f6\u011frenirken<span class=\"excerpt-hellip\"> [\u2026]<\/span><\/p>\n","protected":false},"featured_media":0,"template":"","meta":{"_monsterinsights_skip_tracking":false,"_monsterinsights_sitenote_active":false,"_monsterinsights_sitenote_note":"","_monsterinsights_sitenote_category":0},"product_brand":[],"product_cat":[12913,12274],"product_tag":[],"class_list":{"0":"post-731549","1":"product","2":"type-product","3":"status-publish","5":"product_cat-3-6-yas-kitaplari","6":"product_cat-cocuk-ve-genclik-kitaplari","7":"pa_cilt-ciltsiz","8":"pa_tur-kitap","9":"pa_yayinevi-ithaki-yayinlari","10":"pa_yazar-david-a-adler","12":"first","13":"instock","14":"sale","15":"shipping-taxable","16":"purchasable","17":"product-type-simple"},"_links":{"self":[{"href":"https:\/\/roveyayinevi.com.tr\/index.php\/wp-json\/wp\/v2\/product\/731549","targetHints":{"allow":["GET"]}}],"collection":[{"href":"https:\/\/roveyayinevi.com.tr\/index.php\/wp-json\/wp\/v2\/product"}],"about":[{"href":"https:\/\/roveyayinevi.com.tr\/index.php\/wp-json\/wp\/v2\/types\/product"}],"wp:attachment":[{"href":"https:\/\/roveyayinevi.com.tr\/index.php\/wp-json\/wp\/v2\/media?parent=731549"}],"wp:term":[{"taxonomy":"product_brand","embeddable":true,"href":"https:\/\/roveyayinevi.com.tr\/index.php\/wp-json\/wp\/v2\/product_brand?post=731549"},{"taxonomy":"product_cat","embeddable":true,"href":"https:\/\/roveyayinevi.com.tr\/index.php\/wp-json\/wp\/v2\/product_cat?post=731549"},{"taxonomy":"product_tag","embeddable":true,"href":"https:\/\/roveyayinevi.com.tr\/index.php\/wp-json\/wp\/v2\/product_tag?post=731549"}],"curies":[{"name":"wp","href":"https:\/\/api.w.org\/{rel}","templated":true}]}}