{"id":731548,"date":"2025-08-27T21:33:54","date_gmt":"2025-08-27T18:33:54","guid":{"rendered":"https:\/\/roveyayinevi.com.tr\/index.php\/urun\/eger-kizin-olsaydim\/"},"modified":"2026-04-13T02:47:52","modified_gmt":"2026-04-12T23:47:52","slug":"eger-kizin-olsaydim","status":"publish","type":"product","link":"https:\/\/roveyayinevi.com.tr\/index.php\/urun\/eger-kizin-olsaydim\/","title":{"rendered":"E\u011fer K\u0131z\u0131n Olsayd\u0131m"},"content":{"rendered":"<p>Belki de sadece s\u0131radan bir k\u0131z\u0131md\u0131r.   Amanda Hardy, yeni okuluna ba\u015flad\u0131\u011f\u0131nda her gen\u00e7 gibi arkada\u015f edinmek ve ortama uyum sa\u011flamak istiyordu. Fakat \u00e7ok \u00f6nemli bir s\u0131rr\u0131 vard\u0131. Eskiden Andrew oldu\u011fu \u00f6\u011frenilirse, her \u015fey yine tepetaklak olabilirdi.   Kendini korumak i\u00e7in ne kadar duvar \u00f6rse de sevgisiz ge\u00e7en bir hayat ya\u015famak say\u0131lmazd\u0131. \u0130lk g\u00f6r\u00fc\u015fte tutuldu\u011fu Grant\u2019le zaman ge\u00e7irdik\u00e7e, kendisiyle ilgili her \u015feyi ona a\u00e7\u0131klamak daha da zorla\u015f\u0131yor, kendini daha da b\u00fcy\u00fck bir a\u00e7mazda buluyordu.   Ger\u00e7ekler, a\u015fk\u0131na m\u0131 yoksa hayat\u0131na m\u0131 mal olacakt\u0131?   \u2022 Publishers Weekly \u2022 Kirkus \u2022 iBooks \u2022 Barnes &amp; Noble \u2022 Amazon ve \u2022 Bustle\u2019a g\u00f6re YILIN EN \u0130Y\u0130 ROMANI   \u201cBu cesur, ilham verici ve muhte\u015fem kitab\u0131 mutlaka okuyun.\u201d \u2014Jennifer Niven   \u201cE\u011fer K\u0131z\u0131n Olsayd\u0131m, \u00f6nyarg\u0131lar\u0131n\u0131z\u0131 k\u0131racak.\u201d \u2014Nina LaCour   \u201cO kadar \u00f6nemli bir kitap ki bitirir bitirmez herkesle payla\u015fmak isteyeceksiniz.\u201d \u2014Julie Murphy   \u201cHayattaki yerini bulmaya \u00e7al\u0131\u015fan bir gencin ger\u00e7ek\u00e7i portresi.\u201d \u2014Washington Post   \u201cUmuda dair b\u00fcy\u00fcleyici bir hik\u00e2ye.\u201d \u2014Publishers Weekly, starred review   \u201cFarkl\u0131 hissetmeye ve \u00f6nyarg\u0131lara dair sevgi ve umut dolu bir roman.\u201d \u2014Kirkus, starred review <\/p>\n","protected":false},"excerpt":{"rendered":"<p>Belki de sadece s\u0131radan bir k\u0131z\u0131md\u0131r. Amanda Hardy, yeni okuluna ba\u015flad\u0131\u011f\u0131nda her gen\u00e7 gibi arkada\u015f edinmek ve ortama uyum sa\u011flamak istiyordu. Fakat \u00e7ok \u00f6nemli bir s\u0131rr\u0131<span class=\"excerpt-hellip\"> [\u2026]<\/span><\/p>\n","protected":false},"featured_media":0,"template":"","meta":{"_monsterinsights_skip_tracking":false,"_monsterinsights_sitenote_active":false,"_monsterinsights_sitenote_note":"","_monsterinsights_sitenote_category":0},"product_brand":[],"product_cat":[12291,12711],"product_tag":[],"class_list":{"0":"post-731548","1":"product","2":"type-product","3":"status-publish","5":"product_cat-edebiyat","6":"product_cat-roman-oyku","7":"pa_cilt-ciltli","8":"pa_tur-kitap","9":"pa_yayinevi-yabanci-yayinevi","10":"pa_yazar-meredith-russo","12":"first","13":"instock","14":"sale","15":"shipping-taxable","16":"purchasable","17":"product-type-simple"},"_links":{"self":[{"href":"https:\/\/roveyayinevi.com.tr\/index.php\/wp-json\/wp\/v2\/product\/731548","targetHints":{"allow":["GET"]}}],"collection":[{"href":"https:\/\/roveyayinevi.com.tr\/index.php\/wp-json\/wp\/v2\/product"}],"about":[{"href":"https:\/\/roveyayinevi.com.tr\/index.php\/wp-json\/wp\/v2\/types\/product"}],"wp:attachment":[{"href":"https:\/\/roveyayinevi.com.tr\/index.php\/wp-json\/wp\/v2\/media?parent=731548"}],"wp:term":[{"taxonomy":"product_brand","embeddable":true,"href":"https:\/\/roveyayinevi.com.tr\/index.php\/wp-json\/wp\/v2\/product_brand?post=731548"},{"taxonomy":"product_cat","embeddable":true,"href":"https:\/\/roveyayinevi.com.tr\/index.php\/wp-json\/wp\/v2\/product_cat?post=731548"},{"taxonomy":"product_tag","embeddable":true,"href":"https:\/\/roveyayinevi.com.tr\/index.php\/wp-json\/wp\/v2\/product_tag?post=731548"}],"curies":[{"name":"wp","href":"https:\/\/api.w.org\/{rel}","templated":true}]}}