{"id":731547,"date":"2025-08-27T21:33:53","date_gmt":"2025-08-27T18:33:53","guid":{"rendered":"https:\/\/roveyayinevi.com.tr\/index.php\/urun\/kar-sercesi-1-alaz\/"},"modified":"2026-04-16T02:39:12","modified_gmt":"2026-04-15T23:39:12","slug":"kar-sercesi-1-alaz","status":"publish","type":"product","link":"https:\/\/roveyayinevi.com.tr\/index.php\/urun\/kar-sercesi-1-alaz\/","title":{"rendered":"Kar Ser\u00e7esi 1- Alaz"},"content":{"rendered":"<p>Kim demi\u015f \u201cErkekler a\u011flamaz!\u201d diye. A\u011flar efendim. Hatta \u00f6yle bir a\u011flarlar ki al\u0131p da k\u00fc\u00e7\u00fck bir \u00e7ocuk gibi dizinize yat\u0131rmak istersiniz. Ben bu gece beni dizlerine yat\u0131racak olan kad\u0131n\u0131n yoklu\u011funa a\u011fl\u0131yorum. Okudu\u011fum kitaplar, yazd\u0131\u011f\u0131m sat\u0131rlar, hepsi birer yara band\u0131yd\u0131. Baz\u0131 insanlar i\u00e7inin ac\u0131s\u0131n\u0131 kelimelerden \u00e7\u0131kar\u0131yordu. Ben de o insanlardan biriydim. \u0130\u00e7imdeki ac\u0131lar\u0131 parmak u\u00e7lar\u0131mda buluyor, onlar\u0131 sat\u0131rlara \u00e7al\u0131yordum. Ben Alaz Tando\u011fan. Babas\u0131 taraf\u0131ndan terk edilen, annesi taraf\u0131ndan \u00f6ks\u00fcz b\u0131rak\u0131lan, hayat m\u00fccadelesine k\u00fc\u00e7\u00fck ya\u015fta ba\u015flayan k\u00fcl olmu\u015f bir gencim. Koca bir \u015fehri, ge\u00e7mi\u015fi de i\u00e7ine g\u00f6merek geride b\u0131rakt\u0131m. Kaybetmemeye \u00e7al\u0131\u015ft\u0131\u011f\u0131m g\u00fczel yan\u0131m\u0131 da cehennem kap\u0131lar\u0131n\u0131n \u00f6n\u00fcnden toplarken i\u00e7imdeki iblisleri zapt etmeye \u00e7al\u0131\u015ft\u0131m. Her \u015feyi yoluna koymaya \u00e7al\u0131\u015ft\u0131\u011f\u0131m ve bir mele\u011fin kanatlar\u0131 alt\u0131na s\u0131\u011f\u0131nd\u0131\u011f\u0131m bir zaman oldu. Ama hayat\u0131m \u00fczerine kumar oynanan masada, kader bir kez daha a\u00e7t\u0131 elini \u00f6n\u00fcme. \u0130\u015fte o an, elimdeki senaryolarda yazmayan s\u00fcrpriz son, her \u015feyin ba\u015flang\u0131c\u0131 oldu. Ve bir alaz sard\u0131 her yan\u0131. \u0130\u00e7inde yanan kim oldu dersiniz? <\/p>\n","protected":false},"excerpt":{"rendered":"<p>Kim demi\u015f \u201cErkekler a\u011flamaz!\u201d diye. A\u011flar efendim. Hatta \u00f6yle bir a\u011flarlar ki al\u0131p da k\u00fc\u00e7\u00fck bir \u00e7ocuk gibi dizinize yat\u0131rmak istersiniz. Ben bu gece beni dizlerine<span class=\"excerpt-hellip\"> [\u2026]<\/span><\/p>\n","protected":false},"featured_media":0,"template":"","meta":{"_monsterinsights_skip_tracking":false,"_monsterinsights_sitenote_active":false,"_monsterinsights_sitenote_note":"","_monsterinsights_sitenote_category":0},"product_brand":[],"product_cat":[14643,12291],"product_tag":[],"class_list":{"0":"post-731547","1":"product","2":"type-product","3":"status-publish","5":"product_cat-ask","6":"product_cat-edebiyat","7":"pa_cilt-ciltsiz","8":"pa_tur-kitap","9":"pa_yayinevi-muptela-yayinevi","10":"pa_yazar-omer-kaan-cetin","12":"first","13":"instock","14":"sale","15":"shipping-taxable","16":"purchasable","17":"product-type-simple"},"_links":{"self":[{"href":"https:\/\/roveyayinevi.com.tr\/index.php\/wp-json\/wp\/v2\/product\/731547","targetHints":{"allow":["GET"]}}],"collection":[{"href":"https:\/\/roveyayinevi.com.tr\/index.php\/wp-json\/wp\/v2\/product"}],"about":[{"href":"https:\/\/roveyayinevi.com.tr\/index.php\/wp-json\/wp\/v2\/types\/product"}],"wp:attachment":[{"href":"https:\/\/roveyayinevi.com.tr\/index.php\/wp-json\/wp\/v2\/media?parent=731547"}],"wp:term":[{"taxonomy":"product_brand","embeddable":true,"href":"https:\/\/roveyayinevi.com.tr\/index.php\/wp-json\/wp\/v2\/product_brand?post=731547"},{"taxonomy":"product_cat","embeddable":true,"href":"https:\/\/roveyayinevi.com.tr\/index.php\/wp-json\/wp\/v2\/product_cat?post=731547"},{"taxonomy":"product_tag","embeddable":true,"href":"https:\/\/roveyayinevi.com.tr\/index.php\/wp-json\/wp\/v2\/product_tag?post=731547"}],"curies":[{"name":"wp","href":"https:\/\/api.w.org\/{rel}","templated":true}]}}