{"id":731546,"date":"2025-08-27T21:33:52","date_gmt":"2025-08-27T18:33:52","guid":{"rendered":"https:\/\/roveyayinevi.com.tr\/index.php\/urun\/kahraman-ve-cellat\/"},"modified":"2026-04-16T02:39:12","modified_gmt":"2026-04-15T23:39:12","slug":"kahraman-ve-cellat","status":"publish","type":"product","link":"https:\/\/roveyayinevi.com.tr\/index.php\/urun\/kahraman-ve-cellat\/","title":{"rendered":"Kahraman ve Cellat"},"content":{"rendered":"<p>Ev, ailenin karakutusu. \u0130\u00e7eride \u00e7ok ses var, \u00e7o\u011fu zaman ayn\u0131 \u015feyi s\u00f6ylemeyen sesler. Orada her \u015fey co\u015fkuyla, umutla ve iyi niyetle ba\u015fl\u0131yor ama b\u00f6yle devam etmiyor. Toplum, aile i\u00e7in roller se\u00e7iyor: Anneler cefa \u00e7ekiyor, babalar fedak\u00e2rl\u0131k ediyor. Ya \u00e7ocuklar? Orada de\u011filler sanki. Aile olmak, insandan verebilece\u011fi en \u00e7etin m\u00fccadeleyi talep ediyor.   \u015eeniz Ba\u015f, Kahraman ve Cellat\u2019ta aile kavram\u0131n\u0131 yeniden tart\u0131\u015fmaya a\u00e7arak yaratt\u0131\u011f\u0131 karakterlerle sadece bireyin de\u011fil toplumun da \u00e7\u0131kmazlar\u0131na i\u015faret ediyor. &#8220;Kahraman ve Cellat&#8221; \u00f6zenli dili, s\u00fcr\u00fckleyici kurgusu ve okuru i\u00e7ine alan atmosferiyle uzun zaman ak\u0131lda kalacak bir roman.   \u201cAynadaki bak\u0131\u015f\u0131 anlamaya \u00e7al\u0131\u015f\u0131yorum. Kim bak\u0131yor bize oradan? Kahraman m\u0131 cellat m\u0131? Y\u00fcz\u00fcne bir g\u00fcl\u00fcmseme yay\u0131l\u0131yor babam\u0131n.\u201d <\/p>\n","protected":false},"excerpt":{"rendered":"<p>Ev, ailenin karakutusu. \u0130\u00e7eride \u00e7ok ses var, \u00e7o\u011fu zaman ayn\u0131 \u015feyi s\u00f6ylemeyen sesler. Orada her \u015fey co\u015fkuyla, umutla ve iyi niyetle ba\u015fl\u0131yor ama b\u00f6yle devam etmiyor.<span class=\"excerpt-hellip\"> [\u2026]<\/span><\/p>\n","protected":false},"featured_media":0,"template":"","meta":{"_monsterinsights_skip_tracking":false,"_monsterinsights_sitenote_active":false,"_monsterinsights_sitenote_note":"","_monsterinsights_sitenote_category":0},"product_brand":[],"product_cat":[12291,12711],"product_tag":[],"class_list":{"0":"post-731546","1":"product","2":"type-product","3":"status-publish","5":"product_cat-edebiyat","6":"product_cat-roman-oyku","7":"pa_cilt-ciltsiz","8":"pa_tur-kitap","9":"pa_yayinevi-ithaki-yayinlari","10":"pa_yazar-seniz-bas","12":"first","13":"instock","14":"sale","15":"shipping-taxable","16":"purchasable","17":"product-type-simple"},"_links":{"self":[{"href":"https:\/\/roveyayinevi.com.tr\/index.php\/wp-json\/wp\/v2\/product\/731546","targetHints":{"allow":["GET"]}}],"collection":[{"href":"https:\/\/roveyayinevi.com.tr\/index.php\/wp-json\/wp\/v2\/product"}],"about":[{"href":"https:\/\/roveyayinevi.com.tr\/index.php\/wp-json\/wp\/v2\/types\/product"}],"wp:attachment":[{"href":"https:\/\/roveyayinevi.com.tr\/index.php\/wp-json\/wp\/v2\/media?parent=731546"}],"wp:term":[{"taxonomy":"product_brand","embeddable":true,"href":"https:\/\/roveyayinevi.com.tr\/index.php\/wp-json\/wp\/v2\/product_brand?post=731546"},{"taxonomy":"product_cat","embeddable":true,"href":"https:\/\/roveyayinevi.com.tr\/index.php\/wp-json\/wp\/v2\/product_cat?post=731546"},{"taxonomy":"product_tag","embeddable":true,"href":"https:\/\/roveyayinevi.com.tr\/index.php\/wp-json\/wp\/v2\/product_tag?post=731546"}],"curies":[{"name":"wp","href":"https:\/\/api.w.org\/{rel}","templated":true}]}}