{"id":731545,"date":"2025-08-27T21:33:51","date_gmt":"2025-08-27T18:33:51","guid":{"rendered":"https:\/\/roveyayinevi.com.tr\/index.php\/urun\/kan-fermani\/"},"modified":"2026-04-16T02:39:12","modified_gmt":"2026-04-15T23:39:12","slug":"kan-fermani","status":"publish","type":"product","link":"https:\/\/roveyayinevi.com.tr\/index.php\/urun\/kan-fermani\/","title":{"rendered":"Kan Ferman\u0131"},"content":{"rendered":"<p>\u201cKanla yaz\u0131lan ancak kanla bozulur.\u201d   Akla gelmeyenin ba\u015fa neler getirece\u011fini kim nereden bilebilir? Ufac\u0131k bir domino ta\u015f\u0131n\u0131n her \u015feyi yerle yeksan etmesi i\u00e7in t\u00fcm \u015fartlar haz\u0131r. Korku kendine yer bulmak i\u00e7in s\u0131ras\u0131n\u0131 bekliyor. O, buldu\u011fu yerde k\u00f6klenmek isteyen tohum sanki. Kanla beslenip boy atan bir a\u011fa\u00e7.   \u015eafak G\u00fc\u00e7l\u00fc, Kan Ferman\u0131 ile bu topraklar\u0131n korku i\u00e7in ne kadar bereketli oldu\u011funu g\u00f6steriyor okura. S\u00fcrekli devan eden temposu, \u015fa\u015f\u0131rt\u0131c\u0131 kurgusu ve nefes al\u0131p veren karakterleriyle uzun zaman unutamayaca\u011f\u0131n\u0131z bir roman.   \u201cVampir elindeki rulo \u015feklinde tuttu\u011fu ferman\u0131 a\u00e7t\u0131. Par\u015f\u00f6men k\u00e2\u011f\u0131d\u0131n \u00fcst\u00fcnde kurumu\u015f kan lekeleri ve silikle\u015fmi\u015f Arap\u00e7a yaz\u0131lar vard\u0131. Bir s\u00fcre bekleyen yarat\u0131k m\u0131r\u0131ldanmaya ba\u015flad\u0131! Bir anda \u00f6nlerindeki ate\u015f harlayarak y\u00fckseldi. K\u0131v\u0131lc\u0131mlar ma\u011faran\u0131n onlarca metrelik tavan\u0131n\u0131 bir anl\u0131\u011f\u0131na yalad\u0131 ve yeniden normale d\u00f6nd\u00fc. Bununla birlikte di\u011fer yarat\u0131klar yeniden ayn\u0131 s\u00f6zleri m\u0131r\u0131ldanmaya ba\u015flad\u0131. \u015eimdi t\u00fcm ma\u011farada yank\u0131lanan anla\u015f\u0131lmaz bir u\u011fultu gittik\u00e7e y\u00fckseliyordu. Art\u0131k \u00f6l\u00fcmc\u00fcl ayin ba\u015flam\u0131\u015ft\u0131!\u201d   <\/p>\n","protected":false},"excerpt":{"rendered":"<p>\u201cKanla yaz\u0131lan ancak kanla bozulur.\u201d Akla gelmeyenin ba\u015fa neler getirece\u011fini kim nereden bilebilir? Ufac\u0131k bir domino ta\u015f\u0131n\u0131n her \u015feyi yerle yeksan etmesi i\u00e7in t\u00fcm \u015fartlar haz\u0131r.<span class=\"excerpt-hellip\"> [\u2026]<\/span><\/p>\n","protected":false},"featured_media":0,"template":"","meta":{"_monsterinsights_skip_tracking":false,"_monsterinsights_sitenote_active":false,"_monsterinsights_sitenote_note":"","_monsterinsights_sitenote_category":0},"product_brand":[],"product_cat":[12291,17033],"product_tag":[],"class_list":{"0":"post-731545","1":"product","2":"type-product","3":"status-publish","5":"product_cat-edebiyat","6":"product_cat-korku-gerilim","7":"pa_cilt-ciltsiz","8":"pa_tur-kitap","9":"pa_yayinevi-ithaki-yayinlari","10":"pa_yazar-safak-guclu","12":"first","13":"instock","14":"sale","15":"shipping-taxable","16":"purchasable","17":"product-type-simple"},"_links":{"self":[{"href":"https:\/\/roveyayinevi.com.tr\/index.php\/wp-json\/wp\/v2\/product\/731545","targetHints":{"allow":["GET"]}}],"collection":[{"href":"https:\/\/roveyayinevi.com.tr\/index.php\/wp-json\/wp\/v2\/product"}],"about":[{"href":"https:\/\/roveyayinevi.com.tr\/index.php\/wp-json\/wp\/v2\/types\/product"}],"wp:attachment":[{"href":"https:\/\/roveyayinevi.com.tr\/index.php\/wp-json\/wp\/v2\/media?parent=731545"}],"wp:term":[{"taxonomy":"product_brand","embeddable":true,"href":"https:\/\/roveyayinevi.com.tr\/index.php\/wp-json\/wp\/v2\/product_brand?post=731545"},{"taxonomy":"product_cat","embeddable":true,"href":"https:\/\/roveyayinevi.com.tr\/index.php\/wp-json\/wp\/v2\/product_cat?post=731545"},{"taxonomy":"product_tag","embeddable":true,"href":"https:\/\/roveyayinevi.com.tr\/index.php\/wp-json\/wp\/v2\/product_tag?post=731545"}],"curies":[{"name":"wp","href":"https:\/\/api.w.org\/{rel}","templated":true}]}}