{"id":731544,"date":"2025-08-27T21:33:50","date_gmt":"2025-08-27T18:33:50","guid":{"rendered":"https:\/\/roveyayinevi.com.tr\/index.php\/urun\/kuyrukluyildiz-gunleri\/"},"modified":"2026-04-16T02:39:12","modified_gmt":"2026-04-15T23:39:12","slug":"kuyrukluyildiz-gunleri","status":"publish","type":"product","link":"https:\/\/roveyayinevi.com.tr\/index.php\/urun\/kuyrukluyildiz-gunleri\/","title":{"rendered":"Kuyrukluy\u0131ld\u0131z G\u00fcnleri"},"content":{"rendered":"<p>Biliminsanlar\u0131nca, k\u00fctlesinin \u00e7o\u011fu gazdan olu\u015ftu\u011fu i\u00e7in \u00e7arpsa da etkisi olmayaca\u011f\u0131 d\u00fc\u015f\u00fcn\u00fclen bir kuyrukluy\u0131ld\u0131z D\u00fcnya\u2019ya yakla\u015f\u0131yor. Yakla\u015ft\u0131k\u00e7a b\u00fcy\u00fcyor, ye\u015filimsi ayd\u0131nl\u0131\u011f\u0131 belirginle\u015fiyor.   \u0130nsanl\u0131k ise kendi dertleriyle me\u015fgul. D\u00fcnya ekonomik krizde, insanlar i\u015fsiz, b\u00fcy\u00fck bir sava\u015f kap\u0131da. S\u00f6m\u00fcr\u00fcn\u00fcn ve sava\u015f\u0131n yan\u0131nda kuyrukluy\u0131ld\u0131z\u0131 hi\u00e7 umursamayan gen\u00e7 sosyalist William Leadford\u2019\u0131n en b\u00fcy\u00fck derdi ise hen\u00fcz ayr\u0131ld\u0131\u011f\u0131 sevgilisi. Oysa D\u00fcnya, kuyrukluy\u0131ld\u0131z sayesinde b\u00fcy\u00fck bir de\u011fi\u015fimin e\u015fi\u011finde.   Wells\u2019in 1910\u2019da D\u00fcnya\u2019dan g\u00f6r\u00fclebilecek olan Halley Kuyrukluy\u0131ld\u0131z\u0131\u2019na duydu\u011fu merakla 1906\u2019da kaleme ald\u0131\u011f\u0131 bu \u00fctopya, yazar\u0131n insanl\u0131k durumuna dair ger\u00e7ek\u00e7i g\u00f6zlemlerinden yola \u00e7\u0131karak ilerliyor ve e\u015fitlik, pasifizm, \u00f6zg\u00fcr a\u015fk ekseninde d\u00f6n\u00fcyor.   Sava\u015f ve s\u0131n\u0131fsal \u00e7eli\u015fkiler kadar a\u015fk \u00fczerine de zaman\u0131n\u0131n ilerisinde g\u00f6r\u00fc\u015flere sahip Kuyrukluy\u0131ld\u0131z G\u00fcnleri, toplumsal d\u00fczenin \u00fczerine in\u015fa edildi\u011fi temeli sarsmaktan korkmayan, sadece Wells\u2019in yazabilece\u011fi \u00f6ng\u00f6r\u00fcde bir \u201cbilimsel romans\u201d. \u201cWells Kuyrukluy\u0131ld\u0131z\u2019da bir yazar\u0131n kar\u015f\u0131s\u0131na \u00e7\u0131kabilecek en \u00fcrk\u00fct\u00fcc\u00fc m\u00fccadelelerin \u00fc\u00e7\u00fcyle y\u00fczle\u015fiyor. \u0130lki, roman kesinlikle tart\u0131\u015fmal\u0131; Wells istedi\u011fini anlatabilmek i\u00e7in roman\u0131 tersy\u00fcz etme riskine giriyor. \u0130kincisi, roman\u0131n ilerleyen b\u00f6l\u00fcmleri \u00fctopyac\u0131; herkes bilir ki \u00fctopyalar par\u0131lt\u0131dan yoksundur. Son olarak, Wells\u2019in anakarakterinde kahraman hamuru yok; bu karakterle empati kurmak zor. Ama gelin g\u00f6r\u00fcn ki Wells t\u00fcm bu sorunlar\u0131n alt\u0131ndan zekice kalk\u0131yor.\u201d \u2013Ben Bova   <\/p>\n","protected":false},"excerpt":{"rendered":"<p>Biliminsanlar\u0131nca, k\u00fctlesinin \u00e7o\u011fu gazdan olu\u015ftu\u011fu i\u00e7in \u00e7arpsa da etkisi olmayaca\u011f\u0131 d\u00fc\u015f\u00fcn\u00fclen bir kuyrukluy\u0131ld\u0131z D\u00fcnya\u2019ya yakla\u015f\u0131yor. Yakla\u015ft\u0131k\u00e7a b\u00fcy\u00fcyor, ye\u015filimsi ayd\u0131nl\u0131\u011f\u0131 belirginle\u015fiyor. \u0130nsanl\u0131k ise kendi dertleriyle me\u015fgul. D\u00fcnya<span class=\"excerpt-hellip\"> [\u2026]<\/span><\/p>\n","protected":false},"featured_media":0,"template":"","meta":{"_monsterinsights_skip_tracking":false,"_monsterinsights_sitenote_active":false,"_monsterinsights_sitenote_note":"","_monsterinsights_sitenote_category":0},"product_brand":[],"product_cat":[12540,12291],"product_tag":[],"class_list":{"0":"post-731544","1":"product","2":"type-product","3":"status-publish","5":"product_cat-bilim-kurgu","6":"product_cat-edebiyat","7":"pa_cilt-ciltsiz","8":"pa_tur-kitap","9":"pa_yayinevi-ithaki-yayinlari","10":"pa_yazar-herbert-george-wells","12":"first","13":"instock","14":"sale","15":"shipping-taxable","16":"purchasable","17":"product-type-simple"},"_links":{"self":[{"href":"https:\/\/roveyayinevi.com.tr\/index.php\/wp-json\/wp\/v2\/product\/731544","targetHints":{"allow":["GET"]}}],"collection":[{"href":"https:\/\/roveyayinevi.com.tr\/index.php\/wp-json\/wp\/v2\/product"}],"about":[{"href":"https:\/\/roveyayinevi.com.tr\/index.php\/wp-json\/wp\/v2\/types\/product"}],"wp:attachment":[{"href":"https:\/\/roveyayinevi.com.tr\/index.php\/wp-json\/wp\/v2\/media?parent=731544"}],"wp:term":[{"taxonomy":"product_brand","embeddable":true,"href":"https:\/\/roveyayinevi.com.tr\/index.php\/wp-json\/wp\/v2\/product_brand?post=731544"},{"taxonomy":"product_cat","embeddable":true,"href":"https:\/\/roveyayinevi.com.tr\/index.php\/wp-json\/wp\/v2\/product_cat?post=731544"},{"taxonomy":"product_tag","embeddable":true,"href":"https:\/\/roveyayinevi.com.tr\/index.php\/wp-json\/wp\/v2\/product_tag?post=731544"}],"curies":[{"name":"wp","href":"https:\/\/api.w.org\/{rel}","templated":true}]}}