{"id":731541,"date":"2025-08-27T21:33:47","date_gmt":"2025-08-27T18:33:47","guid":{"rendered":"https:\/\/roveyayinevi.com.tr\/index.php\/urun\/yitik-dunya\/"},"modified":"2026-04-16T02:39:12","modified_gmt":"2026-04-15T23:39:12","slug":"yitik-dunya","status":"publish","type":"product","link":"https:\/\/roveyayinevi.com.tr\/index.php\/urun\/yitik-dunya\/","title":{"rendered":"Yitik D\u00fcnya"},"content":{"rendered":"<p>Shannon Moss, Donanma Su\u00e7 Ara\u015ft\u0131rma Birimi\u2019nin gizli bir b\u00f6l\u00fcm\u00fcnde \u00e7al\u0131\u015f\u0131yordu. 1997 y\u0131l\u0131nda, Bat\u0131 Pennsylvania\u2019da, bir komandonun ailesinin cinayetini ara\u015ft\u0131rma g\u00f6revini ald\u0131, ayr\u0131ca ailenin kaybolan gen\u00e7 k\u0131z\u0131n\u0131 da bulmas\u0131 gerekiyordu. Moss, geleneksel emniyet g\u00fc\u00e7lerine s\u00f6ylemese de, kay\u0131p komandonun USS Terazi isminde bir uzay gemisinde astronot oldu\u011funu biliyordu. Bu gemi, Derin Zaman\u2019\u0131n ak\u0131nt\u0131lar\u0131 i\u00e7inde kaybolmu\u015ftu. Moss zaman yolculu\u011funun zihinsel travmalar\u0131n\u0131 ilk elden ya\u015fam\u0131\u015ft\u0131 ve komandonun gelecekteki tecr\u00fcbelerinin bu \u015fiddeti tetikledi\u011fini d\u00fc\u015f\u00fcn\u00fcyordu.  Moss, kendi ge\u00e7mi\u015findeki baz\u0131 ac\u0131lar\u0131n da etkisiyle, kay\u0131p k\u0131z\u0131 ve katili bulmak i\u00e7in zamanda ileriye, muhtemel geleceklerden birine gidecek ve 1997\u2019deki bu cinayeti \u00e7\u00f6zmesine yarayacak kan\u0131tlar\u0131 bulmaya \u00e7al\u0131\u015facakt\u0131. O, zamanda yolculuk yap\u0131p farkl\u0131 geleceklerden ipu\u00e7lar\u0131 toplarken, bir cinayetten \u00e7ok daha korkun\u00e7 bir kader, t\u00fcm insanl\u0131\u011f\u0131n sonunu getirecek bir k\u0131yamet gittik\u00e7e g\u00fcn\u00fcm\u00fcze yakla\u015f\u0131yordu. Tom Sweterlitsch\u2019ten Yitik D\u00fcnya, yap\u0131s\u0131yla ve \u00fcslubuyla Inception ile True Detective\u2019i akla getiren, labirentimsi k\u00e2bus atmosferiyle t\u00fcyler \u00fcrpertici bir bilimkurgu polisiye.\u201cHem zaman\u0131 hem de ak\u0131llar\u0131 b\u00fcken bir polisiye. 12 Maymun ile True Detective\u2019in bir kar\u0131\u015f\u0131m\u0131 gibi.\u201d \u2013Sylvain Neuvel\u201cT\u00fcrler aras\u0131ndaki s\u0131n\u0131rlara meydan okuyan, b\u00fcy\u00fck fikirlere sahip bir roman. Destans\u0131 ve ak\u0131l almaz.\u201d \u2013Blake Crouch <\/p>\n","protected":false},"excerpt":{"rendered":"<p>Shannon Moss, Donanma Su\u00e7 Ara\u015ft\u0131rma Birimi\u2019nin gizli bir b\u00f6l\u00fcm\u00fcnde \u00e7al\u0131\u015f\u0131yordu. 1997 y\u0131l\u0131nda, Bat\u0131 Pennsylvania\u2019da, bir komandonun ailesinin cinayetini ara\u015ft\u0131rma g\u00f6revini ald\u0131, ayr\u0131ca ailenin kaybolan gen\u00e7 k\u0131z\u0131n\u0131<span class=\"excerpt-hellip\"> [\u2026]<\/span><\/p>\n","protected":false},"featured_media":0,"template":"","meta":{"_monsterinsights_skip_tracking":false,"_monsterinsights_sitenote_active":false,"_monsterinsights_sitenote_note":"","_monsterinsights_sitenote_category":0},"product_brand":[],"product_cat":[12540,12291],"product_tag":[],"class_list":{"0":"post-731541","1":"product","2":"type-product","3":"status-publish","5":"product_cat-bilim-kurgu","6":"product_cat-edebiyat","7":"pa_cilt-ciltsiz","8":"pa_tur-kitap","9":"pa_yayinevi-ithaki-yayinlari","10":"pa_yazar-tom-sweterlitsch","12":"first","13":"instock","14":"sale","15":"shipping-taxable","16":"purchasable","17":"product-type-simple"},"_links":{"self":[{"href":"https:\/\/roveyayinevi.com.tr\/index.php\/wp-json\/wp\/v2\/product\/731541","targetHints":{"allow":["GET"]}}],"collection":[{"href":"https:\/\/roveyayinevi.com.tr\/index.php\/wp-json\/wp\/v2\/product"}],"about":[{"href":"https:\/\/roveyayinevi.com.tr\/index.php\/wp-json\/wp\/v2\/types\/product"}],"wp:attachment":[{"href":"https:\/\/roveyayinevi.com.tr\/index.php\/wp-json\/wp\/v2\/media?parent=731541"}],"wp:term":[{"taxonomy":"product_brand","embeddable":true,"href":"https:\/\/roveyayinevi.com.tr\/index.php\/wp-json\/wp\/v2\/product_brand?post=731541"},{"taxonomy":"product_cat","embeddable":true,"href":"https:\/\/roveyayinevi.com.tr\/index.php\/wp-json\/wp\/v2\/product_cat?post=731541"},{"taxonomy":"product_tag","embeddable":true,"href":"https:\/\/roveyayinevi.com.tr\/index.php\/wp-json\/wp\/v2\/product_tag?post=731541"}],"curies":[{"name":"wp","href":"https:\/\/api.w.org\/{rel}","templated":true}]}}