{"id":731540,"date":"2025-08-27T21:33:45","date_gmt":"2025-08-27T18:33:45","guid":{"rendered":"https:\/\/roveyayinevi.com.tr\/index.php\/urun\/yalancilar-icin-sihir\/"},"modified":"2026-04-16T02:39:12","modified_gmt":"2026-04-15T23:39:12","slug":"yalancilar-icin-sihir","status":"publish","type":"product","link":"https:\/\/roveyayinevi.com.tr\/index.php\/urun\/yalancilar-icin-sihir\/","title":{"rendered":"Yalanc\u0131lar \u0130\u00e7in Sihir"},"content":{"rendered":"<p>Ivy Gamble\u2019\u0131n \u00f6zel dedektiflik kariyerinin \u00f6n\u00fc a\u00e7\u0131k gibi g\u00f6r\u00fcn\u00fcyordu. Uzun zamand\u0131r g\u00f6r\u00fc\u015fmedi\u011fi k\u0131z karde\u015fi Tabitha\u2019n\u0131n sahip oldu\u011fu sihir yetene\u011fi ona bah\u015fedilmemi\u015fti ama s\u0131radan hayat\u0131ndan gayet memnundu. Ivy, karde\u015finin \u00f6\u011fretmenlik yapt\u0131\u011f\u0131 ve sihir g\u00fcc\u00fcne sahip \u00f6\u011frencilerin yeti\u015ftirildi\u011fi Osthorne Akademisi\u2019ndeki gizemli bir vakay\u0131 \u00e7\u00f6zme g\u00f6revini kabul etti\u011finde, f\u0131rsat aya\u011f\u0131na gelmi\u015fti. Art\u0131k s\u0131radan vakalarla u\u011fra\u015fan de\u011fil, ciddi bir cinayet davas\u0131n\u0131 \u00e7\u00f6zebilecek t\u00fcrden, iyi bir dedektif olmak istiyordu ve cevaplar oradayd\u0131, hepsi \u00f6n\u00fcndeydi. Tabii Ivy onlar\u0131 g\u00f6recek kadar iyi olabilirse\u2026   \u201cBu merak uyand\u0131r\u0131c\u0131 kitap sizi kesinlikle kendine ba\u011flayacak.\u201d \u2013Veronica Roth   \u201cBiraz Veronica Mars biraz Harry Potter.\u201d \u2013The Nerd Daily   \u201cAk\u0131l dolu ve s\u00fcr\u00fckleyici\u2026\u201d \u2013Publishers Weekly <\/p>\n","protected":false},"excerpt":{"rendered":"<p>Ivy Gamble\u2019\u0131n \u00f6zel dedektiflik kariyerinin \u00f6n\u00fc a\u00e7\u0131k gibi g\u00f6r\u00fcn\u00fcyordu. Uzun zamand\u0131r g\u00f6r\u00fc\u015fmedi\u011fi k\u0131z karde\u015fi Tabitha\u2019n\u0131n sahip oldu\u011fu sihir yetene\u011fi ona bah\u015fedilmemi\u015fti ama s\u0131radan hayat\u0131ndan gayet memnundu.<span class=\"excerpt-hellip\"> [\u2026]<\/span><\/p>\n","protected":false},"featured_media":0,"template":"","meta":{"_monsterinsights_skip_tracking":false,"_monsterinsights_sitenote_active":false,"_monsterinsights_sitenote_note":"","_monsterinsights_sitenote_category":0},"product_brand":[],"product_cat":[12291,14777],"product_tag":[],"class_list":{"0":"post-731540","1":"product","2":"type-product","3":"status-publish","5":"product_cat-edebiyat","6":"product_cat-fantastik","7":"pa_cilt-ciltsiz","8":"pa_tur-kitap","9":"pa_yayinevi-ithaki-yayinlari","10":"pa_yazar-sarah-gailey","12":"first","13":"instock","14":"sale","15":"shipping-taxable","16":"purchasable","17":"product-type-simple"},"_links":{"self":[{"href":"https:\/\/roveyayinevi.com.tr\/index.php\/wp-json\/wp\/v2\/product\/731540","targetHints":{"allow":["GET"]}}],"collection":[{"href":"https:\/\/roveyayinevi.com.tr\/index.php\/wp-json\/wp\/v2\/product"}],"about":[{"href":"https:\/\/roveyayinevi.com.tr\/index.php\/wp-json\/wp\/v2\/types\/product"}],"wp:attachment":[{"href":"https:\/\/roveyayinevi.com.tr\/index.php\/wp-json\/wp\/v2\/media?parent=731540"}],"wp:term":[{"taxonomy":"product_brand","embeddable":true,"href":"https:\/\/roveyayinevi.com.tr\/index.php\/wp-json\/wp\/v2\/product_brand?post=731540"},{"taxonomy":"product_cat","embeddable":true,"href":"https:\/\/roveyayinevi.com.tr\/index.php\/wp-json\/wp\/v2\/product_cat?post=731540"},{"taxonomy":"product_tag","embeddable":true,"href":"https:\/\/roveyayinevi.com.tr\/index.php\/wp-json\/wp\/v2\/product_tag?post=731540"}],"curies":[{"name":"wp","href":"https:\/\/api.w.org\/{rel}","templated":true}]}}