{"id":731539,"date":"2025-08-27T21:33:44","date_gmt":"2025-08-27T18:33:44","guid":{"rendered":"https:\/\/roveyayinevi.com.tr\/index.php\/urun\/yitik-sairden-siirler\/"},"modified":"2026-03-12T02:49:40","modified_gmt":"2026-03-11T23:49:40","slug":"yitik-sairden-siirler","status":"publish","type":"product","link":"https:\/\/roveyayinevi.com.tr\/index.php\/urun\/yitik-sairden-siirler\/","title":{"rendered":"Yitik \u015eair&#8217;den \u015eiirler"},"content":{"rendered":"<p>Yal\u0131n\u2019\u0131m yok plan\u0131m, Salt g\u00fclmektir plan\u0131m, \u00dcn, an\u0131t elin olsun, Ben falan\u0131m filan\u0131m. <\/p>\n","protected":false},"excerpt":{"rendered":"<p>Yal\u0131n\u2019\u0131m yok plan\u0131m, Salt g\u00fclmektir plan\u0131m, \u00dcn, an\u0131t elin olsun, Ben falan\u0131m filan\u0131m.<\/p>\n","protected":false},"featured_media":0,"template":"","meta":{"_monsterinsights_skip_tracking":false,"_monsterinsights_sitenote_active":false,"_monsterinsights_sitenote_note":"","_monsterinsights_sitenote_category":0},"product_brand":[],"product_cat":[12291,12509],"product_tag":[],"class_list":{"0":"post-731539","1":"product","2":"type-product","3":"status-publish","5":"product_cat-edebiyat","6":"product_cat-siir","7":"pa_cilt-ciltsiz","8":"pa_tur-kitap","9":"pa_yayinevi-kirmizi-cati-yayinlari","10":"pa_yazar-can-akengin","12":"first","13":"instock","14":"sale","15":"shipping-taxable","16":"purchasable","17":"product-type-simple"},"_links":{"self":[{"href":"https:\/\/roveyayinevi.com.tr\/index.php\/wp-json\/wp\/v2\/product\/731539","targetHints":{"allow":["GET"]}}],"collection":[{"href":"https:\/\/roveyayinevi.com.tr\/index.php\/wp-json\/wp\/v2\/product"}],"about":[{"href":"https:\/\/roveyayinevi.com.tr\/index.php\/wp-json\/wp\/v2\/types\/product"}],"wp:attachment":[{"href":"https:\/\/roveyayinevi.com.tr\/index.php\/wp-json\/wp\/v2\/media?parent=731539"}],"wp:term":[{"taxonomy":"product_brand","embeddable":true,"href":"https:\/\/roveyayinevi.com.tr\/index.php\/wp-json\/wp\/v2\/product_brand?post=731539"},{"taxonomy":"product_cat","embeddable":true,"href":"https:\/\/roveyayinevi.com.tr\/index.php\/wp-json\/wp\/v2\/product_cat?post=731539"},{"taxonomy":"product_tag","embeddable":true,"href":"https:\/\/roveyayinevi.com.tr\/index.php\/wp-json\/wp\/v2\/product_tag?post=731539"}],"curies":[{"name":"wp","href":"https:\/\/api.w.org\/{rel}","templated":true}]}}