{"id":731538,"date":"2025-08-27T21:33:43","date_gmt":"2025-08-27T18:33:43","guid":{"rendered":"https:\/\/roveyayinevi.com.tr\/index.php\/urun\/conan-buyunun-ve-kilicin-golgesinde-2-kitap\/"},"modified":"2026-04-16T02:39:12","modified_gmt":"2026-04-15T23:39:12","slug":"conan-buyunun-ve-kilicin-golgesinde-2-kitap","status":"publish","type":"product","link":"https:\/\/roveyayinevi.com.tr\/index.php\/urun\/conan-buyunun-ve-kilicin-golgesinde-2-kitap\/","title":{"rendered":"Conan: B\u00fcy\u00fcn\u00fcn ve K\u0131l\u0131c\u0131n G\u00f6lgesinde (2. Kitap)"},"content":{"rendered":"<p>Amerikal\u0131 yazar Robert Ervin Howard taraf\u0131ndan yarat\u0131lan Barbar Conan, zamanla fantastik edebiyat\u0131n en me\u015fhur karakterlerinden biri haline gelmi\u015ftir. \u00c7izgi roman serisiyle ba\u015flay\u0131p b\u00fcy\u00fck bir ba\u015far\u0131 kazanan Cimmerial\u0131 Conan\u2019\u0131n maceralar\u0131 yay\u0131mland\u0131\u011f\u0131 tarihten bug\u00fcne bir\u00e7ok yazara ilham olurken bir\u00e7ok okurun da hayal d\u00fcnyas\u0131nda unutulmaz bir yer edindi. Bu ba\u015far\u0131, \u015f\u00fcphesiz ki Ervin Howard\u2019\u0131n \u00fcst\u00fcn g\u00f6zlem yetene\u011fiyle ger\u00e7ekle\u015fti.  Her k\u00f6\u015fesinde \u00e7e\u015fit \u00e7e\u015fit tehlike bar\u0131nd\u0131ran, efsanevi yarat\u0131klarla, k\u00f6t\u00fcc\u00fcl ruhlar ve iyi insanlarla dolu Hyboria \u00c7a\u011f\u0131\u2019nda, sadece g\u00fc\u00e7l\u00fc ve zeki olan\u0131n ayakta kalabilece\u011fi bir d\u00fcnyada Cimmerial\u0131 Conan ile pek \u00e7ok maceraya s\u00fcr\u00fckleneceksiniz. Ervin Howard\u2019\u0131n dehas\u0131 sayesinde tan\u0131\u015ft\u0131\u011f\u0131m\u0131z zalim b\u00fcy\u00fcc\u00fcler, gaddar sava\u015f\u00e7\u0131lar, hilek\u00e2r siyaset\u00e7iler ve antik zamanlardan kalma canavarlar\u0131n aras\u0131nda ya\u015fayan Conan\u2019\u0131n soluk kesen maceralar\u0131na davetlisiniz. <\/p>\n","protected":false},"excerpt":{"rendered":"<p>Amerikal\u0131 yazar Robert Ervin Howard taraf\u0131ndan yarat\u0131lan Barbar Conan, zamanla fantastik edebiyat\u0131n en me\u015fhur karakterlerinden biri haline gelmi\u015ftir. \u00c7izgi roman serisiyle ba\u015flay\u0131p b\u00fcy\u00fck bir ba\u015far\u0131 kazanan<span class=\"excerpt-hellip\"> [\u2026]<\/span><\/p>\n","protected":false},"featured_media":0,"template":"","meta":{"_monsterinsights_skip_tracking":false,"_monsterinsights_sitenote_active":false,"_monsterinsights_sitenote_note":"","_monsterinsights_sitenote_category":0},"product_brand":[],"product_cat":[12291,14777],"product_tag":[],"class_list":{"0":"post-731538","1":"product","2":"type-product","3":"status-publish","5":"product_cat-edebiyat","6":"product_cat-fantastik","7":"pa_cilt-ciltsiz","8":"pa_tur-kitap","9":"pa_yayinevi-ren-kitap","10":"pa_yazar-robert-e-howard","12":"first","13":"instock","14":"sale","15":"shipping-taxable","16":"purchasable","17":"product-type-simple"},"_links":{"self":[{"href":"https:\/\/roveyayinevi.com.tr\/index.php\/wp-json\/wp\/v2\/product\/731538","targetHints":{"allow":["GET"]}}],"collection":[{"href":"https:\/\/roveyayinevi.com.tr\/index.php\/wp-json\/wp\/v2\/product"}],"about":[{"href":"https:\/\/roveyayinevi.com.tr\/index.php\/wp-json\/wp\/v2\/types\/product"}],"wp:attachment":[{"href":"https:\/\/roveyayinevi.com.tr\/index.php\/wp-json\/wp\/v2\/media?parent=731538"}],"wp:term":[{"taxonomy":"product_brand","embeddable":true,"href":"https:\/\/roveyayinevi.com.tr\/index.php\/wp-json\/wp\/v2\/product_brand?post=731538"},{"taxonomy":"product_cat","embeddable":true,"href":"https:\/\/roveyayinevi.com.tr\/index.php\/wp-json\/wp\/v2\/product_cat?post=731538"},{"taxonomy":"product_tag","embeddable":true,"href":"https:\/\/roveyayinevi.com.tr\/index.php\/wp-json\/wp\/v2\/product_tag?post=731538"}],"curies":[{"name":"wp","href":"https:\/\/api.w.org\/{rel}","templated":true}]}}