{"id":731537,"date":"2025-08-27T21:33:42","date_gmt":"2025-08-27T18:33:42","guid":{"rendered":"https:\/\/roveyayinevi.com.tr\/index.php\/urun\/conan-cimmeriali-yabanci-1-kitap\/"},"modified":"2026-04-16T02:39:12","modified_gmt":"2026-04-15T23:39:12","slug":"conan-cimmeriali-yabanci-1-kitap","status":"publish","type":"product","link":"https:\/\/roveyayinevi.com.tr\/index.php\/urun\/conan-cimmeriali-yabanci-1-kitap\/","title":{"rendered":"Conan: Cimmeriali Yabanc\u0131 (1. Kitap)"},"content":{"rendered":"<p>Amerikal\u0131 yazar Robert Ervin Howard taraf\u0131ndan yarat\u0131lan Barbar Conan, zamanla fantastik edebiyat\u0131n en me\u015fhur karakterlerinden biri haline gelmi\u015ftir. \u00c7izgi roman serisiyle ba\u015flay\u0131p b\u00fcy\u00fck bir ba\u015far\u0131 kazanan Cimmerial\u0131 Conan\u2019\u0131n maceralar\u0131 yay\u0131mland\u0131\u011f\u0131 tarihten bug\u00fcne bir\u00e7ok yazara ilham olurken bir\u00e7ok okurun da hayal d\u00fcnyas\u0131nda unutulmaz bir yer edindi. Bu ba\u015far\u0131, \u015f\u00fcphesiz ki Ervin Howard\u2019\u0131n \u00fcst\u00fcn g\u00f6zlem yetene\u011fiyle ger\u00e7ekle\u015fti.  G\u00fcvenli bir s\u0131\u011f\u0131na\u011f\u0131n bulunmad\u0131\u011f\u0131, her an ortaya \u00e7\u0131kabilecek bir tehlikeye kar\u015f\u0131 dikkatli olman\u0131z gereken ve en g\u00fc\u00e7l\u00fc olan\u0131n her zaman kazand\u0131\u011f\u0131, hayatta kalma m\u00fccadelesinin s\u00fcr\u00fckleyici zamanlar\u0131nda, masals\u0131 Hyboria \u00c7a\u011f\u0131\u2019nda, kuzeyin sert ikliminden gelen efsanele\u015fmi\u015f Barbar Conan\u2019\u0131n maceralar\u0131n\u0131 okurken Ervin Howard\u2019\u0131n muhte\u015fem d\u00fcnyas\u0131nda unutulmaz bir yolculu\u011fa \u00e7\u0131kacaks\u0131n\u0131z. <\/p>\n","protected":false},"excerpt":{"rendered":"<p>Amerikal\u0131 yazar Robert Ervin Howard taraf\u0131ndan yarat\u0131lan Barbar Conan, zamanla fantastik edebiyat\u0131n en me\u015fhur karakterlerinden biri haline gelmi\u015ftir. \u00c7izgi roman serisiyle ba\u015flay\u0131p b\u00fcy\u00fck bir ba\u015far\u0131 kazanan<span class=\"excerpt-hellip\"> [\u2026]<\/span><\/p>\n","protected":false},"featured_media":0,"template":"","meta":{"_monsterinsights_skip_tracking":false,"_monsterinsights_sitenote_active":false,"_monsterinsights_sitenote_note":"","_monsterinsights_sitenote_category":0},"product_brand":[],"product_cat":[12291,14777],"product_tag":[],"class_list":{"0":"post-731537","1":"product","2":"type-product","3":"status-publish","5":"product_cat-edebiyat","6":"product_cat-fantastik","7":"pa_cilt-ciltsiz","8":"pa_tur-kitap","9":"pa_yayinevi-ren-kitap","10":"pa_yazar-robert-e-howard","12":"first","13":"instock","14":"sale","15":"shipping-taxable","16":"purchasable","17":"product-type-simple"},"_links":{"self":[{"href":"https:\/\/roveyayinevi.com.tr\/index.php\/wp-json\/wp\/v2\/product\/731537","targetHints":{"allow":["GET"]}}],"collection":[{"href":"https:\/\/roveyayinevi.com.tr\/index.php\/wp-json\/wp\/v2\/product"}],"about":[{"href":"https:\/\/roveyayinevi.com.tr\/index.php\/wp-json\/wp\/v2\/types\/product"}],"wp:attachment":[{"href":"https:\/\/roveyayinevi.com.tr\/index.php\/wp-json\/wp\/v2\/media?parent=731537"}],"wp:term":[{"taxonomy":"product_brand","embeddable":true,"href":"https:\/\/roveyayinevi.com.tr\/index.php\/wp-json\/wp\/v2\/product_brand?post=731537"},{"taxonomy":"product_cat","embeddable":true,"href":"https:\/\/roveyayinevi.com.tr\/index.php\/wp-json\/wp\/v2\/product_cat?post=731537"},{"taxonomy":"product_tag","embeddable":true,"href":"https:\/\/roveyayinevi.com.tr\/index.php\/wp-json\/wp\/v2\/product_tag?post=731537"}],"curies":[{"name":"wp","href":"https:\/\/api.w.org\/{rel}","templated":true}]}}