{"id":731536,"date":"2025-08-27T21:33:41","date_gmt":"2025-08-27T18:33:41","guid":{"rendered":"https:\/\/roveyayinevi.com.tr\/index.php\/urun\/conan-aslanli-tahtin-kaderi-3-kitap\/"},"modified":"2026-04-16T02:39:12","modified_gmt":"2026-04-15T23:39:12","slug":"conan-aslanli-tahtin-kaderi-3-kitap","status":"publish","type":"product","link":"https:\/\/roveyayinevi.com.tr\/index.php\/urun\/conan-aslanli-tahtin-kaderi-3-kitap\/","title":{"rendered":"Conan : Aslanl\u0131 Taht\u0131n Kaderi (3.Kitap)"},"content":{"rendered":"<p>Amerikal\u0131 yazar Robert Ervin Howard taraf\u0131ndan yarat\u0131lan Barbar Conan, zamanla fantastik edebiyat\u0131n en me\u015fhur karakterlerinden biri haline gelmi\u015ftir. \u00c7izgi roman serisiyle ba\u015flay\u0131p b\u00fcy\u00fck bir ba\u015far\u0131 kazanan Cimmerial\u0131 Conan\u2019\u0131n maceralar\u0131 yay\u0131mland\u0131\u011f\u0131 tarihten bug\u00fcne bir\u00e7ok yazara ilham olurken bir\u00e7ok okurun da hayal d\u00fcnyas\u0131nda unutulmaz bir yer edindi. Bu ba\u015far\u0131, \u015f\u00fcphesiz ki Ervin Howard\u2019\u0131n \u00fcst\u00fcn g\u00f6zlem yetene\u011fiyle ger\u00e7ekle\u015fti.  Barbar Conan, kuzeyin zorluklar\u0131n\u0131 a\u015farak d\u00fcnyay\u0131 ke\u015ffederken her zorlu\u011fu g\u00f6\u011f\u00fcsler. Her sava\u015f\u00e7\u0131yla sava\u015f\u0131r. Yolda\u015f\u0131 olan kad\u0131nlarla a\u015fk dolu g\u00fcnler ya\u015far. Hayatta kalma m\u00fccadelesini bir an olsun b\u0131rakmaz. Yenilmez denilen canavarlar\u0131 yener. Ve yoluna devam eder\u2026 Hyboria \u00c7a\u011f\u0131\u2019n\u0131 yak\u0131ndan ke\u015ffedece\u011finiz, efsanevi krall\u0131klarla, g\u00fczeller g\u00fczeli prenseslerle, nice sava\u015f\u00e7\u0131 kad\u0131n ve erkekle, tasviri muhte\u015fem yarat\u0131klarla dolu maceralar\u0131 okurken soluk solu\u011fa kalacaks\u0131n\u0131z. <\/p>\n","protected":false},"excerpt":{"rendered":"<p>Amerikal\u0131 yazar Robert Ervin Howard taraf\u0131ndan yarat\u0131lan Barbar Conan, zamanla fantastik edebiyat\u0131n en me\u015fhur karakterlerinden biri haline gelmi\u015ftir. \u00c7izgi roman serisiyle ba\u015flay\u0131p b\u00fcy\u00fck bir ba\u015far\u0131 kazanan<span class=\"excerpt-hellip\"> [\u2026]<\/span><\/p>\n","protected":false},"featured_media":0,"template":"","meta":{"_monsterinsights_skip_tracking":false,"_monsterinsights_sitenote_active":false,"_monsterinsights_sitenote_note":"","_monsterinsights_sitenote_category":0},"product_brand":[],"product_cat":[12291,14777],"product_tag":[],"class_list":{"0":"post-731536","1":"product","2":"type-product","3":"status-publish","5":"product_cat-edebiyat","6":"product_cat-fantastik","7":"pa_cilt-ciltsiz","8":"pa_tur-kitap","9":"pa_yayinevi-ren-kitap","10":"pa_yazar-robert-e-howard","12":"first","13":"instock","14":"sale","15":"shipping-taxable","16":"purchasable","17":"product-type-simple"},"_links":{"self":[{"href":"https:\/\/roveyayinevi.com.tr\/index.php\/wp-json\/wp\/v2\/product\/731536","targetHints":{"allow":["GET"]}}],"collection":[{"href":"https:\/\/roveyayinevi.com.tr\/index.php\/wp-json\/wp\/v2\/product"}],"about":[{"href":"https:\/\/roveyayinevi.com.tr\/index.php\/wp-json\/wp\/v2\/types\/product"}],"wp:attachment":[{"href":"https:\/\/roveyayinevi.com.tr\/index.php\/wp-json\/wp\/v2\/media?parent=731536"}],"wp:term":[{"taxonomy":"product_brand","embeddable":true,"href":"https:\/\/roveyayinevi.com.tr\/index.php\/wp-json\/wp\/v2\/product_brand?post=731536"},{"taxonomy":"product_cat","embeddable":true,"href":"https:\/\/roveyayinevi.com.tr\/index.php\/wp-json\/wp\/v2\/product_cat?post=731536"},{"taxonomy":"product_tag","embeddable":true,"href":"https:\/\/roveyayinevi.com.tr\/index.php\/wp-json\/wp\/v2\/product_tag?post=731536"}],"curies":[{"name":"wp","href":"https:\/\/api.w.org\/{rel}","templated":true}]}}