{"id":731533,"date":"2025-08-27T21:33:39","date_gmt":"2025-08-27T18:33:39","guid":{"rendered":"https:\/\/roveyayinevi.com.tr\/index.php\/urun\/duygularin-figani\/"},"modified":"2026-04-03T02:46:28","modified_gmt":"2026-04-02T23:46:28","slug":"duygularin-figani","status":"publish","type":"product","link":"https:\/\/roveyayinevi.com.tr\/index.php\/urun\/duygularin-figani\/","title":{"rendered":"Duygular\u0131n Figan\u0131"},"content":{"rendered":"<p>T\u00fcm sanat dallar\u0131nda sanat\u00e7\u0131lar\u0131n en b\u00fcy\u00fck te\u015fvik\u00e7isi dostlar olup, sizlerin ilgisi, be\u011feni ve yorumlar\u0131 yap\u0131lan eserlere de\u011fer katan en \u00f6nemli unsurdur.Bu kitab\u0131 yazarak gen\u00e7 karde\u015flerimin ufkunu a\u00e7may\u0131, istenince \u00e7ok \u015feyin yap\u0131labilece\u011fini ve baz\u0131 imk\u00e2nlar\u0131n kendili\u011finden kar\u015f\u0131lar\u0131na \u00e7\u0131kabilece\u011fini, sab\u0131rl\u0131 olman\u0131n faydalar\u0131n\u0131 anlatmaya \u00e7al\u0131\u015ft\u0131m.Ayr\u0131ca akranlar\u0131ma da insan\u0131n ya\u015f\u0131 ne olursa olsun zevk alacaklar\u0131 bir konuda me\u015fgul olmalar\u0131 halinde daha mutlu ya\u015fam s\u00fcrebileceklerini na\u00e7izane \u00f6nermek istedim.   <\/p>\n","protected":false},"excerpt":{"rendered":"<p>T\u00fcm sanat dallar\u0131nda sanat\u00e7\u0131lar\u0131n en b\u00fcy\u00fck te\u015fvik\u00e7isi dostlar olup, sizlerin ilgisi, be\u011feni ve yorumlar\u0131 yap\u0131lan eserlere de\u011fer katan en \u00f6nemli unsurdur.Bu kitab\u0131 yazarak gen\u00e7 karde\u015flerimin ufkunu<span class=\"excerpt-hellip\"> [\u2026]<\/span><\/p>\n","protected":false},"featured_media":0,"template":"","meta":{"_monsterinsights_skip_tracking":false,"_monsterinsights_sitenote_active":false,"_monsterinsights_sitenote_note":"","_monsterinsights_sitenote_category":0},"product_brand":[],"product_cat":[12364,12376],"product_tag":[],"class_list":{"0":"post-731533","1":"product","2":"type-product","3":"status-publish","5":"product_cat-genel-konular","6":"product_cat-kisisel-gelisim","7":"pa_cilt-ciltsiz","8":"pa_tur-kitap","9":"pa_yayinevi-fa-yayinlari","10":"pa_yazar-atilla-yildiz","12":"first","13":"instock","14":"sale","15":"shipping-taxable","16":"purchasable","17":"product-type-simple"},"_links":{"self":[{"href":"https:\/\/roveyayinevi.com.tr\/index.php\/wp-json\/wp\/v2\/product\/731533","targetHints":{"allow":["GET"]}}],"collection":[{"href":"https:\/\/roveyayinevi.com.tr\/index.php\/wp-json\/wp\/v2\/product"}],"about":[{"href":"https:\/\/roveyayinevi.com.tr\/index.php\/wp-json\/wp\/v2\/types\/product"}],"wp:attachment":[{"href":"https:\/\/roveyayinevi.com.tr\/index.php\/wp-json\/wp\/v2\/media?parent=731533"}],"wp:term":[{"taxonomy":"product_brand","embeddable":true,"href":"https:\/\/roveyayinevi.com.tr\/index.php\/wp-json\/wp\/v2\/product_brand?post=731533"},{"taxonomy":"product_cat","embeddable":true,"href":"https:\/\/roveyayinevi.com.tr\/index.php\/wp-json\/wp\/v2\/product_cat?post=731533"},{"taxonomy":"product_tag","embeddable":true,"href":"https:\/\/roveyayinevi.com.tr\/index.php\/wp-json\/wp\/v2\/product_tag?post=731533"}],"curies":[{"name":"wp","href":"https:\/\/api.w.org\/{rel}","templated":true}]}}