{"id":731532,"date":"2025-08-27T21:33:38","date_gmt":"2025-08-27T18:33:38","guid":{"rendered":"https:\/\/roveyayinevi.com.tr\/index.php\/urun\/kursun-golgesi\/"},"modified":"2026-04-16T02:39:12","modified_gmt":"2026-04-15T23:39:12","slug":"kursun-golgesi","status":"publish","type":"product","link":"https:\/\/roveyayinevi.com.tr\/index.php\/urun\/kursun-golgesi\/","title":{"rendered":"Kur\u015fun G\u00f6lgesi"},"content":{"rendered":"<p>u \u00fclke bizim vatan\u0131m\u0131z; burada do\u011fduk, burada da \u00f6lece\u011fiz. Ola ki \u00e7ocuklar\u0131m ve e\u015fim, herhangi bir nedenle ba\u015fka \u00fclkelere giderse asla bu \u00fclke aleyhine konu\u015fmas\u0131nlar, \u00fclke aleyhine herhangi bir eylem i\u00e7inde olmas\u0131nlar. Kanlar\u0131n\u0131n son damlas\u0131na kadar T\u00fcrkiye Cumhuriyeti\u2019nin huzur ve g\u00fcvenli\u011fi i\u00e7in \u00e7al\u0131\u015fs\u0131nlar. Bu son vasiyetimdir. Bizi cephelerden uzak tutmak ne K\u00fcrtlerin su\u00e7u ne de T\u00fcrklerin. Bu, Osmanl\u0131n\u0131n kendi halk\u0131n\u0131 a\u015fa\u011f\u0131lamas\u0131n\u0131n ve hor g\u00f6rmesinin sonucudur. Yan\u0131lg\u0131m\u0131z, bu halk\u0131n hep uyuyaca\u011f\u0131n\u0131 d\u00fc\u015f\u00fcnmektir. Mutlaka uyanacaklard\u0131r.<\/p>\n","protected":false},"excerpt":{"rendered":"<p>u \u00fclke bizim vatan\u0131m\u0131z; burada do\u011fduk, burada da \u00f6lece\u011fiz. Ola ki \u00e7ocuklar\u0131m ve e\u015fim, herhangi bir nedenle ba\u015fka \u00fclkelere giderse asla bu \u00fclke aleyhine konu\u015fmas\u0131nlar, \u00fclke<span class=\"excerpt-hellip\"> [\u2026]<\/span><\/p>\n","protected":false},"featured_media":0,"template":"","meta":{"_monsterinsights_skip_tracking":false,"_monsterinsights_sitenote_active":false,"_monsterinsights_sitenote_note":"","_monsterinsights_sitenote_category":0},"product_brand":[],"product_cat":[12291,12711],"product_tag":[],"class_list":{"0":"post-731532","1":"product","2":"type-product","3":"status-publish","5":"product_cat-edebiyat","6":"product_cat-roman-oyku","7":"pa_cilt-ciltsiz","8":"pa_tur-kitap","9":"pa_yayinevi-fa-yayinlari","10":"pa_yazar-halil-gulez","12":"first","13":"instock","14":"sale","15":"shipping-taxable","16":"purchasable","17":"product-type-simple"},"_links":{"self":[{"href":"https:\/\/roveyayinevi.com.tr\/index.php\/wp-json\/wp\/v2\/product\/731532","targetHints":{"allow":["GET"]}}],"collection":[{"href":"https:\/\/roveyayinevi.com.tr\/index.php\/wp-json\/wp\/v2\/product"}],"about":[{"href":"https:\/\/roveyayinevi.com.tr\/index.php\/wp-json\/wp\/v2\/types\/product"}],"wp:attachment":[{"href":"https:\/\/roveyayinevi.com.tr\/index.php\/wp-json\/wp\/v2\/media?parent=731532"}],"wp:term":[{"taxonomy":"product_brand","embeddable":true,"href":"https:\/\/roveyayinevi.com.tr\/index.php\/wp-json\/wp\/v2\/product_brand?post=731532"},{"taxonomy":"product_cat","embeddable":true,"href":"https:\/\/roveyayinevi.com.tr\/index.php\/wp-json\/wp\/v2\/product_cat?post=731532"},{"taxonomy":"product_tag","embeddable":true,"href":"https:\/\/roveyayinevi.com.tr\/index.php\/wp-json\/wp\/v2\/product_tag?post=731532"}],"curies":[{"name":"wp","href":"https:\/\/api.w.org\/{rel}","templated":true}]}}