{"id":731531,"date":"2025-08-27T21:33:37","date_gmt":"2025-08-27T18:33:37","guid":{"rendered":"https:\/\/roveyayinevi.com.tr\/index.php\/urun\/doktor-yasemen\/"},"modified":"2026-04-11T13:58:51","modified_gmt":"2026-04-11T10:58:51","slug":"doktor-yasemen","status":"publish","type":"product","link":"https:\/\/roveyayinevi.com.tr\/index.php\/urun\/doktor-yasemen\/","title":{"rendered":"Doktor Yasemen"},"content":{"rendered":"<p>\u0130lk g\u00f6rev yeri olan Anadolu\u2019nun k\u00fc\u00e7\u00fck bir il\u00e7esine gelen, kald\u0131\u011f\u0131 k\u0131sa bir d\u00f6nemin ard\u0131nda b\u0131rakt\u0131\u011f\u0131 duygular\u0131n anlat\u0131ld\u0131\u011f\u0131 bir Atilla YILDIZ \u015fiiriydi \u00f6nce. Ard\u0131ndan hik\u00e2yesi de yaz\u0131ld\u0131.Doktor Yasemen, bir geli\u015f ve bir gidi\u015fin \u00f6yk\u00fcs\u00fcd\u00fcr. Gelen heyecan, umut getirirken, giden h\u00fcz\u00fcnl\u00fc bir bo\u015fluk b\u0131rak\u0131r ard\u0131nda geri gelmezcesine ancak b\u0131rakt\u0131\u011f\u0131 iz silinmeyecek, onunla ya\u015fayacakt\u0131r.Bu \u00f6yk\u00fcs\u00fc ile Atilla YILDIZ Anadolu k\u00fclt\u00fcr\u00fcn\u00fc, g\u00fcnl\u00fck ya\u015fam\u0131n\u0131, bir delikanl\u0131n\u0131n i\u00e7 d\u00fcnyas\u0131n\u0131, 1980 \u00f6ncesi ve sonras\u0131n\u0131n siyasi olaylar\u0131n\u0131 anlatt\u0131 kendine \u00f6zg\u00fc bak\u0131\u015f\u0131 ve yal\u0131n \u00fcslubu ile.Ya\u015fad\u0131\u011f\u0131 y\u00f6renin tarihini, eserlerini tan\u0131t\u0131rken d\u00f6nemin duygu, d\u00fc\u015f\u00fcnce ve olaylar\u0131n\u0131 yans\u0131tmak, gelenek g\u00f6reneklerine \u0131\u015f\u0131k tutmak \u00f6nceli\u011fi oldu.Bu kitap, ac\u0131lar\u0131, sevin\u00e7leriyle Anadolu insan\u0131n\u0131 anlatan bir \u00f6yk\u00fcd\u00fcr. <\/p>\n","protected":false},"excerpt":{"rendered":"<p>\u0130lk g\u00f6rev yeri olan Anadolu\u2019nun k\u00fc\u00e7\u00fck bir il\u00e7esine gelen, kald\u0131\u011f\u0131 k\u0131sa bir d\u00f6nemin ard\u0131nda b\u0131rakt\u0131\u011f\u0131 duygular\u0131n anlat\u0131ld\u0131\u011f\u0131 bir Atilla YILDIZ \u015fiiriydi \u00f6nce. Ard\u0131ndan hik\u00e2yesi de yaz\u0131ld\u0131.Doktor<span class=\"excerpt-hellip\"> [\u2026]<\/span><\/p>\n","protected":false},"featured_media":0,"template":"","meta":{"_monsterinsights_skip_tracking":false,"_monsterinsights_sitenote_active":false,"_monsterinsights_sitenote_note":"","_monsterinsights_sitenote_category":0},"product_brand":[],"product_cat":[12291,12711],"product_tag":[],"class_list":{"0":"post-731531","1":"product","2":"type-product","3":"status-publish","5":"product_cat-edebiyat","6":"product_cat-roman-oyku","7":"pa_cilt-ciltsiz","8":"pa_tur-kitap","9":"pa_yayinevi-fa-yayinlari","10":"pa_yazar-atilla-yildiz","12":"first","13":"instock","14":"sale","15":"shipping-taxable","16":"purchasable","17":"product-type-simple"},"_links":{"self":[{"href":"https:\/\/roveyayinevi.com.tr\/index.php\/wp-json\/wp\/v2\/product\/731531","targetHints":{"allow":["GET"]}}],"collection":[{"href":"https:\/\/roveyayinevi.com.tr\/index.php\/wp-json\/wp\/v2\/product"}],"about":[{"href":"https:\/\/roveyayinevi.com.tr\/index.php\/wp-json\/wp\/v2\/types\/product"}],"wp:attachment":[{"href":"https:\/\/roveyayinevi.com.tr\/index.php\/wp-json\/wp\/v2\/media?parent=731531"}],"wp:term":[{"taxonomy":"product_brand","embeddable":true,"href":"https:\/\/roveyayinevi.com.tr\/index.php\/wp-json\/wp\/v2\/product_brand?post=731531"},{"taxonomy":"product_cat","embeddable":true,"href":"https:\/\/roveyayinevi.com.tr\/index.php\/wp-json\/wp\/v2\/product_cat?post=731531"},{"taxonomy":"product_tag","embeddable":true,"href":"https:\/\/roveyayinevi.com.tr\/index.php\/wp-json\/wp\/v2\/product_tag?post=731531"}],"curies":[{"name":"wp","href":"https:\/\/api.w.org\/{rel}","templated":true}]}}