{"id":731529,"date":"2025-08-27T21:33:35","date_gmt":"2025-08-27T18:33:35","guid":{"rendered":"https:\/\/roveyayinevi.com.tr\/index.php\/urun\/silahli-catismalarin-cozumu-mumkun-mu\/"},"modified":"2026-04-16T02:39:12","modified_gmt":"2026-04-15T23:39:12","slug":"silahli-catismalarin-cozumu-mumkun-mu","status":"publish","type":"product","link":"https:\/\/roveyayinevi.com.tr\/index.php\/urun\/silahli-catismalarin-cozumu-mumkun-mu\/","title":{"rendered":"Silahl\u0131 \u00c7at\u0131\u015fmalar\u0131n \u00c7\u00f6z\u00fcm\u00fc M\u00fcmk\u00fcn M\u00fc?"},"content":{"rendered":"<p>Bar\u0131\u015f s\u00fcre\u00e7leri konusunda kar\u015f\u0131la\u015ft\u0131rmal\u0131 analizler yapmak, artan zorluklar\u0131n \u00fcstesinden nas\u0131l gelinebilece\u011fi hakk\u0131nda yeni fikirler ve perspektifler geli\u015ftirmek, silahl\u0131 \u00e7at\u0131\u015fmalar\u0131n s\u00fcrd\u00fc\u011f\u00fc, akt\u00f6rlerin \u00e7o\u011fald\u0131\u011f\u0131 ve sorunlar\u0131n karma\u015f\u0131kla\u015ft\u0131\u011f\u0131 g\u00fcn\u00fcm\u00fczde giderek b\u00fcy\u00fck \u00f6nem kazanmaktad\u0131r. Ne var ki, bar\u0131\u015f s\u00fcre\u00e7leriyle ilgili \u00e7al\u0131\u015fmalar\u0131n bir\u00e7o\u011funun belli bir zaman diliminde, belli bir \u00fclkenin kendine \u00f6zg\u00fc ko\u015fullar\u0131 \u00e7er\u00e7evesinde incelenmesi ile s\u0131n\u0131rl\u0131 kald\u0131\u011f\u0131 g\u00f6r\u00fclmektedir. Oysa bar\u0131\u015f s\u00fcre\u00e7leriyle ilgili \u00e7al\u0131\u015fmalar; i\u00e7 sava\u015flar\u0131n ve bar\u0131\u015f s\u00fcre\u00e7lerinin \u00f6zelliklerinin, bu s\u00fcre\u00e7lere etkide bulunan siyasi dinamiklerin, m\u00fczakere ve arabuluculuk \u00e7abalar\u0131nda kar\u015f\u0131la\u015f\u0131lan zorluklar\u0131n ancak b\u00fct\u00fcnsel bir bak\u0131\u015f a\u00e7\u0131s\u0131yla ele al\u0131nmas\u0131 durumunda ger\u00e7ek anlamda \u00f6\u011fretici olma ve karar al\u0131c\u0131lara yol g\u00f6sterici olma \u00f6zelli\u011fi kazanacakt\u0131r. Dr. G\u00f6rkem Tanr\u0131verdi edit\u00f6rl\u00fc\u011f\u00fcnde haz\u0131rlanan bu kitap, farkl\u0131 co\u011frafyalarda ya\u015fanan tecr\u00fcbeleri anlamak ve bir arada de\u011ferlendirmek a\u00e7\u0131s\u0131ndan \u00f6nemli bir f\u0131rsat sunmakta ve akademik tart\u0131\u015fmalara katk\u0131da bulunmaktad\u0131r. <\/p>\n","protected":false},"excerpt":{"rendered":"<p>Bar\u0131\u015f s\u00fcre\u00e7leri konusunda kar\u015f\u0131la\u015ft\u0131rmal\u0131 analizler yapmak, artan zorluklar\u0131n \u00fcstesinden nas\u0131l gelinebilece\u011fi hakk\u0131nda yeni fikirler ve perspektifler geli\u015ftirmek, silahl\u0131 \u00e7at\u0131\u015fmalar\u0131n s\u00fcrd\u00fc\u011f\u00fc, akt\u00f6rlerin \u00e7o\u011fald\u0131\u011f\u0131 ve sorunlar\u0131n karma\u015f\u0131kla\u015ft\u0131\u011f\u0131 g\u00fcn\u00fcm\u00fczde<span class=\"excerpt-hellip\"> [\u2026]<\/span><\/p>\n","protected":false},"featured_media":0,"template":"","meta":{"_monsterinsights_skip_tracking":false,"_monsterinsights_sitenote_active":false,"_monsterinsights_sitenote_note":"","_monsterinsights_sitenote_category":0},"product_brand":[],"product_cat":[12338,12337],"product_tag":[],"class_list":{"0":"post-731529","1":"product","2":"type-product","3":"status-publish","5":"product_cat-dunya-siyaseti-ve-politikasi","6":"product_cat-politika-siyaset","7":"pa_cilt-ciltsiz","8":"pa_tur-kitap","9":"pa_yayinevi-siyasal-kitabevi-akademik-kitaplar","10":"pa_yazar-siyasal-kitabevi-kolektif","12":"first","13":"instock","14":"sale","15":"shipping-taxable","16":"purchasable","17":"product-type-simple"},"_links":{"self":[{"href":"https:\/\/roveyayinevi.com.tr\/index.php\/wp-json\/wp\/v2\/product\/731529","targetHints":{"allow":["GET"]}}],"collection":[{"href":"https:\/\/roveyayinevi.com.tr\/index.php\/wp-json\/wp\/v2\/product"}],"about":[{"href":"https:\/\/roveyayinevi.com.tr\/index.php\/wp-json\/wp\/v2\/types\/product"}],"wp:attachment":[{"href":"https:\/\/roveyayinevi.com.tr\/index.php\/wp-json\/wp\/v2\/media?parent=731529"}],"wp:term":[{"taxonomy":"product_brand","embeddable":true,"href":"https:\/\/roveyayinevi.com.tr\/index.php\/wp-json\/wp\/v2\/product_brand?post=731529"},{"taxonomy":"product_cat","embeddable":true,"href":"https:\/\/roveyayinevi.com.tr\/index.php\/wp-json\/wp\/v2\/product_cat?post=731529"},{"taxonomy":"product_tag","embeddable":true,"href":"https:\/\/roveyayinevi.com.tr\/index.php\/wp-json\/wp\/v2\/product_tag?post=731529"}],"curies":[{"name":"wp","href":"https:\/\/api.w.org\/{rel}","templated":true}]}}