{"id":731524,"date":"2025-08-27T21:33:32","date_gmt":"2025-08-27T18:33:32","guid":{"rendered":"https:\/\/roveyayinevi.com.tr\/index.php\/urun\/pompeius\/"},"modified":"2026-04-16T02:39:12","modified_gmt":"2026-04-15T23:39:12","slug":"pompeius","status":"publish","type":"product","link":"https:\/\/roveyayinevi.com.tr\/index.php\/urun\/pompeius\/","title":{"rendered":"Pompe\u0131us"},"content":{"rendered":"<p>OSPREY B\u00fcy\u00fck Komutanlar Serisi 5Tarihin En B\u00fcy\u00fck Komutanlar\u0131n\u0131n Ya\u015fam \u00d6yk\u00fcleri, Muharebe Tecr\u00fcbeleri, Uygulad\u0131klar\u0131 Taktikler Ve Stratejiler\u2026 D\u00fcnya tarihinin en b\u00fcy\u00fck komutanlar\u0131n\u0131 t\u00fcm y\u00f6nleriyle inceleyen OSPREY B\u00fcy\u00fck Komutanlar Serisi, Pompeius ile devam ediyor\u2026 Gnaeus Pompeius Magnus ya da bilinen ad\u0131yla B\u00fcy\u00fck Pompeius, daha 24 ya\u015f\u0131ndayken kanl\u0131 zaferler elde etmi\u015f, 35 ya\u015f\u0131ndayken de Roma Cumhuriyeti&#8217;nin zirvesine yerle\u015fip, \u201cRomal\u0131 \u0130skender\u201d olarak selamlanm\u0131\u015ft\u0131r. M\u00d6 80&#8217;li y\u0131llarda Marius\u00e7ulara kar\u015f\u0131 ba\u015far\u0131lar\u0131, M\u00d6 70&#8217;li y\u0131llarda \u0130ber Yar\u0131madas\u0131\u2019ndaki seferleri, Akdeniz\u2019deki korsanlara, do\u011fuda Pontus Kral\u0131 Mithridates&#8217;e ve di\u011ferlerine kar\u015f\u0131 zaferleri Roma&#8217;n\u0131n s\u0131n\u0131rlar\u0131n\u0131 do\u011fuya do\u011fru iyice geni\u015fletirken, t\u00fcm bunlar\u0131n neticesinde ula\u015f\u0131lmas\u0131 g\u00fc\u00e7 bir asker\u00ee kariyere sahip olmu\u015ftur.  Elde etti\u011fi ba\u015far\u0131lar\u0131n Pompeius\u2019un ba\u015f\u0131n\u0131 d\u00f6nd\u00fcrd\u00fc\u011f\u00fc iddia edilebilir. Kendisi ayr\u0131ca deha sahibi, zaman zaman asker\u00ee mucizeler yaratan bir eylem adam\u0131d\u0131r. Hep \u00f6vg\u00fcye ve kendisine hayranl\u0131k duyulmas\u0131na muhta\u00e7t\u0131r. So\u011fukkanl\u0131 bir karaktere sahip de\u011fildir. Homeros\u2019un k\u00fcstah ve pervas\u0131z kahramanlar\u0131 gibi a\u011flam\u0131\u015ft\u0131r, \u00f6fkelenmi\u015ftir ve icraatlar\u0131yla b\u00f6b\u00fcrlenip; d\u00fc\u015fme ihtimaline kar\u015f\u0131 deh\u015fet i\u00e7inde tetikte beklemi\u015ftir. K\u0131l\u0131c\u0131 oldu\u011fu kadar kalemi de ustal\u0131kla kullanan Caesar, Pompeius\u2019un hem kariyerine hem de \u015fahsiyetine g\u00f6lge etmi\u015ftir. Elinizde tuttu\u011funuz bu cesur ve zengin inceleme, Pompeius\u2019u Caesar\u2019\u0131n bak\u0131\u015f a\u00e7\u0131s\u0131na s\u0131k\u0131\u015fmadan ele al\u0131yor, hayat\u0131n\u0131 \u00f6nyarg\u0131s\u0131z ve ayr\u0131nt\u0131l\u0131 bir \u015fekilde incelerken komutanl\u0131\u011f\u0131n\u0131n da hakk\u0131n\u0131 veriyor<\/p>\n","protected":false},"excerpt":{"rendered":"<p>OSPREY B\u00fcy\u00fck Komutanlar Serisi 5Tarihin En B\u00fcy\u00fck Komutanlar\u0131n\u0131n Ya\u015fam \u00d6yk\u00fcleri, Muharebe Tecr\u00fcbeleri, Uygulad\u0131klar\u0131 Taktikler Ve Stratejiler\u2026 D\u00fcnya tarihinin en b\u00fcy\u00fck komutanlar\u0131n\u0131 t\u00fcm y\u00f6nleriyle inceleyen OSPREY B\u00fcy\u00fck<span class=\"excerpt-hellip\"> [\u2026]<\/span><\/p>\n","protected":false},"featured_media":0,"template":"","meta":{"_monsterinsights_skip_tracking":false,"_monsterinsights_sitenote_active":false,"_monsterinsights_sitenote_note":"","_monsterinsights_sitenote_category":0},"product_brand":[],"product_cat":[13946,12304],"product_tag":[],"class_list":{"0":"post-731524","1":"product","2":"type-product","3":"status-publish","5":"product_cat-biyografi-otobiyografi","6":"product_cat-tarih","7":"pa_cilt-ciltsiz","8":"pa_tur-kitap","9":"pa_yayinevi-kronik-kitap","10":"pa_yazar-nic-fields","12":"first","13":"instock","14":"sale","15":"shipping-taxable","16":"purchasable","17":"product-type-simple"},"_links":{"self":[{"href":"https:\/\/roveyayinevi.com.tr\/index.php\/wp-json\/wp\/v2\/product\/731524","targetHints":{"allow":["GET"]}}],"collection":[{"href":"https:\/\/roveyayinevi.com.tr\/index.php\/wp-json\/wp\/v2\/product"}],"about":[{"href":"https:\/\/roveyayinevi.com.tr\/index.php\/wp-json\/wp\/v2\/types\/product"}],"wp:attachment":[{"href":"https:\/\/roveyayinevi.com.tr\/index.php\/wp-json\/wp\/v2\/media?parent=731524"}],"wp:term":[{"taxonomy":"product_brand","embeddable":true,"href":"https:\/\/roveyayinevi.com.tr\/index.php\/wp-json\/wp\/v2\/product_brand?post=731524"},{"taxonomy":"product_cat","embeddable":true,"href":"https:\/\/roveyayinevi.com.tr\/index.php\/wp-json\/wp\/v2\/product_cat?post=731524"},{"taxonomy":"product_tag","embeddable":true,"href":"https:\/\/roveyayinevi.com.tr\/index.php\/wp-json\/wp\/v2\/product_tag?post=731524"}],"curies":[{"name":"wp","href":"https:\/\/api.w.org\/{rel}","templated":true}]}}