{"id":731522,"date":"2025-08-27T21:33:30","date_gmt":"2025-08-27T18:33:30","guid":{"rendered":"https:\/\/roveyayinevi.com.tr\/index.php\/urun\/360-bir-dunya-turu-seyahatnamesi\/"},"modified":"2026-04-16T02:39:12","modified_gmt":"2026-04-15T23:39:12","slug":"360-bir-dunya-turu-seyahatnamesi","status":"publish","type":"product","link":"https:\/\/roveyayinevi.com.tr\/index.php\/urun\/360-bir-dunya-turu-seyahatnamesi\/","title":{"rendered":"360 Bir D\u00fcnya Turu Seyahatnamesi"},"content":{"rendered":"<p>B\u0130R D\u00dcNYA TURUNUNSOLUKSUZ H\u0130K\u00c2YES\u0130\u2026\u201cTek yapmam gereken o e\u015fikten ad\u0131m at\u0131p kendimi d\u00fcnyan\u0131n kollar\u0131na b\u0131rakmakt\u0131. \u0130\u015fimden istifa ettim, sevdiklerimle vedala\u015ft\u0131m ve kendimi tan\u0131mak, sorular\u0131ma cevap bulmak, insanlar ve an\u0131lar biriktirmek i\u00e7in d\u00fcnya turuna \u00e7\u0131kt\u0131m. Ben kendimle tan\u0131\u015fmak, kendimi anlamak i\u00e7in bu unutulmu\u015f topraklarda yaln\u0131z kalmak istemi\u015ftim. \u00d6nce kendimi kaybetmem, bu koca d\u00fcnyada s\u00fcr\u00fcklenmem gerekiyordu. Kendini kaybetmeyen aramaya \u00e7\u0131kamazd\u0131\u2026\u201dHerkesin hayalidir d\u00fcnyay\u0131 bir u\u00e7tan bir uca dola\u015fmak. Masaba\u015f\u0131 i\u015flerden, b\u00fcy\u00fck \u015fehrin ko\u015fu\u015fturmacas\u0131ndan ve i\u015f-okul-ev aras\u0131nda gitgide robotla\u015fan insani ili\u015fkilerden s\u0131yr\u0131l\u0131p yeni bir sayfa a\u00e7mak. Ancak hayal kurman\u0131n dayan\u0131lmaz zevki yerini sonu gelmeyen parasal kayg\u0131lara, bir \u015feylere yeti\u015fmenin m\u00fcmk\u00fcn olmad\u0131\u011f\u0131 g\u00fcn\u00fcm\u00fcz d\u00fcnyas\u0131n\u0131n zamans\u0131zl\u0131\u011f\u0131na b\u0131rak\u0131r. Peki, hakikaten uzak bir hayal midir s\u0131rt\u0131nda bir \u00e7antayla her \u015feyi geride b\u0131rak\u0131p kendini d\u00fcnyan\u0131n kollar\u0131na b\u0131rakmak?Kerimcan Akduman, ilk defa tek ba\u015f\u0131na yurtd\u0131\u015f\u0131na \u00e7\u0131kt\u0131\u011f\u0131nda bir daha hayat\u0131 eskisi gibi olmam\u0131\u015ft\u0131. Her gencin \u201cBu yaz kesin yap\u0131yoruz!\u201d diye niyet etti\u011fi Avrupa turunu iki defa yapt\u0131. Do\u011fru seyahatin nas\u0131l yap\u0131lmas\u0131 gerekti\u011fine kaybola kaybola buldu\u011fu yeni yollarda cesurca ilerleyerek karar verdi. Ve bir g\u00fcn hayat\u0131n ertelemeye gelmeyecek kadar k\u0131sa oldu\u011fuyla y\u00fczle\u015fince kayg\u0131lar\u0131n\u0131n sonunun gelmeyece\u011fini d\u00fc\u015f\u00fcn\u00fcp i\u015finden istifa etti; sevdikleriyle vedala\u015f\u0131p kendini ve d\u00fcnyay\u0131 ke\u015ffe \u00e7\u0131kt\u0131. Yeri geldi \u015eaman ayinine kat\u0131ld\u0131, yeri geldi ate\u015f kar\u0131ncal\u0131 bal\u0131k yiyerek karn\u0131n\u0131 doyurdu, yeri geldi g\u00fclmenin-birlikte a\u011flayabilmenin her dilde ayn\u0131 oldu\u011funu kan\u0131tlarcas\u0131na yeni arkada\u015fl\u0131klar kurdu. \u0130nkalar\u0131n kay\u0131p \u015fehrine do\u011fru ayaklar\u0131n\u0131 uzatt\u0131 ve Patagonya\u2019n\u0131n kimsesiz topraklar\u0131nda otostop \u00e7ekti. Ama nihayet hayallerinin ona aralad\u0131\u011f\u0131 kap\u0131dan ge\u00e7ip bilinmezlerle dolu d\u00fcnyayla bir b\u00fct\u00fcn oldu.360: Bir D\u00fcnya Turu Seyahatnamesi, heyecan verici hik\u00e2yeler ve foto\u011fraflar e\u015fli\u011finde ilerleyen, hayattaki t\u00fcm sorular\u0131n cevaplar\u0131n\u0131n d\u00fcnya yollar\u0131nda oldu\u011funa inanan bir kitap\u2026 Kim bilir senin hik\u00e2yen de bu kitab\u0131n kapa\u011f\u0131n\u0131 kapatt\u0131ktan sonra ba\u015flar. <\/p>\n","protected":false},"excerpt":{"rendered":"<p>B\u0130R D\u00dcNYA TURUNUNSOLUKSUZ H\u0130K\u00c2YES\u0130\u2026\u201cTek yapmam gereken o e\u015fikten ad\u0131m at\u0131p kendimi d\u00fcnyan\u0131n kollar\u0131na b\u0131rakmakt\u0131. \u0130\u015fimden istifa ettim, sevdiklerimle vedala\u015ft\u0131m ve kendimi tan\u0131mak, sorular\u0131ma cevap bulmak, insanlar<span class=\"excerpt-hellip\"> [\u2026]<\/span><\/p>\n","protected":false},"featured_media":0,"template":"","meta":{"_monsterinsights_skip_tracking":false,"_monsterinsights_sitenote_active":false,"_monsterinsights_sitenote_note":"","_monsterinsights_sitenote_category":0},"product_brand":[],"product_cat":[13054,45811],"product_tag":[],"class_list":{"0":"post-731522","1":"product","2":"type-product","3":"status-publish","5":"product_cat-gezi-ve-rehber-kitaplari","6":"product_cat-ulke-rehberleri","7":"pa_cilt-ciltsiz","8":"pa_tur-kitap","9":"pa_yayinevi-kronik-kitap","10":"pa_yazar-kerimcan-akduman","12":"first","13":"instock","14":"sale","15":"shipping-taxable","16":"purchasable","17":"product-type-simple"},"_links":{"self":[{"href":"https:\/\/roveyayinevi.com.tr\/index.php\/wp-json\/wp\/v2\/product\/731522","targetHints":{"allow":["GET"]}}],"collection":[{"href":"https:\/\/roveyayinevi.com.tr\/index.php\/wp-json\/wp\/v2\/product"}],"about":[{"href":"https:\/\/roveyayinevi.com.tr\/index.php\/wp-json\/wp\/v2\/types\/product"}],"wp:attachment":[{"href":"https:\/\/roveyayinevi.com.tr\/index.php\/wp-json\/wp\/v2\/media?parent=731522"}],"wp:term":[{"taxonomy":"product_brand","embeddable":true,"href":"https:\/\/roveyayinevi.com.tr\/index.php\/wp-json\/wp\/v2\/product_brand?post=731522"},{"taxonomy":"product_cat","embeddable":true,"href":"https:\/\/roveyayinevi.com.tr\/index.php\/wp-json\/wp\/v2\/product_cat?post=731522"},{"taxonomy":"product_tag","embeddable":true,"href":"https:\/\/roveyayinevi.com.tr\/index.php\/wp-json\/wp\/v2\/product_tag?post=731522"}],"curies":[{"name":"wp","href":"https:\/\/api.w.org\/{rel}","templated":true}]}}