{"id":731521,"date":"2025-08-27T21:33:29","date_gmt":"2025-08-27T18:33:29","guid":{"rendered":"https:\/\/roveyayinevi.com.tr\/index.php\/urun\/gezgingoz-sinir-otesi-turkiye-mirasi-rehberi\/"},"modified":"2026-04-16T02:39:12","modified_gmt":"2026-04-15T23:39:12","slug":"gezgingoz-sinir-otesi-turkiye-mirasi-rehberi","status":"publish","type":"product","link":"https:\/\/roveyayinevi.com.tr\/index.php\/urun\/gezgingoz-sinir-otesi-turkiye-mirasi-rehberi\/","title":{"rendered":"Gezging\u00f6z &#8211; S\u0131n\u0131r \u00d6tesi T\u00fcrkiye Miras\u0131 Rehberi"},"content":{"rendered":"<p>TAR\u0130H\u0130N VE ZAMANIN \u0130Z\u0130N\u0130 S\u00dcRMEK:B\u0130R K\u00dcLT\u00dcR REHBER\u0130\u201cSerhan G\u00fcng\u00f6r ilgin\u00e7 ki\u015filiklerden biridir. \u00d6\u011frencimdir. Kitapta anlat\u0131lan baz\u0131 gezileri de beraber yapt\u0131k. Serhan hi\u00e7 \u00fc\u015fenmedi, gezdi\u011fi g\u00f6rd\u00fc\u011f\u00fc geni\u015f bir alandaki \u00f6nemli noktalar\u0131 \u00e7ok \u00e7ekici, s\u00fcr\u00fckleyici ve mukayeseli bir \u00fcslupla kaleme ald\u0131. Bu kitap, kutlanacak ve te\u015fvik edilmesi gerekecek bir \u00e7al\u0131\u015fmad\u0131r.\u201d\u0130lber Ortayl\u0131Profesyonel turist rehberi olarak T\u00fcrk gezginlerle 25 y\u0131ld\u0131r yapt\u0131\u011f\u0131 yurtd\u0131\u015f\u0131 turlar\u0131nda ve kendi seyahatlerinde, her zaman gitti\u011fi \u00fclkelerde T\u00fcrkiye tarihi ve Anadolu k\u00fclt\u00fcr\u00fcne dair izler aram\u0131\u015f bir gezgin Serhan G\u00fcng\u00f6r. Ad\u0131m att\u0131\u011f\u0131 her \u00fclkenin tarihini ke\u015ffederken kenarda-k\u00f6\u015fede kalm\u0131\u015f, unutulmaya y\u00fcz tutmu\u015f veya hi\u00e7 bilinmeyen T\u00fcrk-Osmanl\u0131 izlerini s\u00fcr\u00fcyor. Anadolu\u2019nun eski \u00e7a\u011flardan bug\u00fcne uzanan tarihinin T\u00fcrkiye s\u0131n\u0131rlar\u0131 d\u0131\u015f\u0131nda bulunan izleri ve insan \u00f6yk\u00fcleriyle yolculu\u011fa \u00e7\u0131k\u0131lan \u00fclkelerin \u015fehir, m\u00fcze ve mek\u00e2nlar\u0131 aras\u0131nda bir ba\u011f kuruyor. Bat\u0131dan do\u011fuya, kuzeyden g\u00fcneye T\u00fcrkiye\u2019nin yak\u0131n ve uzak \u00e7evresini bir araya getiriyor. B\u00f6ylece ortaya benzersiz bir k\u00fclt\u00fcr yolculu\u011fu, hem okumay\u0131 hem de gezmeyi sevenler i\u00e7in nesiller boyu kalacak bir yol haritas\u0131 \u00e7\u0131k\u0131yor.Avrupa, Afrika, Amerika ve Asya k\u0131tas\u0131nda gezinen kitapta Otranto Kalesi\u2019nden Mustafa Kemal\u2019in izinde Sofya g\u00fcnlerine uzan\u0131rken British Museum\u2019da Anadolu\u2019ya dair s\u0131rlar yakal\u0131yor. Dresden\u2019deki T\u00fcrk Osmanl\u0131 miras\u0131n\u0131 incelerken N\u00e2z\u0131m Hikmet\u2019in Polonya vatanda\u015fl\u0131\u011f\u0131na ba\u015fvuru belgesini ke\u015ffediyor. Tunus\u2019ta 500 y\u0131ll\u0131k T\u00fcrk izlerinin pe\u015fine d\u00fc\u015ferken ABD\u2019nin kalbindeki bir Osmanl\u0131 kitabesini inceliyor. \u0130lber Ortayl\u0131 e\u015fli\u011finde L\u00fcbnan\u2019a tarih gezisi yaparken 11. y\u00fczy\u0131l\u0131n \u015faheseri Nizam\u00fclm\u00fclk\u2019\u00fcn kubbesinde nefesleniyor.GEZG\u0130NG\u00d6Z: S\u0131n\u0131r \u00d6tesi T\u00fcrkiye Miras\u0131 Rehberi, k\u0131tadan k\u0131taya ve \u00fclkeden \u00fclkeye uzanan bir T\u00fcrk tarihi hazinesi\u2026<\/p>\n","protected":false},"excerpt":{"rendered":"<p>TAR\u0130H\u0130N VE ZAMANIN \u0130Z\u0130N\u0130 S\u00dcRMEK:B\u0130R K\u00dcLT\u00dcR REHBER\u0130\u201cSerhan G\u00fcng\u00f6r ilgin\u00e7 ki\u015filiklerden biridir. \u00d6\u011frencimdir. Kitapta anlat\u0131lan baz\u0131 gezileri de beraber yapt\u0131k. Serhan hi\u00e7 \u00fc\u015fenmedi, gezdi\u011fi g\u00f6rd\u00fc\u011f\u00fc geni\u015f bir<span class=\"excerpt-hellip\"> [\u2026]<\/span><\/p>\n","protected":false},"featured_media":0,"template":"","meta":{"_monsterinsights_skip_tracking":false,"_monsterinsights_sitenote_active":false,"_monsterinsights_sitenote_note":"","_monsterinsights_sitenote_category":0},"product_brand":[],"product_cat":[13054,45811],"product_tag":[],"class_list":{"0":"post-731521","1":"product","2":"type-product","3":"status-publish","5":"product_cat-gezi-ve-rehber-kitaplari","6":"product_cat-ulke-rehberleri","7":"pa_cilt-ciltsiz","8":"pa_tur-kitap","9":"pa_yayinevi-kronik-kitap","10":"pa_yazar-serhan-gungor","12":"first","13":"instock","14":"sale","15":"shipping-taxable","16":"purchasable","17":"product-type-simple"},"_links":{"self":[{"href":"https:\/\/roveyayinevi.com.tr\/index.php\/wp-json\/wp\/v2\/product\/731521","targetHints":{"allow":["GET"]}}],"collection":[{"href":"https:\/\/roveyayinevi.com.tr\/index.php\/wp-json\/wp\/v2\/product"}],"about":[{"href":"https:\/\/roveyayinevi.com.tr\/index.php\/wp-json\/wp\/v2\/types\/product"}],"wp:attachment":[{"href":"https:\/\/roveyayinevi.com.tr\/index.php\/wp-json\/wp\/v2\/media?parent=731521"}],"wp:term":[{"taxonomy":"product_brand","embeddable":true,"href":"https:\/\/roveyayinevi.com.tr\/index.php\/wp-json\/wp\/v2\/product_brand?post=731521"},{"taxonomy":"product_cat","embeddable":true,"href":"https:\/\/roveyayinevi.com.tr\/index.php\/wp-json\/wp\/v2\/product_cat?post=731521"},{"taxonomy":"product_tag","embeddable":true,"href":"https:\/\/roveyayinevi.com.tr\/index.php\/wp-json\/wp\/v2\/product_tag?post=731521"}],"curies":[{"name":"wp","href":"https:\/\/api.w.org\/{rel}","templated":true}]}}