{"id":731520,"date":"2025-08-27T21:33:29","date_gmt":"2025-08-27T18:33:29","guid":{"rendered":"https:\/\/roveyayinevi.com.tr\/index.php\/urun\/hesap-lutfen-2\/"},"modified":"2026-04-08T02:47:53","modified_gmt":"2026-04-07T23:47:53","slug":"hesap-lutfen-2","status":"publish","type":"product","link":"https:\/\/roveyayinevi.com.tr\/index.php\/urun\/hesap-lutfen-2\/","title":{"rendered":"Hesap L\u00fctfen!"},"content":{"rendered":"<p>\u201cSiz, bilmeyenler kadar ses \u00e7\u0131karmad\u0131k\u00e7a, niteli\u011finizin fark\u0131na varamayacaklar ve anla\u015f\u0131lmad\u0131\u011f\u0131n\u0131z\u0131 d\u00fc\u015f\u00fcneceksiniz. Me\u015fgul oldu\u011funuz i\u015fler ba\u015fkalar\u0131n\u0131n g\u00f6z\u00fcnde de\u011fersizle\u015fecek ve vazge\u00e7ilebilir oldu\u011funuzu zannedeceksiniz. Ses \u00e7\u0131kartmak derken ba\u011f\u0131rmay\u0131, g\u00fcr\u00fclt\u00fc yaparak barbarla\u015fmay\u0131 de\u011fil; do\u011fru zaman ve do\u011fru yerde kendini anlatmaktan geri durmamay\u0131 kastediyorum. Bilgi sahibi oldu\u011fumuza emin oldu\u011fumuz her konuda, e\u011fitimini ald\u0131\u011f\u0131m\u0131z alanlarda, h\u00f6d\u00fcklerden daha \u00e7ok ses \u00e7\u0131karmal\u0131y\u0131z.\u201dVedat M\u0130LOR   Gastronomi uzman\u0131\u2026 \u015earap uzman\u0131&#8230; \u0130ktisat\u00e7\u0131\u2026 Sosyolog\u2026 Televizyoncu\u2026 Yazar\u2026 Her daim okuyan, yazan, arayan; bir yandan da hem geleneksel hem sosyal medyada e\u011flenen, dertle\u015fen, anlatan ve anlamaya \u00e7al\u0131\u015fan bir kamu ayd\u0131n\u0131. ABD-T\u00fcrkiye hatt\u0131nda dokudu\u011fu hayat felsefesini mukayeseli bir zemine oturtmu\u015f iyi bir g\u00f6zlemci ve ele\u015ftirmen. Vedat Milor, hayat\u0131n\u0131 roller coaster\u2019a binmek gibi tan\u0131ml\u0131yor. Farkl\u0131 alanlar, farkl\u0131 \u00fclkeler, hatta farkl\u0131 k\u0131talar aras\u0131nda gidip gelen bir h\u0131z treni\u2026 Bu yolculuk s\u0131ras\u0131nda \u00fcreten, ke\u015ffeden, \u00f6\u011frenen, sorgulayan ve hayat\u0131 deneyimlemekten ka\u00e7\u0131nmayan a\u00e7\u0131k y\u00fcrekli bir entelekt\u00fcel\u2026 Gastronominin yaln\u0131zca yemek yemekten ibaret olmad\u0131\u011f\u0131n\u0131 onunla \u00f6\u011freniyoruz. Farkl\u0131 k\u00fclt\u00fcrlere ve kesimlere nas\u0131l bir pencere a\u00e7\u0131laca\u011f\u0131n\u0131; ya\u015fam tarz\u0131n\u0131n bir s\u0131n\u0131r, bir mahrumiyet alan\u0131na d\u00f6n\u00fc\u015fmesine mecbur olunmad\u0131\u011f\u0131n\u0131 da\u2026 Nurhak Kaya sordu; Vedat Milor geni\u015f tecr\u00fcbesinden ve bilgisinden s\u00fczd\u00fc\u011f\u00fc insana, topluma dair g\u00f6zlemlerini; bu kaotik d\u00fcnyada her daim hayatta kalma stratejilerini Hesap L\u00fctfen!\u2019de okurlarla payla\u015ft\u0131. \u0130nsan d\u00fcnyaya nas\u0131l a\u00e7\u0131l\u0131r?Hayattaki \u00f6ncelikler nas\u0131l belirlenir?Yeme-i\u00e7me k\u00fclt\u00fcr\u00fc i\u00e7in para \u015fart m\u0131d\u0131r?Toplum i\u00e7inde ya\u015faman\u0131n yollar\u0131 nelerdir?\u0130\u015f hayat\u0131nda kar\u015f\u0131la\u015ft\u0131\u011f\u0131 zorluklar\u0131 insan nas\u0131l a\u015fabilir?Ya\u015fam\u0131m\u0131z\u0131 dolu dolu s\u00fcrd\u00fcrece\u011fimiz makul bir dengenin yolu nereden ge\u00e7er? Arkada\u015fl\u0131k. A\u015fk. Bo\u015f zamanlar. Yaln\u0131zl\u0131k. \u0130\u015f hayat\u0131. Ev ya\u015fam\u0131. Kariyer se\u00e7imi. Hobiler. Yemekler, lezzetler, aray\u0131\u015flar. G\u00fcn\u00fcm\u00fcz kapitalizminde yeni trendler ve prekarya. \u00dclkemizin ekonomi politi\u011fi ve tufeylilik. \u00dclkedeki h\u00e2kim s\u0131n\u0131f ve devletin niteli\u011fi. T\u00fcrkiye\u2019de \u00e7ok az rastlan\u0131r bir samimiyet ve netlikle ki\u015fisel anekdotlar ve g\u00f6zlemler. Milor, Hesap L\u00fctfen! kitab\u0131yla, i\u00e7imizdeki sesin ve hayallerimizin pe\u015finde ko\u015farken s\u0131n\u0131rlar\u0131m\u0131z\u0131 zorlaman\u0131n ve ba\u015fka pencereler a\u00e7man\u0131n \u00f6nemini hepimize hat\u0131rlat\u0131yor. <\/p>\n","protected":false},"excerpt":{"rendered":"<p>\u201cSiz, bilmeyenler kadar ses \u00e7\u0131karmad\u0131k\u00e7a, niteli\u011finizin fark\u0131na varamayacaklar ve anla\u015f\u0131lmad\u0131\u011f\u0131n\u0131z\u0131 d\u00fc\u015f\u00fcneceksiniz. Me\u015fgul oldu\u011funuz i\u015fler ba\u015fkalar\u0131n\u0131n g\u00f6z\u00fcnde de\u011fersizle\u015fecek ve vazge\u00e7ilebilir oldu\u011funuzu zannedeceksiniz. Ses \u00e7\u0131kartmak derken ba\u011f\u0131rmay\u0131, g\u00fcr\u00fclt\u00fc<span class=\"excerpt-hellip\"> [\u2026]<\/span><\/p>\n","protected":false},"featured_media":0,"template":"","meta":{"_monsterinsights_skip_tracking":false,"_monsterinsights_sitenote_active":false,"_monsterinsights_sitenote_note":"","_monsterinsights_sitenote_category":0},"product_brand":[],"product_cat":[12364,12376],"product_tag":[],"class_list":{"0":"post-731520","1":"product","2":"type-product","3":"status-publish","5":"product_cat-genel-konular","6":"product_cat-kisisel-gelisim","7":"pa_cilt-ciltsiz","8":"pa_tur-kitap","9":"pa_yayinevi-kronik-kitap","10":"pa_yazar-vedat-milor","12":"first","13":"instock","14":"sale","15":"shipping-taxable","16":"purchasable","17":"product-type-simple"},"_links":{"self":[{"href":"https:\/\/roveyayinevi.com.tr\/index.php\/wp-json\/wp\/v2\/product\/731520","targetHints":{"allow":["GET"]}}],"collection":[{"href":"https:\/\/roveyayinevi.com.tr\/index.php\/wp-json\/wp\/v2\/product"}],"about":[{"href":"https:\/\/roveyayinevi.com.tr\/index.php\/wp-json\/wp\/v2\/types\/product"}],"wp:attachment":[{"href":"https:\/\/roveyayinevi.com.tr\/index.php\/wp-json\/wp\/v2\/media?parent=731520"}],"wp:term":[{"taxonomy":"product_brand","embeddable":true,"href":"https:\/\/roveyayinevi.com.tr\/index.php\/wp-json\/wp\/v2\/product_brand?post=731520"},{"taxonomy":"product_cat","embeddable":true,"href":"https:\/\/roveyayinevi.com.tr\/index.php\/wp-json\/wp\/v2\/product_cat?post=731520"},{"taxonomy":"product_tag","embeddable":true,"href":"https:\/\/roveyayinevi.com.tr\/index.php\/wp-json\/wp\/v2\/product_tag?post=731520"}],"curies":[{"name":"wp","href":"https:\/\/api.w.org\/{rel}","templated":true}]}}