{"id":731519,"date":"2025-08-27T21:33:28","date_gmt":"2025-08-27T18:33:28","guid":{"rendered":"https:\/\/roveyayinevi.com.tr\/index.php\/urun\/eskiden-buralar\/"},"modified":"2026-04-16T02:39:12","modified_gmt":"2026-04-15T23:39:12","slug":"eskiden-buralar","status":"publish","type":"product","link":"https:\/\/roveyayinevi.com.tr\/index.php\/urun\/eskiden-buralar\/","title":{"rendered":"Eskiden Buralar"},"content":{"rendered":"<p>Belki sivas, belki bing\u00f6l, belki karsKim bilir belki de araftas\u0131nBense duvarda unutulmu\u015f bir mushafSensiz ge\u00e7en g\u00fcnlerim \u015farktan say\u0131ls\u0131nC\u00fcmleler de ya\u015flan\u0131r, beklemek de marryHerkes bir kap\u0131n\u0131n e\u015fi\u011finde paspas de\u011fil miNesi olurum diyordum ya d\u00fcnyan\u0131nBeni bir g\u00f6kdelene g\u00f6k yapt\u0131lar sen gideliHer \u015feyin fazlas\u0131 fazlad\u0131r marryGittin ya ben burda k\u00fcme d\u00fc\u015fen bir tak\u0131mKendimin bile uzak akrabas\u0131y\u0131m<\/p>\n","protected":false},"excerpt":{"rendered":"<p>Belki sivas, belki bing\u00f6l, belki karsKim bilir belki de araftas\u0131nBense duvarda unutulmu\u015f bir mushafSensiz ge\u00e7en g\u00fcnlerim \u015farktan say\u0131ls\u0131nC\u00fcmleler de ya\u015flan\u0131r, beklemek de marryHerkes bir kap\u0131n\u0131n e\u015fi\u011finde<span class=\"excerpt-hellip\"> [\u2026]<\/span><\/p>\n","protected":false},"featured_media":0,"template":"","meta":{"_monsterinsights_skip_tracking":false,"_monsterinsights_sitenote_active":false,"_monsterinsights_sitenote_note":"","_monsterinsights_sitenote_category":0},"product_brand":[],"product_cat":[12291,12509],"product_tag":[],"class_list":{"0":"post-731519","1":"product","2":"type-product","3":"status-publish","5":"product_cat-edebiyat","6":"product_cat-siir","7":"pa_cilt-ciltsiz","8":"pa_tur-kitap","9":"pa_yayinevi-muhit-kitap","10":"pa_yazar-eyyup-akyuz","12":"first","13":"instock","14":"sale","15":"shipping-taxable","16":"purchasable","17":"product-type-simple"},"_links":{"self":[{"href":"https:\/\/roveyayinevi.com.tr\/index.php\/wp-json\/wp\/v2\/product\/731519","targetHints":{"allow":["GET"]}}],"collection":[{"href":"https:\/\/roveyayinevi.com.tr\/index.php\/wp-json\/wp\/v2\/product"}],"about":[{"href":"https:\/\/roveyayinevi.com.tr\/index.php\/wp-json\/wp\/v2\/types\/product"}],"wp:attachment":[{"href":"https:\/\/roveyayinevi.com.tr\/index.php\/wp-json\/wp\/v2\/media?parent=731519"}],"wp:term":[{"taxonomy":"product_brand","embeddable":true,"href":"https:\/\/roveyayinevi.com.tr\/index.php\/wp-json\/wp\/v2\/product_brand?post=731519"},{"taxonomy":"product_cat","embeddable":true,"href":"https:\/\/roveyayinevi.com.tr\/index.php\/wp-json\/wp\/v2\/product_cat?post=731519"},{"taxonomy":"product_tag","embeddable":true,"href":"https:\/\/roveyayinevi.com.tr\/index.php\/wp-json\/wp\/v2\/product_tag?post=731519"}],"curies":[{"name":"wp","href":"https:\/\/api.w.org\/{rel}","templated":true}]}}