{"id":731518,"date":"2025-08-27T21:33:26","date_gmt":"2025-08-27T18:33:26","guid":{"rendered":"https:\/\/roveyayinevi.com.tr\/index.php\/urun\/her-sey-cok-guzel-baslamisti\/"},"modified":"2026-04-16T02:39:12","modified_gmt":"2026-04-15T23:39:12","slug":"her-sey-cok-guzel-baslamisti","status":"publish","type":"product","link":"https:\/\/roveyayinevi.com.tr\/index.php\/urun\/her-sey-cok-guzel-baslamisti\/","title":{"rendered":"Her \u015eey \u00c7ok G\u00fczel Ba\u015flam\u0131\u015ft\u0131"},"content":{"rendered":"<p>Hik\u00e2ye yazmak, hayata \u201cson\u201d vermek arzusuna yaslan\u0131r. \u201cBuraya kadar!\u201d demeyi sever hik\u00e2yeciler; zaman\u0131 k\u0131sa keserler&#8230; Bet\u00fcl Nurata hik\u00e2yelerini niye seviyorum? \u00c7\u00fcnk\u00fc \u00e7ok farkl\u0131 bir \u015fey yap\u0131yor: Ba\u015flat\u0131yor sadece&#8230; Bir t\u00fcr g\u00fczel do\u011fum&#8230; Can vermek&#8230; Sonras\u0131 okurun \u015fefkatiyle b\u00fcy\u00fcy\u00fcp serpilen bir hayat!Ha\u015fmet Babao\u011fluBet\u00fcl Nurata, \u00f6yk\u00fclerinde hayat\u0131n ola\u011fan ak\u0131\u015f\u0131na ola\u011fan d\u0131\u015f\u0131 bir merakla bak\u0131yor. Kapal\u0131 mek\u00e2nlar\u0131 bizim i\u00e7in a\u00e7\u0131yor, k\u00fc\u00e7\u00fck insanlar\u0131 b\u00fcy\u00fct\u00fcyor. Bu \u00f6yk\u00fclerde dikkatimi \u00e7eken, insan\u0131n kederine e\u015flik eden ironi. Bir de \u015fu var: Cebinde saklad\u0131\u011f\u0131 boks eldivenlerini g\u00f6rm\u00fcyorsunuz ama hissediyorsunuz.Ahmet MuratBet\u00fcl Nurata \u00f6yk\u00fclerinin okurla ba\u011f kurmas\u0131ndaki dolays\u0131zl\u0131\u011f\u0131 \u00e7ok seviyorum. Bet\u00fcl\u2019\u00fcn her \u00f6yk\u00fcs\u00fcnde beni \u00e7eken yan biraz da o. Okurunu hi\u00e7 yaln\u0131z b\u0131rakm\u0131yor. Ben bu \u00f6yk\u00fclerdeki karakterleri bir yerden tan\u0131yorum hissi ya\u015f\u0131yorum metni okurken. Bu ancak \u00e7ok \u00f6zg\u00fcn yazarlara nasip olan bir \u00f6zellik.Mustafa Akar<\/p>\n","protected":false},"excerpt":{"rendered":"<p>Hik\u00e2ye yazmak, hayata \u201cson\u201d vermek arzusuna yaslan\u0131r. \u201cBuraya kadar!\u201d demeyi sever hik\u00e2yeciler; zaman\u0131 k\u0131sa keserler&#8230; Bet\u00fcl Nurata hik\u00e2yelerini niye seviyorum? \u00c7\u00fcnk\u00fc \u00e7ok farkl\u0131 bir \u015fey yap\u0131yor:<span class=\"excerpt-hellip\"> [\u2026]<\/span><\/p>\n","protected":false},"featured_media":0,"template":"","meta":{"_monsterinsights_skip_tracking":false,"_monsterinsights_sitenote_active":false,"_monsterinsights_sitenote_note":"","_monsterinsights_sitenote_category":0},"product_brand":[],"product_cat":[12291,12711],"product_tag":[],"class_list":{"0":"post-731518","1":"product","2":"type-product","3":"status-publish","5":"product_cat-edebiyat","6":"product_cat-roman-oyku","7":"pa_cilt-ciltsiz","8":"pa_tur-kitap","9":"pa_yayinevi-muhit-kitap","10":"pa_yazar-betul-nurata","12":"first","13":"instock","14":"sale","15":"shipping-taxable","16":"purchasable","17":"product-type-simple"},"_links":{"self":[{"href":"https:\/\/roveyayinevi.com.tr\/index.php\/wp-json\/wp\/v2\/product\/731518","targetHints":{"allow":["GET"]}}],"collection":[{"href":"https:\/\/roveyayinevi.com.tr\/index.php\/wp-json\/wp\/v2\/product"}],"about":[{"href":"https:\/\/roveyayinevi.com.tr\/index.php\/wp-json\/wp\/v2\/types\/product"}],"wp:attachment":[{"href":"https:\/\/roveyayinevi.com.tr\/index.php\/wp-json\/wp\/v2\/media?parent=731518"}],"wp:term":[{"taxonomy":"product_brand","embeddable":true,"href":"https:\/\/roveyayinevi.com.tr\/index.php\/wp-json\/wp\/v2\/product_brand?post=731518"},{"taxonomy":"product_cat","embeddable":true,"href":"https:\/\/roveyayinevi.com.tr\/index.php\/wp-json\/wp\/v2\/product_cat?post=731518"},{"taxonomy":"product_tag","embeddable":true,"href":"https:\/\/roveyayinevi.com.tr\/index.php\/wp-json\/wp\/v2\/product_tag?post=731518"}],"curies":[{"name":"wp","href":"https:\/\/api.w.org\/{rel}","templated":true}]}}