{"id":731516,"date":"2025-08-27T21:33:24","date_gmt":"2025-08-27T18:33:24","guid":{"rendered":"https:\/\/roveyayinevi.com.tr\/index.php\/urun\/bir-haftada-orhan-veli\/"},"modified":"2026-04-16T02:39:12","modified_gmt":"2026-04-15T23:39:12","slug":"bir-haftada-orhan-veli","status":"publish","type":"product","link":"https:\/\/roveyayinevi.com.tr\/index.php\/urun\/bir-haftada-orhan-veli\/","title":{"rendered":"Bir Haftada Orhan Veli"},"content":{"rendered":"<p>Yal\u0131n bir anlat\u0131m benimseyip T\u00fcrk \u015fiir dilini, konu\u015fma diline yak\u0131nla\u015ft\u0131rarak yeni bir \u015fiir anlay\u0131\u015f\u0131n\u0131, \u00fcslubu edebiyat\u0131m\u0131za kazand\u0131ran Orhan Veli\u2019nin eserleri bug\u00fcn hala her ya\u015ftan okuru yakalamay\u0131 ba\u015far\u0131yor.Edebiyat\u0131m\u0131z\u0131n en \u00f6nemli \u015fairlerinden Orhan Veli\u2019yi daha yak\u0131ndan tan\u0131ma kitab\u0131 olarak haz\u0131rlad\u0131\u011f\u0131m\u0131z Bir Haftada Orhan Veli, yedi ayr\u0131 b\u00f6l\u00fcmden olu\u015fuyor. Her b\u00f6l\u00fcm\u00fc bir g\u00fcn olarak d\u00fc\u015f\u00fcnd\u00fc\u011f\u00fcm\u00fczde; bu kitapla her yeni g\u00fcne \u015fairin bir foto\u011fraf\u0131yla ba\u015flayacaks\u0131n\u0131z. Ard\u0131ndan bir \u015fiiriyle g\u00fcne devam edecek; sonras\u0131nda hikayelerinden birini okuyup Frans\u0131zcadan \u00e7evirdi\u011fi \u015fiirlerden birini m\u0131r\u0131ldanarak, her bir g\u00fcn\u00fc dostlar\u0131na yazd\u0131\u011f\u0131 mektuplarla sonland\u0131rm\u0131\u015f olacaks\u0131n\u0131z.\u00dcstelik bu bir haftay\u0131 ba\u015flatmak i\u00e7in pazartesiyi beklemenize gerek yok\u2026 \u015eimdiden iyi haftalar\u2026<\/p>\n","protected":false},"excerpt":{"rendered":"<p>Yal\u0131n bir anlat\u0131m benimseyip T\u00fcrk \u015fiir dilini, konu\u015fma diline yak\u0131nla\u015ft\u0131rarak yeni bir \u015fiir anlay\u0131\u015f\u0131n\u0131, \u00fcslubu edebiyat\u0131m\u0131za kazand\u0131ran Orhan Veli\u2019nin eserleri bug\u00fcn hala her ya\u015ftan okuru yakalamay\u0131<span class=\"excerpt-hellip\"> [\u2026]<\/span><\/p>\n","protected":false},"featured_media":0,"template":"","meta":{"_monsterinsights_skip_tracking":false,"_monsterinsights_sitenote_active":false,"_monsterinsights_sitenote_note":"","_monsterinsights_sitenote_category":0},"product_brand":[],"product_cat":[14009,12291],"product_tag":[],"class_list":{"0":"post-731516","1":"product","2":"type-product","3":"status-publish","5":"product_cat-biyografi-otobiyografi-edebiyat","6":"product_cat-edebiyat","7":"pa_cilt-ciltsiz","8":"pa_tur-kitap","9":"pa_yayinevi-fom-kitap","10":"pa_yazar-sima-ozkan-fuat-altay","12":"first","13":"instock","14":"sale","15":"shipping-taxable","16":"purchasable","17":"product-type-simple"},"_links":{"self":[{"href":"https:\/\/roveyayinevi.com.tr\/index.php\/wp-json\/wp\/v2\/product\/731516","targetHints":{"allow":["GET"]}}],"collection":[{"href":"https:\/\/roveyayinevi.com.tr\/index.php\/wp-json\/wp\/v2\/product"}],"about":[{"href":"https:\/\/roveyayinevi.com.tr\/index.php\/wp-json\/wp\/v2\/types\/product"}],"wp:attachment":[{"href":"https:\/\/roveyayinevi.com.tr\/index.php\/wp-json\/wp\/v2\/media?parent=731516"}],"wp:term":[{"taxonomy":"product_brand","embeddable":true,"href":"https:\/\/roveyayinevi.com.tr\/index.php\/wp-json\/wp\/v2\/product_brand?post=731516"},{"taxonomy":"product_cat","embeddable":true,"href":"https:\/\/roveyayinevi.com.tr\/index.php\/wp-json\/wp\/v2\/product_cat?post=731516"},{"taxonomy":"product_tag","embeddable":true,"href":"https:\/\/roveyayinevi.com.tr\/index.php\/wp-json\/wp\/v2\/product_tag?post=731516"}],"curies":[{"name":"wp","href":"https:\/\/api.w.org\/{rel}","templated":true}]}}