{"id":731513,"date":"2025-08-27T21:33:22","date_gmt":"2025-08-27T18:33:22","guid":{"rendered":"https:\/\/roveyayinevi.com.tr\/index.php\/urun\/bir-secim-nasil-kazanilir\/"},"modified":"2026-04-16T02:39:12","modified_gmt":"2026-04-15T23:39:12","slug":"bir-secim-nasil-kazanilir","status":"publish","type":"product","link":"https:\/\/roveyayinevi.com.tr\/index.php\/urun\/bir-secim-nasil-kazanilir\/","title":{"rendered":"Bir Se\u00e7im Nas\u0131l Kazan\u0131l\u0131r?"},"content":{"rendered":"<p>Romal\u0131 hukuk\u00e7u, hatip, devlet adam\u0131 ve filozof Marcus Tullius Cicero, Roma Cumhuriyeti\u2019nin sendeledi\u011fi, Julius Caesar\u2019\u0131n yu\u0308kseli\u015fini, diktat\u00f6rlu\u0308\u011fu\u0308nu\u0308 ve \u00f6lu\u0308mu\u0308nu\u0308 g\u00f6rdu\u0308\u011fu\u0308 heyecanl\u0131 bir d\u00f6nemde ya\u015fad\u0131. Siyasetin bu heyecan\u0131, gerginli\u011fi, karma\u015fas\u0131 ve entrikalar\u0131 siyasi konu\u015fmalar\u0131 ve yaz\u0131\u015fmalar\u0131nda a\u00e7\u0131k\u00e7a g\u00f6ru\u0308len Cicero, Yunan du\u0308\u015fu\u0308ncesinin daha sonraki d\u00f6nemlere aktar\u0131lmas\u0131nda bu\u0308yu\u0308k rol oynayan, \u00f6nemli bir tarihi figu\u0308rdu\u0308r. Cicero sadece d\u00f6neminin siyasi ortam\u0131n\u0131 iletmekle kalmad\u0131, bilgi teorisi a\u00e7\u0131s\u0131ndan kesinli\u011fe ba\u011flanmak yerine olas\u0131l\u0131klar\u0131n pe\u015finden giden etik alan\u0131nda dogmatik bir tav\u0131r sergileyip Stoac\u0131lar ve Sokrates\u2019i takip ederek Latincenin felsefe dili olarak geli\u015fmesine \u00f6nemli katk\u0131larda da bulundu. M\u00d6 64 y\u0131l\u0131n\u0131n yaz aylar\u0131nda Marcus Tullius Cicero konsu\u0308llu\u0308k se\u00e7imine girdi. Karde\u015fi Quintus, ona se\u00e7imi hangi kampanya y\u00f6ntemleriyle ve nas\u0131l kazanabilece\u011fine y\u00f6nelik \u00f6nerilerle dolu uzunca bir mektup kaleme ald\u0131. Hemen herkese her \u015feyi vaat etmekten, rakiplerin kar\u0131\u015ft\u0131\u011f\u0131 skandallardan yararlanmaya var\u0131ncaya kadar \u00e7ok say\u0131da pratik \u00f6neride bulunan ve gu\u0308nu\u0308mu\u0308z siyaset\u00e7ilerinin de yararlanabilece\u011fi bu elkitab\u0131 \u015fimdi ilk kez Tu\u0308rk\u00e7ede.<\/p>\n","protected":false},"excerpt":{"rendered":"<p>Romal\u0131 hukuk\u00e7u, hatip, devlet adam\u0131 ve filozof Marcus Tullius Cicero, Roma Cumhuriyeti\u2019nin sendeledi\u011fi, Julius Caesar\u2019\u0131n yu\u0308kseli\u015fini, diktat\u00f6rlu\u0308\u011fu\u0308nu\u0308 ve \u00f6lu\u0308mu\u0308nu\u0308 g\u00f6rdu\u0308\u011fu\u0308 heyecanl\u0131 bir d\u00f6nemde ya\u015fad\u0131. Siyasetin bu<span class=\"excerpt-hellip\"> [\u2026]<\/span><\/p>\n","protected":false},"featured_media":0,"template":"","meta":{"_monsterinsights_skip_tracking":false,"_monsterinsights_sitenote_active":false,"_monsterinsights_sitenote_note":"","_monsterinsights_sitenote_category":0},"product_brand":[],"product_cat":[12388,13555],"product_tag":[],"class_list":{"0":"post-731513","1":"product","2":"type-product","3":"status-publish","5":"product_cat-felsefe","6":"product_cat-genel-felsefe","7":"pa_cilt-ciltsiz","8":"pa_tur-kitap","9":"pa_yayinevi-say-yayinlari","10":"pa_yazar-cicero","12":"first","13":"instock","14":"sale","15":"shipping-taxable","16":"purchasable","17":"product-type-simple"},"_links":{"self":[{"href":"https:\/\/roveyayinevi.com.tr\/index.php\/wp-json\/wp\/v2\/product\/731513","targetHints":{"allow":["GET"]}}],"collection":[{"href":"https:\/\/roveyayinevi.com.tr\/index.php\/wp-json\/wp\/v2\/product"}],"about":[{"href":"https:\/\/roveyayinevi.com.tr\/index.php\/wp-json\/wp\/v2\/types\/product"}],"wp:attachment":[{"href":"https:\/\/roveyayinevi.com.tr\/index.php\/wp-json\/wp\/v2\/media?parent=731513"}],"wp:term":[{"taxonomy":"product_brand","embeddable":true,"href":"https:\/\/roveyayinevi.com.tr\/index.php\/wp-json\/wp\/v2\/product_brand?post=731513"},{"taxonomy":"product_cat","embeddable":true,"href":"https:\/\/roveyayinevi.com.tr\/index.php\/wp-json\/wp\/v2\/product_cat?post=731513"},{"taxonomy":"product_tag","embeddable":true,"href":"https:\/\/roveyayinevi.com.tr\/index.php\/wp-json\/wp\/v2\/product_tag?post=731513"}],"curies":[{"name":"wp","href":"https:\/\/api.w.org\/{rel}","templated":true}]}}