{"id":731509,"date":"2025-08-27T21:33:18","date_gmt":"2025-08-27T18:33:18","guid":{"rendered":"https:\/\/roveyayinevi.com.tr\/index.php\/urun\/tom-sawyerin-maceralari-10\/"},"modified":"2026-04-16T02:39:12","modified_gmt":"2026-04-15T23:39:12","slug":"tom-sawyerin-maceralari-10","status":"publish","type":"product","link":"https:\/\/roveyayinevi.com.tr\/index.php\/urun\/tom-sawyerin-maceralari-10\/","title":{"rendered":"Tom Sawyer\u2019\u0131n Maceralar\u0131"},"content":{"rendered":"<p>Tom Sawyer bir \u00e7ocuk, ama onun i\u00e7in \u201cb\u00fcy\u00fcm\u00fc\u015f de k\u00fc\u00e7\u00fclm\u00fc\u015f\u201d dense yeri! Hem de s\u00fcrekli, t\u00fcrl\u00fc t\u00fcrl\u00fc haylazl\u0131k pe\u015finde! Ama Tom, asl\u0131nda d\u00fc\u015f\u00fcnd\u00fc\u011f\u00fcm\u00fcz gibi bir yaramaz de\u011fil\u2026 Belki de sadece maceradan maceraya at\u0131lmay\u0131 seviyor.Bizler de Tom\u2019un maceralarla dolup ta\u015fan d\u00fcnyas\u0131na girdik\u00e7e dostlu\u011fun, sevginin, d\u00fcr\u00fcstl\u00fc\u011f\u00fcn ve hayallerin d\u00fcnyas\u0131na giriyoruz: D\u00fcnyan\u0131n hayal kuran \u00e7ocuklara ihtiyac\u0131 var!Amerikan edebiyat\u0131n\u0131n kurucu yazarlar\u0131ndan Mark Twain\u2019in kaleme ald\u0131\u011f\u0131 Tom Sawyer\u2019\u0131n Maceralar\u0131, yeti\u015fkin okurlar i\u00e7in \u00e7ocukluklar\u0131na, \u00e7ocuk okurlar\u0131 i\u00e7in ise bug\u00fcnlerine ayna tutacaklar\u0131 ola\u011fan\u00fcst\u00fc bir ba\u015fyap\u0131t\u2026<\/p>\n","protected":false},"excerpt":{"rendered":"<p>Tom Sawyer bir \u00e7ocuk, ama onun i\u00e7in \u201cb\u00fcy\u00fcm\u00fc\u015f de k\u00fc\u00e7\u00fclm\u00fc\u015f\u201d dense yeri! Hem de s\u00fcrekli, t\u00fcrl\u00fc t\u00fcrl\u00fc haylazl\u0131k pe\u015finde! Ama Tom, asl\u0131nda d\u00fc\u015f\u00fcnd\u00fc\u011f\u00fcm\u00fcz gibi bir yaramaz<span class=\"excerpt-hellip\"> [\u2026]<\/span><\/p>\n","protected":false},"featured_media":0,"template":"","meta":{"_monsterinsights_skip_tracking":false,"_monsterinsights_sitenote_active":false,"_monsterinsights_sitenote_note":"","_monsterinsights_sitenote_category":0},"product_brand":[],"product_cat":[12275,12274],"product_tag":[],"class_list":{"0":"post-731509","1":"product","2":"type-product","3":"status-publish","5":"product_cat-6-12-yas-kitaplari","6":"product_cat-cocuk-ve-genclik-kitaplari","7":"pa_cilt-ciltsiz","8":"pa_tur-kitap","9":"pa_yayinevi-turkuvaz-kitap","10":"pa_yazar-mark-twain","12":"first","13":"instock","14":"sale","15":"shipping-taxable","16":"purchasable","17":"product-type-simple"},"_links":{"self":[{"href":"https:\/\/roveyayinevi.com.tr\/index.php\/wp-json\/wp\/v2\/product\/731509","targetHints":{"allow":["GET"]}}],"collection":[{"href":"https:\/\/roveyayinevi.com.tr\/index.php\/wp-json\/wp\/v2\/product"}],"about":[{"href":"https:\/\/roveyayinevi.com.tr\/index.php\/wp-json\/wp\/v2\/types\/product"}],"wp:attachment":[{"href":"https:\/\/roveyayinevi.com.tr\/index.php\/wp-json\/wp\/v2\/media?parent=731509"}],"wp:term":[{"taxonomy":"product_brand","embeddable":true,"href":"https:\/\/roveyayinevi.com.tr\/index.php\/wp-json\/wp\/v2\/product_brand?post=731509"},{"taxonomy":"product_cat","embeddable":true,"href":"https:\/\/roveyayinevi.com.tr\/index.php\/wp-json\/wp\/v2\/product_cat?post=731509"},{"taxonomy":"product_tag","embeddable":true,"href":"https:\/\/roveyayinevi.com.tr\/index.php\/wp-json\/wp\/v2\/product_tag?post=731509"}],"curies":[{"name":"wp","href":"https:\/\/api.w.org\/{rel}","templated":true}]}}