{"id":731507,"date":"2025-08-27T21:33:16","date_gmt":"2025-08-27T18:33:16","guid":{"rendered":"https:\/\/roveyayinevi.com.tr\/index.php\/urun\/altin-isik-8\/"},"modified":"2026-04-16T02:39:12","modified_gmt":"2026-04-15T23:39:12","slug":"altin-isik-8","status":"publish","type":"product","link":"https:\/\/roveyayinevi.com.tr\/index.php\/urun\/altin-isik-8\/","title":{"rendered":"Alt\u0131n I\u015f\u0131k"},"content":{"rendered":"<p>Ala geyiklerin, perilerin, canavarlar\u0131n oldu\u011fu bu masal ve destanlarda d\u00fcnyadaki b\u00fct\u00fcn T\u00fcrkler i\u00e7in m\u00fccadele eden kahramanlarla tan\u0131\u015facak; sevgisi i\u00e7in k\u0131l\u0131k de\u011fi\u015ftiren \u015fehzadelerle, devlerle sava\u015fan yi\u011fit gen\u00e7lerle, y\u0131lanlar\u0131n aras\u0131nda korkusuzca dola\u015fan beylerle maceradan maceraya at\u0131lacaks\u0131n\u0131z\u2026Her ne olursa olsun do\u011fruluktan ve iyilikten vazge\u00e7memek gerekti\u011fini \u00f6\u011f\u00fctleyen bu metinlerde vatan, do\u011fa, aile, dostluk ve sevgi gibi bir\u00e7ok de\u011feri tertemiz bir T\u00fcrk\u00e7e e\u015fli\u011finde unutmamak \u00fczere bir daha hat\u0131rlayacaks\u0131n\u0131z\u2026T\u00fcrk d\u00fc\u015f\u00fcnce d\u00fcnyas\u0131n\u0131n en y\u0131ld\u0131z isimlerinden biri olan Ziya G\u00f6kalp, Alt\u0131n I\u015f\u0131k eseriyle yediden yetmi\u015fe t\u00fcm okurlar\u0131n\u0131 nice hazinelerle dolu bir okuma ser\u00fcvenine \u00e7a\u011f\u0131r\u0131yor\u2026<\/p>\n","protected":false},"excerpt":{"rendered":"<p>Ala geyiklerin, perilerin, canavarlar\u0131n oldu\u011fu bu masal ve destanlarda d\u00fcnyadaki b\u00fct\u00fcn T\u00fcrkler i\u00e7in m\u00fccadele eden kahramanlarla tan\u0131\u015facak; sevgisi i\u00e7in k\u0131l\u0131k de\u011fi\u015ftiren \u015fehzadelerle, devlerle sava\u015fan yi\u011fit gen\u00e7lerle,<span class=\"excerpt-hellip\"> [\u2026]<\/span><\/p>\n","protected":false},"featured_media":0,"template":"","meta":{"_monsterinsights_skip_tracking":false,"_monsterinsights_sitenote_active":false,"_monsterinsights_sitenote_note":"","_monsterinsights_sitenote_category":0},"product_brand":[],"product_cat":[12274,12467],"product_tag":[],"class_list":{"0":"post-731507","1":"product","2":"type-product","3":"status-publish","5":"product_cat-cocuk-ve-genclik-kitaplari","6":"product_cat-dunya-klasikleri","7":"pa_cilt-ciltsiz","8":"pa_tur-kitap","9":"pa_yayinevi-turkuvaz-kitap","10":"pa_yazar-ziya-gokalp","12":"first","13":"instock","14":"sale","15":"shipping-taxable","16":"purchasable","17":"product-type-simple"},"_links":{"self":[{"href":"https:\/\/roveyayinevi.com.tr\/index.php\/wp-json\/wp\/v2\/product\/731507","targetHints":{"allow":["GET"]}}],"collection":[{"href":"https:\/\/roveyayinevi.com.tr\/index.php\/wp-json\/wp\/v2\/product"}],"about":[{"href":"https:\/\/roveyayinevi.com.tr\/index.php\/wp-json\/wp\/v2\/types\/product"}],"wp:attachment":[{"href":"https:\/\/roveyayinevi.com.tr\/index.php\/wp-json\/wp\/v2\/media?parent=731507"}],"wp:term":[{"taxonomy":"product_brand","embeddable":true,"href":"https:\/\/roveyayinevi.com.tr\/index.php\/wp-json\/wp\/v2\/product_brand?post=731507"},{"taxonomy":"product_cat","embeddable":true,"href":"https:\/\/roveyayinevi.com.tr\/index.php\/wp-json\/wp\/v2\/product_cat?post=731507"},{"taxonomy":"product_tag","embeddable":true,"href":"https:\/\/roveyayinevi.com.tr\/index.php\/wp-json\/wp\/v2\/product_tag?post=731507"}],"curies":[{"name":"wp","href":"https:\/\/api.w.org\/{rel}","templated":true}]}}