{"id":731504,"date":"2025-08-27T21:33:13","date_gmt":"2025-08-27T18:33:13","guid":{"rendered":"https:\/\/roveyayinevi.com.tr\/index.php\/urun\/gercek-kalp-temizligi\/"},"modified":"2026-04-05T02:46:41","modified_gmt":"2026-04-04T23:46:41","slug":"gercek-kalp-temizligi","status":"publish","type":"product","link":"https:\/\/roveyayinevi.com.tr\/index.php\/urun\/gercek-kalp-temizligi\/","title":{"rendered":"Ger\u00e7ek Kalp Temizli\u011fi"},"content":{"rendered":"<p>Tasavvuf ehli \u00e2limler; insan\u0131n bilerek ya da bilmeyerek, \u015feytan\u0131n fitneleri ile a\u015f\u0131r\u0131l\u0131\u011fa ka\u00e7an ya da azan kulunu, illetli yani hastal\u0131kl\u0131 olarak nitelemi\u015flerdir. Bu hastal\u0131k da do\u011frudan kalp hastal\u0131klar\u0131d\u0131r. \u0130nan\u00e7l\u0131 olsun ya da olmas\u0131n, yanl\u0131\u015f yapan ya da yanl\u0131\u015f yolda olan insan\u0131n \u00f6nce kalbinde bir \u015f\u00fcphe hissi olu\u015fur, baz\u0131lar\u0131nda bu titreme veya \u00fcrperme \u015feklinde, baz\u0131lar\u0131nda ise korku \u015feklinde etkisini g\u00f6sterir. E\u011fer bu hislere bo\u015f verilirse, kalp \u015feytan\u0131n emrine (etkisine) girer ve art\u0131k bu yanl\u0131\u015flar ola\u011fanla\u015f\u0131r. Etraf\u0131ndan k\u0131nama ve ele\u015ftiri de gelmiyorsa, bu hali \u00f6lene dek s\u00fcrer. Hatalar\u0131 sonucu ki\u015finin g\u00fcnahlar\u0131 katlanm\u0131\u015f ve sonu\u00e7 olarak \u015feytan, kalbi ele ge\u00e7irmi\u015f olur.  Y\u00fcce Allah bu durumu, Kerim kitab\u0131nda \u201ckalbin kararmas\u0131\u201d,  \u201ckalbin paslanmas\u0131\u201d, \u201ckalbin ta\u015fla\u015fmas\u0131\u201d ve hatta  \u201ckalbin m\u00fch\u00fcrlenmesi\u201d \u015feklinde (biz ak\u0131l sahiplerine)  duyurmaktad\u0131r. Bismillahirrahmanirrahim! \u201cM\u00fcminler ancak o kimselerdir ki, Allah an\u0131ld\u0131\u011f\u0131 zaman y\u00fcrekleri \u00fcrperir\u2026\u2026\u2026\u201d (Enf\u00e2l Suresi, 2. Ayet) Be\u011feniyle okuyaca\u011f\u0131n\u0131z\u0131 \u00fcmit ediyorum\u2026 <\/p>\n","protected":false},"excerpt":{"rendered":"<p>Tasavvuf ehli \u00e2limler; insan\u0131n bilerek ya da bilmeyerek, \u015feytan\u0131n fitneleri ile a\u015f\u0131r\u0131l\u0131\u011fa ka\u00e7an ya da azan kulunu, illetli yani hastal\u0131kl\u0131 olarak nitelemi\u015flerdir. Bu hastal\u0131k da do\u011frudan<span class=\"excerpt-hellip\"> [\u2026]<\/span><\/p>\n","protected":false},"featured_media":0,"template":"","meta":{"_monsterinsights_skip_tracking":false,"_monsterinsights_sitenote_active":false,"_monsterinsights_sitenote_note":"","_monsterinsights_sitenote_category":0},"product_brand":[],"product_cat":[12364,12376],"product_tag":[],"class_list":{"0":"post-731504","1":"product","2":"type-product","3":"status-publish","5":"product_cat-genel-konular","6":"product_cat-kisisel-gelisim","7":"pa_cilt-ciltsiz","8":"pa_tur-kitap","9":"pa_yayinevi-gulnar-yayinlari","10":"pa_yazar-sedat-sadioglu","12":"first","13":"instock","14":"sale","15":"shipping-taxable","16":"purchasable","17":"product-type-simple"},"_links":{"self":[{"href":"https:\/\/roveyayinevi.com.tr\/index.php\/wp-json\/wp\/v2\/product\/731504","targetHints":{"allow":["GET"]}}],"collection":[{"href":"https:\/\/roveyayinevi.com.tr\/index.php\/wp-json\/wp\/v2\/product"}],"about":[{"href":"https:\/\/roveyayinevi.com.tr\/index.php\/wp-json\/wp\/v2\/types\/product"}],"wp:attachment":[{"href":"https:\/\/roveyayinevi.com.tr\/index.php\/wp-json\/wp\/v2\/media?parent=731504"}],"wp:term":[{"taxonomy":"product_brand","embeddable":true,"href":"https:\/\/roveyayinevi.com.tr\/index.php\/wp-json\/wp\/v2\/product_brand?post=731504"},{"taxonomy":"product_cat","embeddable":true,"href":"https:\/\/roveyayinevi.com.tr\/index.php\/wp-json\/wp\/v2\/product_cat?post=731504"},{"taxonomy":"product_tag","embeddable":true,"href":"https:\/\/roveyayinevi.com.tr\/index.php\/wp-json\/wp\/v2\/product_tag?post=731504"}],"curies":[{"name":"wp","href":"https:\/\/api.w.org\/{rel}","templated":true}]}}