{"id":731500,"date":"2025-08-27T21:33:08","date_gmt":"2025-08-27T18:33:08","guid":{"rendered":"https:\/\/roveyayinevi.com.tr\/index.php\/urun\/sevdikce-cocuk-kalir-insan\/"},"modified":"2026-04-16T02:39:11","modified_gmt":"2026-04-15T23:39:11","slug":"sevdikce-cocuk-kalir-insan","status":"publish","type":"product","link":"https:\/\/roveyayinevi.com.tr\/index.php\/urun\/sevdikce-cocuk-kalir-insan\/","title":{"rendered":"Sevdik\u00e7e \u00c7ocuk Kal\u0131r \u0130nsan"},"content":{"rendered":"<p>Kapat\u0131p g\u00f6zlerimi saklan\u0131rd\u0131m usanmadan beni takip eden aydan d\u00fc\u015f\u00fcnmeden edemezdim \u201cacaba geliyor mu ard\u0131mdan\u201d ne kadar sakland\u0131ysam senden o kadar pay ald\u0131n akl\u0131mdan anlad\u0131m ki do\u011fruymu\u015f \u00e7ocukken neye inand\u0131ysam sevdik\u00e7e seni \u00e7ocuk kal\u0131yor insan<\/p>\n","protected":false},"excerpt":{"rendered":"<p>Kapat\u0131p g\u00f6zlerimi saklan\u0131rd\u0131m usanmadan beni takip eden aydan d\u00fc\u015f\u00fcnmeden edemezdim \u201cacaba geliyor mu ard\u0131mdan\u201d ne kadar sakland\u0131ysam senden o kadar pay ald\u0131n akl\u0131mdan anlad\u0131m ki do\u011fruymu\u015f<span class=\"excerpt-hellip\"> [\u2026]<\/span><\/p>\n","protected":false},"featured_media":0,"template":"","meta":{"_monsterinsights_skip_tracking":false,"_monsterinsights_sitenote_active":false,"_monsterinsights_sitenote_note":"","_monsterinsights_sitenote_category":0},"product_brand":[],"product_cat":[12291,12509],"product_tag":[],"class_list":{"0":"post-731500","1":"product","2":"type-product","3":"status-publish","5":"product_cat-edebiyat","6":"product_cat-siir","7":"pa_cilt-ciltsiz","8":"pa_tur-kitap","9":"pa_yayinevi-gulnar-yayinlari","10":"pa_yazar-mustafa-eryilmaz","12":"first","13":"instock","14":"sale","15":"shipping-taxable","16":"purchasable","17":"product-type-simple"},"_links":{"self":[{"href":"https:\/\/roveyayinevi.com.tr\/index.php\/wp-json\/wp\/v2\/product\/731500","targetHints":{"allow":["GET"]}}],"collection":[{"href":"https:\/\/roveyayinevi.com.tr\/index.php\/wp-json\/wp\/v2\/product"}],"about":[{"href":"https:\/\/roveyayinevi.com.tr\/index.php\/wp-json\/wp\/v2\/types\/product"}],"wp:attachment":[{"href":"https:\/\/roveyayinevi.com.tr\/index.php\/wp-json\/wp\/v2\/media?parent=731500"}],"wp:term":[{"taxonomy":"product_brand","embeddable":true,"href":"https:\/\/roveyayinevi.com.tr\/index.php\/wp-json\/wp\/v2\/product_brand?post=731500"},{"taxonomy":"product_cat","embeddable":true,"href":"https:\/\/roveyayinevi.com.tr\/index.php\/wp-json\/wp\/v2\/product_cat?post=731500"},{"taxonomy":"product_tag","embeddable":true,"href":"https:\/\/roveyayinevi.com.tr\/index.php\/wp-json\/wp\/v2\/product_tag?post=731500"}],"curies":[{"name":"wp","href":"https:\/\/api.w.org\/{rel}","templated":true}]}}