{"id":731498,"date":"2025-08-27T21:33:07","date_gmt":"2025-08-27T18:33:07","guid":{"rendered":"https:\/\/roveyayinevi.com.tr\/index.php\/urun\/islamiyetten-once-turkler\/"},"modified":"2026-04-16T02:39:11","modified_gmt":"2026-04-15T23:39:11","slug":"islamiyetten-once-turkler","status":"publish","type":"product","link":"https:\/\/roveyayinevi.com.tr\/index.php\/urun\/islamiyetten-once-turkler\/","title":{"rendered":"\u0130slamiyetten \u00d6nce T\u00fcrkler"},"content":{"rendered":"<p>D\u00fcnya tarihine bak\u0131ld\u0131\u011f\u0131nda T\u00fcrklerin yery\u00fcz\u00fcn\u00fcn en eski uluslar\u0131ndan biri oldu\u011fu g\u00f6r\u00fclmektedir. T\u00fcrk dili de binlerce y\u0131ll\u0131k var olan bir dildir. Kadim uygarl\u0131klardan olan \u00c7in\u2019in ilk \u00e7a\u011flardan beri kom\u015fulu\u011funu yapan T\u00fcrkler, yaln\u0131zca bu Uzak Do\u011fu medeniyetinin geli\u015fimine katl\u0131 sa\u011flamam\u0131\u015f; \u0130ran, Hindstan gibi k\u00f6kl\u00fc uygarl\u0131klar \u00fczerinde de kal\u0131c\u0131 izler b\u0131rakm\u0131\u015ft\u0131r. T\u00fcrklerin Avrupa medeniyetinin, bilhassa siyasi ve demografik geli\u015fiminde de derin tesirleri oldu\u011fu bilinmektedir. Eski T\u00fcrklerden g\u00fcn\u00fcm\u00fcze ula\u015fan izlerin bir k\u0131sm\u0131, \u201ckal\u0131c\u0131 eserler\u201d \u015feklinde de\u011ferlendirilerek D\u00fcnya Miras\u0131 olarak tan\u0131nm\u0131\u015f ve UNESCO\u2019nun D\u00fcnya Miraslar Listesi\u2019nde yer alm\u0131\u015ft\u0131r. Bu kitap, zengin T\u00fcrk tarihinin, milattan \u00f6nceki devirlerden, \u0130slamiyetin kabul\u00fcne kadar olan uzun zaman dilimindeki geli\u015fim s\u00fcre\u00e7lerini sizlere sunmaya \u00e7al\u0131\u015fm\u0131\u015ft\u0131r.<\/p>\n","protected":false},"excerpt":{"rendered":"<p>D\u00fcnya tarihine bak\u0131ld\u0131\u011f\u0131nda T\u00fcrklerin yery\u00fcz\u00fcn\u00fcn en eski uluslar\u0131ndan biri oldu\u011fu g\u00f6r\u00fclmektedir. T\u00fcrk dili de binlerce y\u0131ll\u0131k var olan bir dildir. Kadim uygarl\u0131klardan olan \u00c7in\u2019in ilk \u00e7a\u011flardan<span class=\"excerpt-hellip\"> [\u2026]<\/span><\/p>\n","protected":false},"featured_media":0,"template":"","meta":{"_monsterinsights_skip_tracking":false,"_monsterinsights_sitenote_active":false,"_monsterinsights_sitenote_note":"","_monsterinsights_sitenote_category":0},"product_brand":[],"product_cat":[12370,12304],"product_tag":[],"class_list":{"0":"post-731498","1":"product","2":"type-product","3":"status-publish","5":"product_cat-arastirma-inceleme","6":"product_cat-tarih","7":"pa_cilt-ciltsiz","8":"pa_tur-kitap","9":"pa_yayinevi-inkilap-kitabevi","10":"pa_yazar-erol-i-yorulmazoglu","12":"first","13":"instock","14":"sale","15":"shipping-taxable","16":"purchasable","17":"product-type-simple"},"_links":{"self":[{"href":"https:\/\/roveyayinevi.com.tr\/index.php\/wp-json\/wp\/v2\/product\/731498","targetHints":{"allow":["GET"]}}],"collection":[{"href":"https:\/\/roveyayinevi.com.tr\/index.php\/wp-json\/wp\/v2\/product"}],"about":[{"href":"https:\/\/roveyayinevi.com.tr\/index.php\/wp-json\/wp\/v2\/types\/product"}],"wp:attachment":[{"href":"https:\/\/roveyayinevi.com.tr\/index.php\/wp-json\/wp\/v2\/media?parent=731498"}],"wp:term":[{"taxonomy":"product_brand","embeddable":true,"href":"https:\/\/roveyayinevi.com.tr\/index.php\/wp-json\/wp\/v2\/product_brand?post=731498"},{"taxonomy":"product_cat","embeddable":true,"href":"https:\/\/roveyayinevi.com.tr\/index.php\/wp-json\/wp\/v2\/product_cat?post=731498"},{"taxonomy":"product_tag","embeddable":true,"href":"https:\/\/roveyayinevi.com.tr\/index.php\/wp-json\/wp\/v2\/product_tag?post=731498"}],"curies":[{"name":"wp","href":"https:\/\/api.w.org\/{rel}","templated":true}]}}