{"id":731495,"date":"2025-08-27T21:33:04","date_gmt":"2025-08-27T18:33:04","guid":{"rendered":"https:\/\/roveyayinevi.com.tr\/index.php\/urun\/sihirli-misralar-ulkesinde-yolculuk\/"},"modified":"2026-04-16T02:39:11","modified_gmt":"2026-04-15T23:39:11","slug":"sihirli-misralar-ulkesinde-yolculuk","status":"publish","type":"product","link":"https:\/\/roveyayinevi.com.tr\/index.php\/urun\/sihirli-misralar-ulkesinde-yolculuk\/","title":{"rendered":"Sihirli M\u0131sralar \u00dclkesinde Yolculuk"},"content":{"rendered":"<p>Bu kitap neler mi var? Ba\u015fka yerde bulamayaca\u011f\u0131n, Renkli d\u00fc\u015flerde bulu\u015faca\u011f\u0131n, Lezzetli mi lezzetli masallar.   Dize dize olmu\u015flar, Okuman\u0131 bekliyorlar. Haydi \u00f6yleyse se\u00e7 bir tane, Do\u011fru Sihirler M\u0131sralar \u00dclkesi\u2019ne !<\/p>\n","protected":false},"excerpt":{"rendered":"<p>Bu kitap neler mi var? Ba\u015fka yerde bulamayaca\u011f\u0131n, Renkli d\u00fc\u015flerde bulu\u015faca\u011f\u0131n, Lezzetli mi lezzetli masallar. Dize dize olmu\u015flar, Okuman\u0131 bekliyorlar. Haydi \u00f6yleyse se\u00e7 bir tane, Do\u011fru<span class=\"excerpt-hellip\"> [\u2026]<\/span><\/p>\n","protected":false},"featured_media":0,"template":"","meta":{"_monsterinsights_skip_tracking":false,"_monsterinsights_sitenote_active":false,"_monsterinsights_sitenote_note":"","_monsterinsights_sitenote_category":0},"product_brand":[],"product_cat":[12913,12274],"product_tag":[],"class_list":{"0":"post-731495","1":"product","2":"type-product","3":"status-publish","5":"product_cat-3-6-yas-kitaplari","6":"product_cat-cocuk-ve-genclik-kitaplari","7":"pa_cilt-ciltsiz","8":"pa_tur-kitap","9":"pa_yayinevi-egiten-kitap","10":"pa_yazar-ismail-yesil","12":"first","13":"instock","14":"sale","15":"shipping-taxable","16":"purchasable","17":"product-type-simple"},"_links":{"self":[{"href":"https:\/\/roveyayinevi.com.tr\/index.php\/wp-json\/wp\/v2\/product\/731495","targetHints":{"allow":["GET"]}}],"collection":[{"href":"https:\/\/roveyayinevi.com.tr\/index.php\/wp-json\/wp\/v2\/product"}],"about":[{"href":"https:\/\/roveyayinevi.com.tr\/index.php\/wp-json\/wp\/v2\/types\/product"}],"wp:attachment":[{"href":"https:\/\/roveyayinevi.com.tr\/index.php\/wp-json\/wp\/v2\/media?parent=731495"}],"wp:term":[{"taxonomy":"product_brand","embeddable":true,"href":"https:\/\/roveyayinevi.com.tr\/index.php\/wp-json\/wp\/v2\/product_brand?post=731495"},{"taxonomy":"product_cat","embeddable":true,"href":"https:\/\/roveyayinevi.com.tr\/index.php\/wp-json\/wp\/v2\/product_cat?post=731495"},{"taxonomy":"product_tag","embeddable":true,"href":"https:\/\/roveyayinevi.com.tr\/index.php\/wp-json\/wp\/v2\/product_tag?post=731495"}],"curies":[{"name":"wp","href":"https:\/\/api.w.org\/{rel}","templated":true}]}}