{"id":731491,"date":"2025-08-27T21:32:59","date_gmt":"2025-08-27T18:32:59","guid":{"rendered":"https:\/\/roveyayinevi.com.tr\/index.php\/urun\/mary-ve-koca-dunya\/"},"modified":"2026-04-16T02:39:11","modified_gmt":"2026-04-15T23:39:11","slug":"mary-ve-koca-dunya","status":"publish","type":"product","link":"https:\/\/roveyayinevi.com.tr\/index.php\/urun\/mary-ve-koca-dunya\/","title":{"rendered":"Mary Ve Koca D\u00fcnya"},"content":{"rendered":"<p>1950\u2019lerde California\u2019da Pasific Park ad\u0131nda k\u00fc\u00e7\u00fck bir kasabada ya\u015fayan gen\u00e7, g\u00fczel ve mutsuz Mary Anne Reynolds\u2019\u0131n b\u00fcy\u00fcme ve kendini bulma hikayesi. Ailesi ve k\u00fc\u00e7\u00fck kasaban\u0131n dar kafal\u0131l\u0131\u011f\u0131na uyum sa\u011flayamayan Mary Anne kendini bulma yolunda ilerlerken \u00f6nce siyahi bir bar \u015fark\u0131c\u0131s\u0131yla, ard\u0131ndan da ya\u015f\u00e7a b\u00fcy\u00fck gizemli bir plak sat\u0131c\u0131s\u0131yla ili\u015fki kurar. Fakat 1950\u2019lerde \u00f6zg\u00fcr d\u00fc\u015f\u00fcnceli, farkl\u0131 bir gen\u00e7 k\u0131z\u0131n kendi yolunu \u00e7izmesi o kadar da kolay olmayacakt\u0131r.   Philip K. Dick\u2019in 1950\u2019lerin toplumsal hayat\u0131na y\u00f6nelik g\u00f6zlemleri, m\u00fczi\u011fin neredeyse ba\u015fl\u0131 ba\u015f\u0131na bir karakter oldu\u011fu, \u00f6l\u00fcm\u00fcnden sonra bas\u0131lan bu ana ak\u0131m romanda toplan\u0131yor. <\/p>\n","protected":false},"excerpt":{"rendered":"<p>1950\u2019lerde California\u2019da Pasific Park ad\u0131nda k\u00fc\u00e7\u00fck bir kasabada ya\u015fayan gen\u00e7, g\u00fczel ve mutsuz Mary Anne Reynolds\u2019\u0131n b\u00fcy\u00fcme ve kendini bulma hikayesi. Ailesi ve k\u00fc\u00e7\u00fck kasaban\u0131n dar<span class=\"excerpt-hellip\"> [\u2026]<\/span><\/p>\n","protected":false},"featured_media":0,"template":"","meta":{"_monsterinsights_skip_tracking":false,"_monsterinsights_sitenote_active":false,"_monsterinsights_sitenote_note":"","_monsterinsights_sitenote_category":0},"product_brand":[],"product_cat":[12291,12711],"product_tag":[],"class_list":{"0":"post-731491","1":"product","2":"type-product","3":"status-publish","5":"product_cat-edebiyat","6":"product_cat-roman-oyku","7":"pa_cilt-ciltsiz","8":"pa_tur-kitap","9":"pa_yayinevi-alfa-yayinlari","10":"pa_yazar-philip-k-dick","12":"first","13":"instock","14":"sale","15":"shipping-taxable","16":"purchasable","17":"product-type-simple"},"_links":{"self":[{"href":"https:\/\/roveyayinevi.com.tr\/index.php\/wp-json\/wp\/v2\/product\/731491","targetHints":{"allow":["GET"]}}],"collection":[{"href":"https:\/\/roveyayinevi.com.tr\/index.php\/wp-json\/wp\/v2\/product"}],"about":[{"href":"https:\/\/roveyayinevi.com.tr\/index.php\/wp-json\/wp\/v2\/types\/product"}],"wp:attachment":[{"href":"https:\/\/roveyayinevi.com.tr\/index.php\/wp-json\/wp\/v2\/media?parent=731491"}],"wp:term":[{"taxonomy":"product_brand","embeddable":true,"href":"https:\/\/roveyayinevi.com.tr\/index.php\/wp-json\/wp\/v2\/product_brand?post=731491"},{"taxonomy":"product_cat","embeddable":true,"href":"https:\/\/roveyayinevi.com.tr\/index.php\/wp-json\/wp\/v2\/product_cat?post=731491"},{"taxonomy":"product_tag","embeddable":true,"href":"https:\/\/roveyayinevi.com.tr\/index.php\/wp-json\/wp\/v2\/product_tag?post=731491"}],"curies":[{"name":"wp","href":"https:\/\/api.w.org\/{rel}","templated":true}]}}