{"id":731487,"date":"2025-08-27T21:32:55","date_gmt":"2025-08-27T18:32:55","guid":{"rendered":"https:\/\/roveyayinevi.com.tr\/index.php\/urun\/eddynin-sonu\/"},"modified":"2026-04-13T02:47:51","modified_gmt":"2026-04-12T23:47:51","slug":"eddynin-sonu","status":"publish","type":"product","link":"https:\/\/roveyayinevi.com.tr\/index.php\/urun\/eddynin-sonu\/","title":{"rendered":"Eddy&#8217;nin Sonu"},"content":{"rendered":"<p>1990&#8217;lar\u0131n sonunda, Kuzey Fransa&#8217;daki yoksul bir kasabada, i\u015fsizlik, alkolizm, \u0131rk\u00e7\u0131l\u0131k ve homofobiyle i\u00e7 i\u00e7e b\u00fcy\u00fcyen Eddy Bellegueule&#8217;\u00fcn tek istedi\u011fi ailesinin, arkada\u015flar\u0131n\u0131n ve kasabal\u0131lar\u0131n g\u00f6z\u00fcnde bir delikanl\u0131 olmakt\u0131r \u00e7\u00fcnk\u00fc burada o\u011flan \u00e7ocuklar\u0131ndan, kasabadaki ya\u015fam tarz\u0131n\u0131n \u00fcr\u00fcn\u00fc olan bir erkeklik tipine uymalar\u0131 beklenir. Fakat kendini \u00e7ocuklu\u011fundan beri farkl\u0131 hisseden Eddy, her ge\u00e7en g\u00fcn etraf\u0131ndakiler i\u00e7in daha fazla sorun te\u015fkil edecektir.   Yirmiden fazla dile \u00e7evrilen, toplumsal e\u015fitsizlik, cinsellik ve \u015fiddet \u00fczerine tart\u0131\u015fmalara yol a\u00e7an Eddy\u2019nin Sonu dokunakl\u0131, evrensel bir \u00e7ocukluk ve b\u00fcy\u00fcme hik\u00e2yesi. Ayn\u0131 zamanda cinsel uyan\u0131\u015fa ve eril zorbal\u0131\u011fa dair \u00e7arp\u0131c\u0131 bir metin.   \u201cMuazzam bir g\u00fc\u00e7 ve sahicilik y\u00fckl\u00fc.\u201d Annie Ernaux Eddy\u2019nin Sonu sadece dikkate de\u011fer bir etnografi de\u011fil, ayn\u0131 zamanda farkl\u0131l\u0131k ve ergenlik hakk\u0131nda, bir\u00e7o\u011fundan \u00e7ok daha ger\u00e7ek\u00e7i olan b\u00fcy\u00fcleyici bir hik\u00e2ye.\u201d   The New York Times   <\/p>\n","protected":false},"excerpt":{"rendered":"<p>1990&#8217;lar\u0131n sonunda, Kuzey Fransa&#8217;daki yoksul bir kasabada, i\u015fsizlik, alkolizm, \u0131rk\u00e7\u0131l\u0131k ve homofobiyle i\u00e7 i\u00e7e b\u00fcy\u00fcyen Eddy Bellegueule&#8217;\u00fcn tek istedi\u011fi ailesinin, arkada\u015flar\u0131n\u0131n ve kasabal\u0131lar\u0131n g\u00f6z\u00fcnde bir delikanl\u0131<span class=\"excerpt-hellip\"> [\u2026]<\/span><\/p>\n","protected":false},"featured_media":0,"template":"","meta":{"_monsterinsights_skip_tracking":false,"_monsterinsights_sitenote_active":false,"_monsterinsights_sitenote_note":"","_monsterinsights_sitenote_category":0},"product_brand":[],"product_cat":[12291,12711],"product_tag":[],"class_list":{"0":"post-731487","1":"product","2":"type-product","3":"status-publish","5":"product_cat-edebiyat","6":"product_cat-roman-oyku","7":"pa_cilt-ciltsiz","8":"pa_tur-kitap","9":"pa_yayinevi-can-yayinlari","10":"pa_yazar-edouard-louis","12":"first","13":"instock","14":"sale","15":"shipping-taxable","16":"purchasable","17":"product-type-simple"},"_links":{"self":[{"href":"https:\/\/roveyayinevi.com.tr\/index.php\/wp-json\/wp\/v2\/product\/731487","targetHints":{"allow":["GET"]}}],"collection":[{"href":"https:\/\/roveyayinevi.com.tr\/index.php\/wp-json\/wp\/v2\/product"}],"about":[{"href":"https:\/\/roveyayinevi.com.tr\/index.php\/wp-json\/wp\/v2\/types\/product"}],"wp:attachment":[{"href":"https:\/\/roveyayinevi.com.tr\/index.php\/wp-json\/wp\/v2\/media?parent=731487"}],"wp:term":[{"taxonomy":"product_brand","embeddable":true,"href":"https:\/\/roveyayinevi.com.tr\/index.php\/wp-json\/wp\/v2\/product_brand?post=731487"},{"taxonomy":"product_cat","embeddable":true,"href":"https:\/\/roveyayinevi.com.tr\/index.php\/wp-json\/wp\/v2\/product_cat?post=731487"},{"taxonomy":"product_tag","embeddable":true,"href":"https:\/\/roveyayinevi.com.tr\/index.php\/wp-json\/wp\/v2\/product_tag?post=731487"}],"curies":[{"name":"wp","href":"https:\/\/api.w.org\/{rel}","templated":true}]}}